{"id":6,"date":"2015-12-02T08:01:19","date_gmt":"2015-12-02T08:01:19","guid":{"rendered":"http:\/\/medical.omnicom-dev.com\/clinic\/?page_id=6"},"modified":"2025-07-16T13:47:21","modified_gmt":"2025-07-16T12:47:21","slug":"rolunk","status":"publish","type":"page","link":"https:\/\/pharmaroad.hu\/en\/rolunk\/","title":{"rendered":"About Us"},"content":{"rendered":"<p><section id=\"bt_section69eb2ccfa87b3\"  class=\"boldSection btDivider topSemiSpaced bottomSemiSpaced btDarkSkin gutter inherit wBackground cover\" style=\"background-color:#0c7296;background-image:url('https:\/\/i0.wp.com\/pharmaroad.hu\/wp-content\/uploads\/2015\/12\/bgn-grad-1.png?fit=2000%2C1333&ssl=1');\"><div class=\"port\"><div class=\"boldCell\"><div class=\"boldCellInner\"><div class=\"boldRow\" ><div class=\"boldRowInner\"><div class=\"rowItem col-md-4 col-ms-12 btTextRight inherit btNoPadding\"  ><div class=\"rowItemContent\" ><\/div><\/div><div class=\"rowItem col-md-8 col-ms-12 btTextLeft animate animate-fadein animate-moveleft inherit btDoublePadding\"  ><div class=\"rowItemContent\" ><div class=\"btClear btSeparator topExtraSmallSpaced noBorder\" ><hr><\/div><div class=\"btClear btSeparator topExtraSmallSpaced noBorder\" ><hr><\/div><header class=\"header btClear large  btNormalDash\" ><div class=\"btSuperTitle\">Pharmaroad Zrt.<\/div><div class=\"dash\"><h2><span class=\"headline\">About Us<\/span><\/h2><\/div><\/header><\/div><\/div><\/div><\/div><\/div><\/div><\/div><\/section><section id=\"bt_section69eb2ccfa89e4\"  class=\"boldSection topSemiSpaced bottomSpaced gutter inherit\" style=\"background-color:#f1f1f1;\"><div class=\"port\"><div class=\"boldCell\"><div class=\"boldCellInner\"><div class=\"boldRow\" ><div class=\"boldRowInner\"><div class=\"rowItem col-md-4 col-ms-12 btTextLeft animate animate-fadein animate-moveup btTextIndent inherit\" style=\"margin-top: -180px;\" ><div class=\"rowItemContent\" style = \"background-color:#ffffff;\"><div class=\"bpgPhoto btTextCenter\" ><div class=\"btImage\"><img data-recalc-dims=\"1\" decoding=\"async\" src=\"https:\/\/i0.wp.com\/pharmaroad.hu\/wp-content\/uploads\/2020\/03\/Kov%C3%A1cs_P%C3%A9ter.jpg?w=1200&#038;ssl=1\" alt=\"\" title=\"\"><\/div><\/div><div class=\"btIconImageRow btIconsHalfHoverPosition\" ><span class=\"btIco btIcoFilledType btIcoMediumSize btIcoAccentColor  btIcoOutline\" ><a href=\"#\"  target = \"no_target\" data-ico-fa=\"&#xf2c1;\" class=\"btIcoHolder\"><em><\/em><\/a><\/span><\/div><div class=\"btClear btSeparator topSmallSpaced noBorder\" ><hr><\/div><header class=\"header btClear medium  btNormalDash\" ><div class=\"btSuperTitle\">OPERAT\u00cdV VEZ\u00c9RIGAZGAT\u00d3, IGAZGAT\u00d3S\u00c1GI TAG<\/div><div class=\"dash\"><h3><span class=\"headline\">Mr. Peter KOVACS<\/span><\/h3><\/div><\/header><div class=\"btClear btSeparator topSmallSpaced noBorder\" ><hr><\/div><div class=\"btIconImageRow btIconsNormalPosition\" ><span class=\"btIco btIcoDefaultType btIcoSmallSize btIcoDefaultColor\" ><a href=\"tel:+36-1-433-0080\"  target = \"no_target\" data-ico-fa=\"&#xf095;\" class=\"btIcoHolder\"><em><\/em><span class=\"btIcoText\">+36-1-433-0080<\/span><\/a><\/span><\/div><div class=\"btClear btSeparator topExtraSmallSpaced noBorder\" ><hr><\/div><div class=\"btIconImageRow btIconsNormalPosition\" ><span class=\"btIco btIcoDefaultType btIcoSmallSize btIcoDefaultColor\" ><a href=\"mailto:sussie.wolff@medicare.com\"  target = \"no_target\" data-ico-fa=\"&#xf003;\" class=\"btIcoHolder\"><em><\/em><span class=\"btIcoText\">info@pharmaroad.hu<\/span><\/a><\/span><\/div><div class=\"btClear btSeparator topSemiSpaced noBorder\" ><hr><\/div><div class=\"bt_bb_masonry_image_grid bt_bb_grid_container bt_bb_columns_1 bt_bb_gap_small\" data-columns=\"1\"><div class=\"bt_bb_masonry_post_image_content\" data-columns=\"1\"><div class=\"bt_bb_grid_sizer\"><\/div><div class=\"bt_bb_grid_item bt_bb_tile_format11\" data-hw=\"0.6675\" data-src=\"https:\/\/i0.wp.com\/pharmaroad.hu\/wp-content\/uploads\/2020\/03\/PHR10.jpg?fit=1200%2C801&#038;ssl=1\" data-src-full=\"https:\/\/i0.wp.com\/pharmaroad.hu\/wp-content\/uploads\/2020\/03\/PHR10.jpg?fit=1920%2C1282&#038;ssl=1\" data-title=\"PHR10\"><div class=\"bt_bb_grid_item_inner\" data-hw=\"0.6675\" ><div class=\"bt_bb_grid_item_inner_image\"><\/div><div class=\"bt_bb_grid_item_inner_content\"><\/div><\/div><\/div><div class=\"bt_bb_grid_item bt_bb_tile_format11\" data-hw=\"0.6675\" data-src=\"https:\/\/i0.wp.com\/pharmaroad.hu\/wp-content\/uploads\/2020\/03\/PHR7.jpg?fit=1200%2C801&#038;ssl=1\" data-src-full=\"https:\/\/i0.wp.com\/pharmaroad.hu\/wp-content\/uploads\/2020\/03\/PHR7.jpg?fit=1920%2C1282&#038;ssl=1\" data-title=\"PHR7\"><div class=\"bt_bb_grid_item_inner\" data-hw=\"0.6675\" ><div class=\"bt_bb_grid_item_inner_image\"><\/div><div class=\"bt_bb_grid_item_inner_content\"><\/div><\/div><\/div><\/div><\/div><div class=\"btClear btSeparator topSemiSpaced noBorder\" ><hr><\/div><\/div><\/div><div class=\"rowItem col-md-8 col-ms-12 btTextLeft animate animate-fadein inherit btDoublePadding\"  ><div class=\"rowItemContent\" ><div class=\"btClear btSeparator bottomSmallSpaced border\" ><hr><\/div><div class=\"btText\" ><\/p>\n<blockquote>\n<p style=\"text-align: justify;\"><em>&#8230;a PHARMAROAD egy ISO 9001, ISO 14 001, ISO 50 001 \u00e9s BISNODE AAA min\u0151s\u00edt\u00e9ssel rendelkez\u0151, magyar tulajdonban l\u00e9v\u0151, belf\u00f6ldi \u00e9s nemzetk\u00f6zi gy\u00f3gyszer-nagykereskedelmi tev\u00e9kenys\u00e9gre szakosodott szakmai szolg\u00e1ltat\u00f3. A v\u00e1llalat budapesti telephelyeir\u0151l l\u00e1tja el sz\u00e9lesk\u00f6r\u0171 hazai \u00e9s nemzetk\u00f6zi partner\u00e1llom\u00e1ny\u00e1t, mely megk\u00f6zel\u00edt\u0151leg 400 gy\u00f3gyszert\u00e1rb\u00f3l, k\u00f3rh\u00e1zb\u00f3l, vizsg\u00e1lati szponzorb\u00f3l \u00e9s klinikai kutat\u00e1sszervez\u0151b\u0151l (CRO) illetve hazai \u00e9s nemzetk\u00f6zi nagykeresked\u0151kb\u0151l \u00e1ll&#8230;.<\/em><\/p>\n<\/blockquote>\n<p>\n<\/div><div class=\"btClear btSeparator bottomSmallSpaced border\" ><hr><\/div><div class=\"bt_bb_masonry_image_grid bt_bb_grid_container bt_bb_columns_2 bt_bb_gap_small\" data-columns=\"2\"><div class=\"bt_bb_masonry_post_image_content\" data-columns=\"2\"><div class=\"bt_bb_grid_sizer\"><\/div><div class=\"bt_bb_grid_item bt_bb_tile_format11\" data-hw=\"0.6675\" data-src=\"https:\/\/i0.wp.com\/pharmaroad.hu\/wp-content\/uploads\/2020\/03\/PHR11.jpg?fit=1200%2C801&#038;ssl=1\" data-src-full=\"https:\/\/i0.wp.com\/pharmaroad.hu\/wp-content\/uploads\/2020\/03\/PHR11.jpg?fit=1920%2C1282&#038;ssl=1\" data-title=\"PHR11\"><div class=\"bt_bb_grid_item_inner\" data-hw=\"0.6675\" ><div class=\"bt_bb_grid_item_inner_image\"><\/div><div class=\"bt_bb_grid_item_inner_content\"><\/div><\/div><\/div><div class=\"bt_bb_grid_item bt_bb_tile_format11\" data-hw=\"0.6675\" data-src=\"https:\/\/i0.wp.com\/pharmaroad.hu\/wp-content\/uploads\/2020\/03\/PHR9.jpg?fit=1200%2C801&#038;ssl=1\" data-src-full=\"https:\/\/i0.wp.com\/pharmaroad.hu\/wp-content\/uploads\/2020\/03\/PHR9.jpg?fit=1920%2C1282&#038;ssl=1\" data-title=\"PHR9\"><div class=\"bt_bb_grid_item_inner\" data-hw=\"0.6675\" ><div class=\"bt_bb_grid_item_inner_image\"><\/div><div class=\"bt_bb_grid_item_inner_content\"><\/div><\/div><\/div><\/div><\/div><div class=\"btClear btSeparator bottomSmallSpaced border\" ><hr><\/div><div class=\"btText\" ><\/p>\n<p style=\"text-align: justify;\">A PHARMAROAD egy ISO 9001, ISO 14 001, ISO 50 001 \u00e9s BISNODE AAA min\u0151s\u00edt\u00e9ssel rendelkez\u0151, magyar tulajdonban l\u00e9v\u0151, belf\u00f6ldi \u00e9s nemzetk\u00f6zi gy\u00f3gyszer-nagykereskedelmi tev\u00e9kenys\u00e9gre szakosodott v\u00e1llalat. Komplex \u00fczlet\u00e1gi portf\u00f3li\u00f3nk mag\u00e1ban foglalja a hazai gy\u00f3gyszert\u00e1rak \u00e9s eg\u00e9szs\u00e9g\u00fcgyi int\u00e9zm\u00e9nyek sz\u00e9lesk\u00f6r\u0171 term\u00e9kportf\u00f3li\u00f3val t\u00f6rt\u00e9n\u0151 ell\u00e1t\u00e1s\u00e1t, b\u00e9rrakt\u00e1roz\u00f3i \u00e9s logisztikai szolg\u00e1ltat\u00e1sokat, gy\u00f3gyszer k\u00fclkereskedelmi (egyedi- \u00e9s kontingens import) tev\u00e9kenys\u00e9get, nemzetk\u00f6zi klinikai vizsg\u00e1latok kiszolg\u00e1l\u00e1s\u00e1t, nemzetk\u00f6zi term\u00e9kforgalmaz\u00e1st, illetve t\u00f6rzsk\u00f6nyvez\u00e9si \u00e9s egy\u00e9b gy\u00f3gyszeripari tan\u00e1csad\u00e1st.<\/p>\n<p style=\"text-align: justify;\">Given the complexity of its activities, our company is in direct business relations with all the key players of the pharmaceutical sector in Hungary including most of the manufacturers and marketing authorization holders present and active in the local market. Our product portfolio includes a wide selection of a prescription and over-the-counter medicine, nutritional and dietary supplements, medical devices, and diagnostic equipment as well as some anthroposophic medicinal products. Also, our company is licensed to import, export, store, transport and distribute psychotropic and narcotic substances.<\/p>\n<p style=\"text-align: justify;\">Az elm\u00falt \u00e9vtizedben c\u00e9g\u00fcnk a hazai \u00e9s nemzetk\u00f6zi gy\u00f3gyszer-nagykereskedelmi piac egyik kulcsfontoss\u00e1g\u00fa szerepl\u0151j\u00e9v\u00e9 v\u00e1lt.\u00a0 K\u00f6sz\u00f6nhet\u0151 ez a fokozatosan n\u00f6vekv\u0151 kereskedelmi aktivit\u00e1snak (amely 2024-ben meghaladta a 46 milli\u00e1rd forintot), az egyre sz\u00e9lesed\u0151 besz\u00e1ll\u00edt\u00f3i \u00e9s vev\u0151i partnerh\u00e1l\u00f3zatnak, illetve az \u00e9vr\u0151l \u00e9vre b\u0151v\u00fcl\u0151 szolg\u00e1ltat\u00e1si palett\u00e1nak. V\u00e1llalatunk vezet\u0151i akt\u00edv szerepet t\u00f6ltenek be a gy\u00f3gyszer-nagykereskedelem meghat\u00e1roz\u00f3 nemzetk\u00f6zi szervezeteinek munk\u00e1j\u00e1ban \u00e9s koll\u00e9g\u00e1ink rendszeres r\u00e9sztvev\u0151i az eur\u00f3pai gy\u00f3gyszeripar legnagyobb nemzetk\u00f6zi esem\u00e9nyeinek.<\/p>\n<p style=\"text-align: justify;\" class=\"translation-block\">More detailed information about the activities of our different business divisions is available under <a href=\"https:\/\/pharmaroad.hu\/en\/szolgaltatasaink\/\" target=\"_self\"><span style=\"color: #33cccc\"><strong><em>Our Services<\/em><\/strong><\/span><\/a>.<\/p>\n<p>\n<\/div><div class=\"btClear btSeparator topSmallSpaced bottomSmallSpaced border\" ><hr><\/div><\/div><\/div><\/div><\/div><\/div><\/div><\/div><\/section><section id=\"bt_section69eb2ccfaa1a4\"  class=\"boldSection topSemiSpaced bottomSemiSpaced btDarkSkin gutter inherit btAleternateColorBackground\" ><div class=\"port\"><div class=\"boldCell\"><div class=\"boldCellInner\"><div class=\"boldRow\" ><div class=\"boldRowInner\"><div class=\"rowItem col-md-8 col-ms-12 btTextLeft animate animate-fadein animate-moveup btMiddleVertical\"  ><div class=\"rowItemContent\" ><header class=\"header btClear medium  btNormalDash\" ><div class=\"btSuperTitle\">We are constantly looking for talented individuals interested in joining our company<\/div><div class=\"dash\"><h3><span class=\"headline\">Join us<\/span><\/h3><\/div><\/header><\/div><\/div><div class=\"rowItem col-md-4 col-ms-12 btTextRight animate animate-fadein animate-moveup btMiddleVertical\"  ><div class=\"rowItemContent\" ><a href=\"https:\/\/pharmaroad.hu\/en\/karrier\/\" class=\"btBtn btBtn btnOutlineStyle btnLightColor btnSmall btnNormalWidth btnRightPosition btnNoIcon\" ><span class=\"btnInnerText\">Career<\/span><\/a><\/div><\/div><\/div><\/div><\/div><\/div><\/div><\/section><\/p>","protected":false},"excerpt":{"rendered":"","protected":false},"author":2,"featured_media":0,"parent":0,"menu_order":0,"comment_status":"closed","ping_status":"closed","template":"","meta":{"footnotes":""},"class_list":["post-6","page","type-page","status-publish","hentry"],"yoast_head":"<!-- This site is optimized with the Yoast SEO plugin v26.0 - https:\/\/yoast.com\/wordpress\/plugins\/seo\/ -->\n<title>R\u00f3lunk - Pharmaroad<\/title>\n<meta name=\"robots\" content=\"index, follow, max-snippet:-1, max-image-preview:large, max-video-preview:-1\" \/>\n<link rel=\"canonical\" href=\"https:\/\/pharmaroad.hu\/en\/rolunk\/\" \/>\n<meta property=\"og:locale\" content=\"en_GB\" \/>\n<meta property=\"og:type\" content=\"article\" \/>\n<meta property=\"og:title\" content=\"R\u00f3lunk - Pharmaroad\" \/>\n<meta property=\"og:url\" content=\"https:\/\/pharmaroad.hu\/en\/rolunk\/\" \/>\n<meta property=\"og:site_name\" content=\"Pharmaroad\" \/>\n<meta property=\"article:modified_time\" content=\"2025-07-16T12:47:21+00:00\" \/>\n<meta name=\"twitter:card\" content=\"summary_large_image\" \/>\n<meta name=\"twitter:label1\" content=\"Estimated reading time\" \/>\n\t<meta name=\"twitter:data1\" content=\"2 minutes\" \/>\n<script type=\"application\/ld+json\" class=\"yoast-schema-graph\">{\"@context\":\"https:\/\/schema.org\",\"@graph\":[{\"@type\":\"WebPage\",\"@id\":\"https:\/\/pharmaroad.hu\/rolunk\/\",\"url\":\"https:\/\/pharmaroad.hu\/rolunk\/\",\"name\":\"R\u00f3lunk - Pharmaroad\",\"isPartOf\":{\"@id\":\"https:\/\/pharmaroad.hu\/#website\"},\"datePublished\":\"2015-12-02T08:01:19+00:00\",\"dateModified\":\"2025-07-16T12:47:21+00:00\",\"breadcrumb\":{\"@id\":\"https:\/\/pharmaroad.hu\/rolunk\/#breadcrumb\"},\"inLanguage\":\"en-GB\",\"potentialAction\":[{\"@type\":\"ReadAction\",\"target\":[\"https:\/\/pharmaroad.hu\/rolunk\/\"]}]},{\"@type\":\"BreadcrumbList\",\"@id\":\"https:\/\/pharmaroad.hu\/rolunk\/#breadcrumb\",\"itemListElement\":[{\"@type\":\"ListItem\",\"position\":1,\"name\":\"Home\",\"item\":\"https:\/\/pharmaroad.hu\/\"},{\"@type\":\"ListItem\",\"position\":2,\"name\":\"R\u00f3lunk\"}]},{\"@type\":\"WebSite\",\"@id\":\"https:\/\/pharmaroad.hu\/#website\",\"url\":\"https:\/\/pharmaroad.hu\/\",\"name\":\"Pharmaroad\",\"description\":\"\u00dat a gy\u00f3gy\u00edt\u00e1shoz\",\"publisher\":{\"@id\":\"https:\/\/pharmaroad.hu\/#organization\"},\"potentialAction\":[{\"@type\":\"SearchAction\",\"target\":{\"@type\":\"EntryPoint\",\"urlTemplate\":\"https:\/\/pharmaroad.hu\/?s={search_term_string}\"},\"query-input\":{\"@type\":\"PropertyValueSpecification\",\"valueRequired\":true,\"valueName\":\"search_term_string\"}}],\"inLanguage\":\"en-GB\"},{\"@type\":\"Organization\",\"@id\":\"https:\/\/pharmaroad.hu\/#organization\",\"name\":\"Pharmaroad\",\"url\":\"https:\/\/pharmaroad.hu\/\",\"logo\":{\"@type\":\"ImageObject\",\"inLanguage\":\"en-GB\",\"@id\":\"https:\/\/pharmaroad.hu\/#\/schema\/logo\/image\/\",\"url\":\"https:\/\/i0.wp.com\/pharmaroad.hu\/wp-content\/uploads\/2020\/03\/pharmaroadlogo.png?fit=978%2C678&ssl=1\",\"contentUrl\":\"https:\/\/i0.wp.com\/pharmaroad.hu\/wp-content\/uploads\/2020\/03\/pharmaroadlogo.png?fit=978%2C678&ssl=1\",\"width\":978,\"height\":678,\"caption\":\"Pharmaroad\"},\"image\":{\"@id\":\"https:\/\/pharmaroad.hu\/#\/schema\/logo\/image\/\"}}]}<\/script>\n<!-- \/ Yoast SEO plugin. -->","yoast_head_json":{"title":"R\u00f3lunk - Pharmaroad","robots":{"index":"index","follow":"follow","max-snippet":"max-snippet:-1","max-image-preview":"max-image-preview:large","max-video-preview":"max-video-preview:-1"},"canonical":"https:\/\/pharmaroad.hu\/en\/rolunk\/","og_locale":"en_GB","og_type":"article","og_title":"R\u00f3lunk - Pharmaroad","og_url":"https:\/\/pharmaroad.hu\/en\/rolunk\/","og_site_name":"Pharmaroad","article_modified_time":"2025-07-16T12:47:21+00:00","twitter_card":"summary_large_image","twitter_misc":{"Estimated reading time":"2 minutes"},"schema":{"@context":"https:\/\/schema.org","@graph":[{"@type":"WebPage","@id":"https:\/\/pharmaroad.hu\/rolunk\/","url":"https:\/\/pharmaroad.hu\/rolunk\/","name":"R\u00f3lunk - Pharmaroad","isPartOf":{"@id":"https:\/\/pharmaroad.hu\/#website"},"datePublished":"2015-12-02T08:01:19+00:00","dateModified":"2025-07-16T12:47:21+00:00","breadcrumb":{"@id":"https:\/\/pharmaroad.hu\/rolunk\/#breadcrumb"},"inLanguage":"en-GB","potentialAction":[{"@type":"ReadAction","target":["https:\/\/pharmaroad.hu\/rolunk\/"]}]},{"@type":"BreadcrumbList","@id":"https:\/\/pharmaroad.hu\/rolunk\/#breadcrumb","itemListElement":[{"@type":"ListItem","position":1,"name":"Home","item":"https:\/\/pharmaroad.hu\/"},{"@type":"ListItem","position":2,"name":"R\u00f3lunk"}]},{"@type":"WebSite","@id":"https:\/\/pharmaroad.hu\/#website","url":"https:\/\/pharmaroad.hu\/","name":"Pharmaroad","description":"\u00dat a gy\u00f3gy\u00edt\u00e1shoz","publisher":{"@id":"https:\/\/pharmaroad.hu\/#organization"},"potentialAction":[{"@type":"SearchAction","target":{"@type":"EntryPoint","urlTemplate":"https:\/\/pharmaroad.hu\/?s={search_term_string}"},"query-input":{"@type":"PropertyValueSpecification","valueRequired":true,"valueName":"search_term_string"}}],"inLanguage":"en-GB"},{"@type":"Organization","@id":"https:\/\/pharmaroad.hu\/#organization","name":"Pharmaroad","url":"https:\/\/pharmaroad.hu\/","logo":{"@type":"ImageObject","inLanguage":"en-GB","@id":"https:\/\/pharmaroad.hu\/#\/schema\/logo\/image\/","url":"https:\/\/i0.wp.com\/pharmaroad.hu\/wp-content\/uploads\/2020\/03\/pharmaroadlogo.png?fit=978%2C678&ssl=1","contentUrl":"https:\/\/i0.wp.com\/pharmaroad.hu\/wp-content\/uploads\/2020\/03\/pharmaroadlogo.png?fit=978%2C678&ssl=1","width":978,"height":678,"caption":"Pharmaroad"},"image":{"@id":"https:\/\/pharmaroad.hu\/#\/schema\/logo\/image\/"}}]}},"jetpack_sharing_enabled":true,"_links":{"self":[{"href":"https:\/\/pharmaroad.hu\/en\/wp-json\/wp\/v2\/pages\/6","targetHints":{"allow":["GET"]}}],"collection":[{"href":"https:\/\/pharmaroad.hu\/en\/wp-json\/wp\/v2\/pages"}],"about":[{"href":"https:\/\/pharmaroad.hu\/en\/wp-json\/wp\/v2\/types\/page"}],"author":[{"embeddable":true,"href":"https:\/\/pharmaroad.hu\/en\/wp-json\/wp\/v2\/users\/2"}],"replies":[{"embeddable":true,"href":"https:\/\/pharmaroad.hu\/en\/wp-json\/wp\/v2\/comments?post=6"}],"version-history":[{"count":67,"href":"https:\/\/pharmaroad.hu\/en\/wp-json\/wp\/v2\/pages\/6\/revisions"}],"predecessor-version":[{"id":13743,"href":"https:\/\/pharmaroad.hu\/en\/wp-json\/wp\/v2\/pages\/6\/revisions\/13743"}],"wp:attachment":[{"href":"https:\/\/pharmaroad.hu\/en\/wp-json\/wp\/v2\/media?parent=6"}],"curies":[{"name":"wp","href":"https:\/\/api.w.org\/{rel}","templated":true}]}}