{"id":1915,"date":"2020-02-16T15:17:36","date_gmt":"2020-02-16T15:17:36","guid":{"rendered":"https:\/\/phrstaging.pharmaroad.hu\/?page_id=1915"},"modified":"2024-10-31T16:19:03","modified_gmt":"2024-10-31T15:19:03","slug":"beszallitoi-kapcsolatok","status":"publish","type":"page","link":"https:\/\/pharmaroad.hu\/en\/beszallitoi-kapcsolatok\/","title":{"rendered":"Supplier Relations"},"content":{"rendered":"<p><section id=\"bt_section69df4abaef4e9\"  class=\"boldSection btDivider topSemiSpaced bottomSemiSpaced btDarkSkin gutter inherit wBackground cover\" style=\"background-color:#0c7296;background-image:url('https:\/\/i0.wp.com\/pharmaroad.hu\/wp-content\/uploads\/2015\/12\/bgn-grad-1.png?fit=2000%2C1333&ssl=1');\"><div class=\"port\"><div class=\"boldCell\"><div class=\"boldCellInner\"><div class=\"boldRow\" ><div class=\"boldRowInner\"><div class=\"rowItem col-md-4 col-ms-12 btTextRight inherit btNoPadding\"  ><div class=\"rowItemContent\" ><\/div><\/div><div class=\"rowItem col-md-8 col-ms-12 btTextLeft animate animate-fadein animate-moveleft inherit btDoublePadding\"  ><div class=\"rowItemContent\" ><div class=\"btClear btSeparator topExtraSmallSpaced noBorder\" ><hr><\/div><div class=\"btClear btSeparator topExtraSmallSpaced noBorder\" ><hr><\/div><header class=\"header btClear large  btNormalDash\" ><div class=\"btSuperTitle\">Pharmaroad Zrt.<\/div><div class=\"dash\"><h2><span class=\"headline\">Supplier Relations<\/span><\/h2><\/div><\/header><\/div><\/div><\/div><\/div><\/div><\/div><\/div><\/section><section id=\"bt_section69df4abaef6ae\"  class=\"boldSection topSemiSpaced bottomSpaced gutter inherit\" style=\"background-color:#f1f1f1;\"><div class=\"port\"><div class=\"boldCell\"><div class=\"boldCellInner\"><div class=\"boldRow\" ><div class=\"boldRowInner\"><div class=\"rowItem col-md-4 col-ms-12 btTextLeft animate animate-fadein animate-moveup btTextIndent inherit\" style=\"margin-top: -180px;\" ><div class=\"rowItemContent\" style = \"background-color:#ffffff;\"><div class=\"bpgPhoto btTextCenter\" ><div class=\"btImage\"><img data-recalc-dims=\"1\" decoding=\"async\" src=\"https:\/\/i0.wp.com\/pharmaroad.hu\/wp-content\/uploads\/2020\/02\/Person-scaled.jpg?w=1200&#038;ssl=1\" alt=\"\" title=\"\"><\/div><\/div><div class=\"btIconImageRow btIconsHalfHoverPosition\" ><span class=\"btIco btIcoFilledType btIcoMediumSize btIcoAccentColor  btIcoOutline\" ><a href=\"#\"  target = \"no_target\" data-ico-hs=\"&#xe91d;\" class=\"btIcoHolder\"><em><\/em><\/a><\/span><\/div><div class=\"btClear btSeparator topExtraSmallSpaced noBorder\" ><hr><\/div><header class=\"header btClear medium  btNormalDash\" ><div class=\"btSuperTitle\">KERESKEDELMI VEZ\u00c9RIGAZGAT\u00d3, IGAZGAT\u00d3S\u00c1GI TAG<\/div><div class=\"dash\"><h3><span class=\"headline\">Mr. Tibor KOVACS<\/span><\/h3><\/div><\/header><div class=\"btClear btSeparator topExtraSmallSpaced noBorder\" ><hr><\/div><div class=\"btIconImageRow btIconsNormalPosition\" ><span class=\"btIco btIcoDefaultType btIcoSmallSize btIcoDefaultColor\" ><a href=\"tel:+080023367820\"  target = \"no_target\" data-ico-fa=\"&#xf095;\" class=\"btIcoHolder\"><em><\/em><span class=\"btIcoText\">+36-1-433-0080<\/span><\/a><\/span><\/div><div class=\"btClear btSeparator topExtraSmallSpaced noBorder\" ><hr><\/div><div class=\"btIconImageRow btIconsNormalPosition\" ><span class=\"btIco btIcoDefaultType btIcoSmallSize btIcoDefaultColor\" ><a href=\"mailto:sussie.wolff@medicare.com\"  target = \"no_target\" data-ico-fa=\"&#xf003;\" class=\"btIcoHolder\"><em><\/em><span class=\"btIcoText\">info@pharmaroad.hu<\/span><\/a><\/span><\/div><div class=\"btClear btSeparator topSemiSpaced bottomSmallSpaced border\" ><hr><\/div><div class=\"bt_bb_masonry_image_grid bt_bb_grid_container bt_bb_columns_1 bt_bb_gap_normal\" data-columns=\"1\"><div class=\"bt_bb_masonry_post_image_content\" data-columns=\"1\"><div class=\"bt_bb_grid_sizer\"><\/div><div class=\"bt_bb_grid_item bt_bb_tile_format11\" data-hw=\"0.6675\" data-src=\"https:\/\/i0.wp.com\/pharmaroad.hu\/wp-content\/uploads\/2020\/03\/20200227PharmaRoad0046-scaled.jpg?fit=1200%2C801&#038;ssl=1\" data-src-full=\"https:\/\/i0.wp.com\/pharmaroad.hu\/wp-content\/uploads\/2020\/03\/20200227PharmaRoad0046-scaled.jpg?fit=2560%2C1709&#038;ssl=1\" data-title=\"20200227PharmaRoad0046\"><div class=\"bt_bb_grid_item_inner\" data-hw=\"0.6675\" ><div class=\"bt_bb_grid_item_inner_image\"><\/div><div class=\"bt_bb_grid_item_inner_content\"><\/div><\/div><\/div><div class=\"bt_bb_grid_item bt_bb_tile_format11\" data-hw=\"0.6675\" data-src=\"https:\/\/i0.wp.com\/pharmaroad.hu\/wp-content\/uploads\/2020\/03\/20200227PharmaRoad0008-1.png?fit=800%2C534&#038;ssl=1\" data-src-full=\"https:\/\/i0.wp.com\/pharmaroad.hu\/wp-content\/uploads\/2020\/03\/20200227PharmaRoad0008-1.png?fit=800%2C534&#038;ssl=1\" data-title=\"20200227PharmaRoad0008\"><div class=\"bt_bb_grid_item_inner\" data-hw=\"0.6675\" ><div class=\"bt_bb_grid_item_inner_image\"><\/div><div class=\"bt_bb_grid_item_inner_content\"><\/div><\/div><\/div><\/div><\/div><div class=\"btClear btSeparator topSmallSpaced noBorder\" ><hr><\/div><\/div><\/div><div class=\"rowItem col-md-8 col-ms-12 btTextLeft animate animate-fadein inherit btDoublePadding\"  ><div class=\"rowItemContent\" ><div class=\"btClear btSeparator bottomSmallSpaced border\" ><hr><\/div><div class=\"btText\" ><\/p>\n<blockquote>\n<p style=\"text-align: justify;\"><em>\u2026with an ever-expanding portfolio of suppliers, we are striving to continuously improve our services to all our partners, let them be pharmacies, public- or private healthcare institutions, contact research organizations or other wholesalers.  We make conscious efforts to cultivate the widest possible international supplier base to be able to better respond to the constantly occurring shortage situations in Hungary. As a result, we have become one of the best embedded Hungarian logistics and distributions experts in the global sector of pharmaceutical wholesaling\u2026<\/em><\/p>\n<\/blockquote>\n<p>\n<\/div><div class=\"btClear btSeparator bottomSmallSpaced border\" ><hr><\/div><div class=\"bt_bb_masonry_image_grid bt_bb_grid_container bt_bb_columns_2 bt_bb_gap_normal\" data-columns=\"2\"><div class=\"bt_bb_masonry_post_image_content\" data-columns=\"2\"><div class=\"bt_bb_grid_sizer\"><\/div><div class=\"bt_bb_grid_item bt_bb_tile_format11\" data-hw=\"0.6675\" data-src=\"https:\/\/i0.wp.com\/pharmaroad.hu\/wp-content\/uploads\/2020\/03\/20200227PharmaRoad0014-scaled.jpg?fit=1200%2C801&#038;ssl=1\" data-src-full=\"https:\/\/i0.wp.com\/pharmaroad.hu\/wp-content\/uploads\/2020\/03\/20200227PharmaRoad0014-scaled.jpg?fit=2560%2C1709&#038;ssl=1\" data-title=\"20200227PharmaRoad0014\"><div class=\"bt_bb_grid_item_inner\" data-hw=\"0.6675\" ><div class=\"bt_bb_grid_item_inner_image\"><\/div><div class=\"bt_bb_grid_item_inner_content\"><\/div><\/div><\/div><div class=\"bt_bb_grid_item bt_bb_tile_format11\" data-hw=\"0.6675\" data-src=\"https:\/\/i0.wp.com\/pharmaroad.hu\/wp-content\/uploads\/2020\/03\/20200227PharmaRoad0020-scaled.jpg?fit=1200%2C801&#038;ssl=1\" data-src-full=\"https:\/\/i0.wp.com\/pharmaroad.hu\/wp-content\/uploads\/2020\/03\/20200227PharmaRoad0020-scaled.jpg?fit=2560%2C1709&#038;ssl=1\" data-title=\"20200227PharmaRoad0020\"><div class=\"bt_bb_grid_item_inner\" data-hw=\"0.6675\" ><div class=\"bt_bb_grid_item_inner_image\"><\/div><div class=\"bt_bb_grid_item_inner_content\"><\/div><\/div><\/div><\/div><\/div><div class=\"btClear btSeparator bottomSmallSpaced border\" ><hr><\/div><div class=\"btText\" ><\/p>\n<p style=\"text-align: justify;\">A gy\u00f3gyszer-nagykereskedelmi tev\u00e9kenys\u00e9g siker\u00e9nek kulcsa egy min\u00e9l sz\u00e9lesebb besz\u00e1ll\u00edt\u00f3i k\u00f6rrel val\u00f3 kapcsolati h\u00e1l\u00f3 ki\u00e9p\u00edt\u00e9se. A PHARMAROAD\u00a0 a magyarorsz\u00e1gi gy\u00f3gyszert\u00e1ri \u00e9s k\u00f3rh\u00e1zi ell\u00e1t\u00e1shoz sz\u00fcks\u00e9ges term\u00e9kportf\u00f3li\u00f3 gy\u00e1rt\u00f3ival \u00e9s forgalomba hozatali enged\u00e9ly jogosultjainak nagy r\u00e9sz\u00e9vel direkt szerz\u0151d\u00e9ses kapcsolatban \u00e1ll.\u00a0 Ennek k\u00f6sz\u00f6nhet\u0151en, v\u00e1llalatunk &#8211; kapcsolati t\u0151k\u00e9j\u00e9t tekintve &#8211; a hazai gy\u00f3gyszer-nagykereskedelmi piac egyik legjobban be\u00e1gyazott nagykeresked\u0151j\u00e9nek tekinthet\u0151.<\/p>\n<p style=\"text-align: justify;\">C\u00e9g\u00fcnk megk\u00f6zel\u00edt\u0151leg 9000 belist\u00e1zott term\u00e9ke k\u00f6z\u00f6tt megtal\u00e1lhat\u00f3ak a piacon legnagyobb forgalommal b\u00edr\u00f3 v\u00e9nyk\u00f6teles \u00e9s v\u00e9ny n\u00e9lk\u00fcl kaphat\u00f3 gy\u00f3gyszerk\u00e9sz\u00edtm\u00e9nyek, homeop\u00e1ti\u00e1s komplex k\u00e9sz\u00edtm\u00e9nyek, olt\u00f3anyagok, narkotikumok \u00e9s pszichotr\u00f3p k\u00e9sz\u00edtm\u00e9nyek, \u00e9trend-kieg\u00e9sz\u00edt\u0151k, orvostechnikai eszk\u00f6z\u00f6k, k\u00f6tszerek, speci\u00e1lis gy\u00f3gy\u00e1szati c\u00e9lra sz\u00e1nt \u00e9lelmiszerek \u00e9s k\u00f3rh\u00e1zi felhaszn\u00e1l\u00e1s\u00fa k\u00e9sz\u00edtm\u00e9nyek. \u00a0A v\u00e1llalat megk\u00f6zel\u00edt\u0151leg 170 j\u00f3v\u00e1hagyott besz\u00e1ll\u00edt\u00f3j\u00e1nak term\u00e9kei a piac 75-80%-\u00e1t lefedik; ezen partnerek k\u00f6z\u00f6tt megtal\u00e1lhat\u00f3ak a legjelent\u0151sebb innovat\u00edv \u00e9s generikus nemzetk\u00f6zi gy\u00e1rt\u00f3k magyarorsz\u00e1gi k\u00e9pviseletei, valamint a gy\u00f3gyszer-nagykereskedelmi szektor egy\u00e9b r\u00e9sztvev\u0151i is.<\/p>\n<p style=\"text-align: justify;\">V\u00e1llalatunk besz\u00e1ll\u00edt\u00f3i k\u00f6re folyamatosan b\u0151v\u00fcl olyan k\u00fclf\u00f6ldi gy\u00e1rt\u00f3kkal \u00e9s forgalmaz\u00f3kkal is, akik a magyarorsz\u00e1gi piacon val\u00f3 megjelen\u00e9s strat\u00e9gi\u00e1j\u00e1nak r\u00e9szek\u00e9nt a PHARMAROAD-ot v\u00e1lasztj\u00e1k, mint helyi szakismerettel rendelkez\u0151 strat\u00e9giai partner. Ezen fel\u00fcl, a nemzetk\u00f6zi partner\u00e1llom\u00e1ny v\u00e1llalatunk import r\u00e9szleg\u00e9nek munk\u00e1j\u00e1hoz kapcsol\u00f3d\u00f3an is fokozatosan gyarapodik.\u00a0 Az egyedi- \u00e9s kontingens import tev\u00e9kenys\u00e9gre szakosodott r\u00e9szleg\u00fcnk kiemelt figyelmet szentel a besz\u00e1ll\u00edt\u00f3i min\u0151s\u00edt\u00e9s folyamat\u00e1nak; tal\u00e1n ennek is k\u00f6sz\u00f6nhet\u0151, hogy v\u00e1llalatunk a hazai nagykereskedelmi piac legsz\u00e9lesebb \u00e9s legmegb\u00edzhat\u00f3bb nemzetk\u00f6zi partnerh\u00e1l\u00f3zat\u00e1val rendelkez\u0151 r\u00e9sztvev\u0151je.<\/p>\n<p style=\"text-align: justify;\">Besz\u00e1ll\u00edt\u00f3i kapcsolataink soksz\u00edn\u0171s\u00e9g\u00e9nek k\u00f6sz\u00f6nhet\u0151en, v\u00e1llalatunk sz\u00e9lesk\u00f6r\u0171 tapasztalattal rendelkezik gy\u00f3gyszert\u00e1ri \u00e9s k\u00f3rh\u00e1zi kisz\u00e1ll\u00edt\u00e1sok kapcs\u00e1n, vakcin\u00e1k \u00f6nkorm\u00e1nyzati \u00e9rt\u00e9kes\u00edt\u00e9s\u00e9t illet\u0151en, egyedi t\u00e1mogat\u00e1st \u00e9lvez\u0151 k\u00e9sz\u00edtm\u00e9nyek forgalmaz\u00e1s\u00e1hoz kapcsol\u00f3d\u00f3an \u00e9s nemzetk\u00f6zi klinikai gy\u00f3gyszer-vizsg\u00e1latok kiszolg\u00e1l\u00e1s\u00e1ra vonatkoz\u00f3an egyar\u00e1nt.\u00a0 Sokoldal\u00fa tev\u00e9kenys\u00e9gi k\u00f6r\u00e9b\u0151l ad\u00f3d\u00f3an, a PHARMAROAD b\u00e1rmely olyan ter\u00fcleten szakszer\u0171 seg\u00edts\u00e9ggel tud szolg\u00e1lni partnerei sz\u00e1m\u00e1ra, mely term\u00e9keik hazai piacon t\u00f6rt\u00e9n\u0151 forgalmaz\u00e1sa kapcs\u00e1n relev\u00e1ns lehet. Ezen ter\u00fcletek nemcsak a klasszikus logisztikai- (t\u00e1rol\u00e1s, sz\u00e1ll\u00edtm\u00e1nyoz\u00e1s, kiszed\u00e9s, kisz\u00e1ll\u00edt\u00e1s, stb.) vagy min\u0151s\u00e9gbiztos\u00edt\u00e1si szolg\u00e1ltat\u00e1sokat foglalj\u00e1k magukba, hanem kiterjednek sz\u00e1mos t\u00f6rzsk\u00f6nyvez\u00e9ssel, t\u00e1mogat\u00e1si rendszerbe val\u00f3 beker\u00fcl\u00e9ssel \u00e9s egy\u00e9b adminisztrat\u00edv folyamatokkal kapcsolatos k\u00e9rd\u00e9sekre is.<\/p>\n<p>\n<\/div><div class=\"btClear btSeparator topSmallSpaced bottomSmallSpaced border\" ><hr><\/div><\/div><\/div><\/div><\/div><\/div><\/div><\/div><\/section><section id=\"bt_section69df4abaf1079\"  class=\"boldSection topSemiSpaced bottomSemiSpaced btDarkSkin gutter inherit btAleternateColorBackground\" ><div class=\"port\"><div class=\"boldCell\"><div class=\"boldCellInner\"><div class=\"boldRow\" ><div class=\"boldRowInner\"><div class=\"rowItem col-md-8 col-ms-12 btTextLeft animate animate-fadein animate-moveup btMiddleVertical\"  ><div class=\"rowItemContent\" ><header class=\"header btClear medium  btNormalDash\" ><div class=\"btSuperTitle\">We are constantly looking for talented individuals interested in joining our company<\/div><div class=\"dash\"><h3><span class=\"headline\">Join us<\/span><\/h3><\/div><\/header><\/div><\/div><div class=\"rowItem col-md-4 col-ms-12 btTextRight animate animate-fadein animate-moveup btMiddleVertical\"  ><div class=\"rowItemContent\" ><a href=\"https:\/\/pharmaroad.hu\/en\/karrier\/\" class=\"btBtn btBtn btnOutlineStyle btnLightColor btnSmall btnNormalWidth btnRightPosition btnNoIcon\" ><span class=\"btnInnerText\">Career<\/span><\/a><\/div><\/div><\/div><\/div><\/div><\/div><\/div><\/section><\/p>","protected":false},"excerpt":{"rendered":"","protected":false},"author":1,"featured_media":0,"parent":0,"menu_order":0,"comment_status":"closed","ping_status":"closed","template":"","meta":{"footnotes":""},"class_list":["post-1915","page","type-page","status-publish","hentry"],"yoast_head":"<!-- This site is optimized with the Yoast SEO plugin v26.0 - https:\/\/yoast.com\/wordpress\/plugins\/seo\/ -->\n<title>Besz\u00e1ll\u00edt\u00f3i kapcsolatok - Pharmaroad<\/title>\n<meta name=\"description\" content=\"A gy\u00f3gyszer-nagykereskedelmi tev\u00e9kenys\u00e9g siker\u00e9nek kulcsa egy min\u00e9l sz\u00e9lesebb besz\u00e1ll\u00edt\u00f3i k\u00f6rrel val\u00f3 kapcsolati h\u00e1l\u00f3 ki\u00e9p\u00edt\u00e9se. A PHARMAROAD KFT.\" \/>\n<meta name=\"robots\" content=\"index, follow, max-snippet:-1, max-image-preview:large, max-video-preview:-1\" \/>\n<link rel=\"canonical\" href=\"https:\/\/pharmaroad.hu\/en\/beszallitoi-kapcsolatok\/\" \/>\n<meta property=\"og:locale\" content=\"en_GB\" \/>\n<meta property=\"og:type\" content=\"article\" \/>\n<meta property=\"og:title\" content=\"Besz\u00e1ll\u00edt\u00f3i kapcsolatok - Pharmaroad\" \/>\n<meta property=\"og:description\" content=\"A gy\u00f3gyszer-nagykereskedelmi tev\u00e9kenys\u00e9g siker\u00e9nek kulcsa egy min\u00e9l sz\u00e9lesebb besz\u00e1ll\u00edt\u00f3i k\u00f6rrel val\u00f3 kapcsolati h\u00e1l\u00f3 ki\u00e9p\u00edt\u00e9se. A PHARMAROAD KFT.\" \/>\n<meta property=\"og:url\" content=\"https:\/\/pharmaroad.hu\/en\/beszallitoi-kapcsolatok\/\" \/>\n<meta property=\"og:site_name\" content=\"Pharmaroad\" \/>\n<meta property=\"article:modified_time\" content=\"2024-10-31T15:19:03+00:00\" \/>\n<meta name=\"twitter:card\" content=\"summary_large_image\" \/>\n<meta name=\"twitter:label1\" content=\"Estimated reading time\" \/>\n\t<meta name=\"twitter:data1\" content=\"2 minutes\" \/>\n<script type=\"application\/ld+json\" class=\"yoast-schema-graph\">{\"@context\":\"https:\/\/schema.org\",\"@graph\":[{\"@type\":\"WebPage\",\"@id\":\"https:\/\/pharmaroad.hu\/beszallitoi-kapcsolatok\/\",\"url\":\"https:\/\/pharmaroad.hu\/beszallitoi-kapcsolatok\/\",\"name\":\"Besz\u00e1ll\u00edt\u00f3i kapcsolatok - Pharmaroad\",\"isPartOf\":{\"@id\":\"https:\/\/pharmaroad.hu\/#website\"},\"datePublished\":\"2020-02-16T15:17:36+00:00\",\"dateModified\":\"2024-10-31T15:19:03+00:00\",\"description\":\"A gy\u00f3gyszer-nagykereskedelmi tev\u00e9kenys\u00e9g siker\u00e9nek kulcsa egy min\u00e9l sz\u00e9lesebb besz\u00e1ll\u00edt\u00f3i k\u00f6rrel val\u00f3 kapcsolati h\u00e1l\u00f3 ki\u00e9p\u00edt\u00e9se. A PHARMAROAD KFT.\",\"breadcrumb\":{\"@id\":\"https:\/\/pharmaroad.hu\/beszallitoi-kapcsolatok\/#breadcrumb\"},\"inLanguage\":\"en-GB\",\"potentialAction\":[{\"@type\":\"ReadAction\",\"target\":[\"https:\/\/pharmaroad.hu\/beszallitoi-kapcsolatok\/\"]}]},{\"@type\":\"BreadcrumbList\",\"@id\":\"https:\/\/pharmaroad.hu\/beszallitoi-kapcsolatok\/#breadcrumb\",\"itemListElement\":[{\"@type\":\"ListItem\",\"position\":1,\"name\":\"Home\",\"item\":\"https:\/\/pharmaroad.hu\/\"},{\"@type\":\"ListItem\",\"position\":2,\"name\":\"Besz\u00e1ll\u00edt\u00f3i kapcsolatok\"}]},{\"@type\":\"WebSite\",\"@id\":\"https:\/\/pharmaroad.hu\/#website\",\"url\":\"https:\/\/pharmaroad.hu\/\",\"name\":\"Pharmaroad\",\"description\":\"\u00dat a gy\u00f3gy\u00edt\u00e1shoz\",\"publisher\":{\"@id\":\"https:\/\/pharmaroad.hu\/#organization\"},\"potentialAction\":[{\"@type\":\"SearchAction\",\"target\":{\"@type\":\"EntryPoint\",\"urlTemplate\":\"https:\/\/pharmaroad.hu\/?s={search_term_string}\"},\"query-input\":{\"@type\":\"PropertyValueSpecification\",\"valueRequired\":true,\"valueName\":\"search_term_string\"}}],\"inLanguage\":\"en-GB\"},{\"@type\":\"Organization\",\"@id\":\"https:\/\/pharmaroad.hu\/#organization\",\"name\":\"Pharmaroad\",\"url\":\"https:\/\/pharmaroad.hu\/\",\"logo\":{\"@type\":\"ImageObject\",\"inLanguage\":\"en-GB\",\"@id\":\"https:\/\/pharmaroad.hu\/#\/schema\/logo\/image\/\",\"url\":\"https:\/\/i0.wp.com\/pharmaroad.hu\/wp-content\/uploads\/2020\/03\/pharmaroadlogo.png?fit=978%2C678&ssl=1\",\"contentUrl\":\"https:\/\/i0.wp.com\/pharmaroad.hu\/wp-content\/uploads\/2020\/03\/pharmaroadlogo.png?fit=978%2C678&ssl=1\",\"width\":978,\"height\":678,\"caption\":\"Pharmaroad\"},\"image\":{\"@id\":\"https:\/\/pharmaroad.hu\/#\/schema\/logo\/image\/\"}}]}<\/script>\n<!-- \/ Yoast SEO plugin. -->","yoast_head_json":{"title":"Besz\u00e1ll\u00edt\u00f3i kapcsolatok - Pharmaroad","description":"A gy\u00f3gyszer-nagykereskedelmi tev\u00e9kenys\u00e9g siker\u00e9nek kulcsa egy min\u00e9l sz\u00e9lesebb besz\u00e1ll\u00edt\u00f3i k\u00f6rrel val\u00f3 kapcsolati h\u00e1l\u00f3 ki\u00e9p\u00edt\u00e9se. A PHARMAROAD KFT.","robots":{"index":"index","follow":"follow","max-snippet":"max-snippet:-1","max-image-preview":"max-image-preview:large","max-video-preview":"max-video-preview:-1"},"canonical":"https:\/\/pharmaroad.hu\/en\/beszallitoi-kapcsolatok\/","og_locale":"en_GB","og_type":"article","og_title":"Besz\u00e1ll\u00edt\u00f3i kapcsolatok - Pharmaroad","og_description":"A gy\u00f3gyszer-nagykereskedelmi tev\u00e9kenys\u00e9g siker\u00e9nek kulcsa egy min\u00e9l sz\u00e9lesebb besz\u00e1ll\u00edt\u00f3i k\u00f6rrel val\u00f3 kapcsolati h\u00e1l\u00f3 ki\u00e9p\u00edt\u00e9se. A PHARMAROAD KFT.","og_url":"https:\/\/pharmaroad.hu\/en\/beszallitoi-kapcsolatok\/","og_site_name":"Pharmaroad","article_modified_time":"2024-10-31T15:19:03+00:00","twitter_card":"summary_large_image","twitter_misc":{"Estimated reading time":"2 minutes"},"schema":{"@context":"https:\/\/schema.org","@graph":[{"@type":"WebPage","@id":"https:\/\/pharmaroad.hu\/beszallitoi-kapcsolatok\/","url":"https:\/\/pharmaroad.hu\/beszallitoi-kapcsolatok\/","name":"Besz\u00e1ll\u00edt\u00f3i kapcsolatok - Pharmaroad","isPartOf":{"@id":"https:\/\/pharmaroad.hu\/#website"},"datePublished":"2020-02-16T15:17:36+00:00","dateModified":"2024-10-31T15:19:03+00:00","description":"A gy\u00f3gyszer-nagykereskedelmi tev\u00e9kenys\u00e9g siker\u00e9nek kulcsa egy min\u00e9l sz\u00e9lesebb besz\u00e1ll\u00edt\u00f3i k\u00f6rrel val\u00f3 kapcsolati h\u00e1l\u00f3 ki\u00e9p\u00edt\u00e9se. A PHARMAROAD KFT.","breadcrumb":{"@id":"https:\/\/pharmaroad.hu\/beszallitoi-kapcsolatok\/#breadcrumb"},"inLanguage":"en-GB","potentialAction":[{"@type":"ReadAction","target":["https:\/\/pharmaroad.hu\/beszallitoi-kapcsolatok\/"]}]},{"@type":"BreadcrumbList","@id":"https:\/\/pharmaroad.hu\/beszallitoi-kapcsolatok\/#breadcrumb","itemListElement":[{"@type":"ListItem","position":1,"name":"Home","item":"https:\/\/pharmaroad.hu\/"},{"@type":"ListItem","position":2,"name":"Besz\u00e1ll\u00edt\u00f3i kapcsolatok"}]},{"@type":"WebSite","@id":"https:\/\/pharmaroad.hu\/#website","url":"https:\/\/pharmaroad.hu\/","name":"Pharmaroad","description":"\u00dat a gy\u00f3gy\u00edt\u00e1shoz","publisher":{"@id":"https:\/\/pharmaroad.hu\/#organization"},"potentialAction":[{"@type":"SearchAction","target":{"@type":"EntryPoint","urlTemplate":"https:\/\/pharmaroad.hu\/?s={search_term_string}"},"query-input":{"@type":"PropertyValueSpecification","valueRequired":true,"valueName":"search_term_string"}}],"inLanguage":"en-GB"},{"@type":"Organization","@id":"https:\/\/pharmaroad.hu\/#organization","name":"Pharmaroad","url":"https:\/\/pharmaroad.hu\/","logo":{"@type":"ImageObject","inLanguage":"en-GB","@id":"https:\/\/pharmaroad.hu\/#\/schema\/logo\/image\/","url":"https:\/\/i0.wp.com\/pharmaroad.hu\/wp-content\/uploads\/2020\/03\/pharmaroadlogo.png?fit=978%2C678&ssl=1","contentUrl":"https:\/\/i0.wp.com\/pharmaroad.hu\/wp-content\/uploads\/2020\/03\/pharmaroadlogo.png?fit=978%2C678&ssl=1","width":978,"height":678,"caption":"Pharmaroad"},"image":{"@id":"https:\/\/pharmaroad.hu\/#\/schema\/logo\/image\/"}}]}},"jetpack_sharing_enabled":true,"_links":{"self":[{"href":"https:\/\/pharmaroad.hu\/en\/wp-json\/wp\/v2\/pages\/1915","targetHints":{"allow":["GET"]}}],"collection":[{"href":"https:\/\/pharmaroad.hu\/en\/wp-json\/wp\/v2\/pages"}],"about":[{"href":"https:\/\/pharmaroad.hu\/en\/wp-json\/wp\/v2\/types\/page"}],"author":[{"embeddable":true,"href":"https:\/\/pharmaroad.hu\/en\/wp-json\/wp\/v2\/users\/1"}],"replies":[{"embeddable":true,"href":"https:\/\/pharmaroad.hu\/en\/wp-json\/wp\/v2\/comments?post=1915"}],"version-history":[{"count":20,"href":"https:\/\/pharmaroad.hu\/en\/wp-json\/wp\/v2\/pages\/1915\/revisions"}],"predecessor-version":[{"id":13319,"href":"https:\/\/pharmaroad.hu\/en\/wp-json\/wp\/v2\/pages\/1915\/revisions\/13319"}],"wp:attachment":[{"href":"https:\/\/pharmaroad.hu\/en\/wp-json\/wp\/v2\/media?parent=1915"}],"curies":[{"name":"wp","href":"https:\/\/api.w.org\/{rel}","templated":true}]}}