{"id":1887,"date":"2020-02-16T14:32:55","date_gmt":"2020-02-16T14:32:55","guid":{"rendered":"https:\/\/phrstaging.pharmaroad.hu\/?page_id=1887"},"modified":"2024-10-31T12:38:37","modified_gmt":"2024-10-31T11:38:37","slug":"fenykeptar","status":"publish","type":"page","link":"https:\/\/pharmaroad.hu\/en\/fenykeptar\/","title":{"rendered":"Pictures"},"content":{"rendered":"<p><section id=\"bt_section69e4ec01259ba\"  class=\"boldSection btDivider topSemiSpaced bottomSemiSpaced btDarkSkin gutter inherit wBackground cover btAccentColorBackground\" style=\"background-image:url('https:\/\/i0.wp.com\/pharmaroad.hu\/wp-content\/uploads\/2015\/12\/bgn-grad-1.png?fit=2000%2C1333&ssl=1');\"><div class=\"port\"><div class=\"boldCell\"><div class=\"boldCellInner\"><div class=\"boldRow\" ><div class=\"boldRowInner\"><div class=\"rowItem col-md-12 col-ms-12  btTextLeft animate animate-fadein animate-moveleft inherit\"  ><div class=\"rowItemContent\" ><div class=\"btClear btSeparator topExtraSmallSpaced noBorder\" ><hr><\/div><div class=\"btClear btSeparator topExtraSmallSpaced noBorder\" ><hr><\/div><header class=\"header btClear large  btNormalDash\" ><div class=\"btSuperTitle\">Pharmaroad Zrt.<\/div><div class=\"dash\"><h2><span class=\"headline\">Pictures<\/span><\/h2><\/div><\/header><\/div><\/div><\/div><\/div><\/div><\/div><\/div><\/section><section id=\"bt_section69e4ec0125b63\"  class=\"boldSection topSemiSpaced bottomSpaced gutter inherit\" style=\"background-color:#f1f1f1;\"><div class=\"port\"><div class=\"boldCell\"><div class=\"boldCellInner\"><div class=\"boldRow\" ><div class=\"boldRowInner\"><div class=\"rowItem col-md-4 col-ms-12 btTextLeft animate animate-fadein btTextIndent inherit\"  ><div class=\"rowItemContent\" style = \"background-color:#ffffff;\"><div class=\"bpgPhoto btTextCenter\" ><div class=\"btImage\"><img decoding=\"async\" src=\"https:\/\/i0.wp.com\/pharmaroad.hu\/wp-content\/uploads\/2020\/03\/PHR11.jpg?fit=1200%2C801&amp;ssl=1\" alt=\"\" title=\"\"><\/div><\/div><div class=\"btClear btSeparator topSmallSpaced noBorder\" ><hr><\/div><div class=\"btText\" ><\/p>\n<h6 style=\"text-align: justify;\">We provide a complex portfolio of wholesaling services to several manufacturers and marketing authorization holders active in Hungary.  From our Budapest based main facilities (2300 mm and 2800 mm) we excel in providing logistics support to our partners.<\/h6>\n<p>\n<\/div><div class=\"btClear btSeparator topSmallSpaced border\" ><hr><\/div><\/div><\/div><div class=\"rowItem col-md-4 col-ms-12 btTextLeft animate animate-fadein btTextIndent inherit\"  ><div class=\"rowItemContent\" style = \"background-color:#ffffff;\"><div class=\"bpgPhoto btTextCenter\" ><div class=\"btImage\"><img decoding=\"async\" src=\"https:\/\/i0.wp.com\/pharmaroad.hu\/wp-content\/uploads\/2020\/03\/PHR8.jpg?fit=1200%2C801&amp;ssl=1\" alt=\"\" title=\"\"><\/div><\/div><div class=\"btClear btSeparator topSmallSpaced noBorder\" ><hr><\/div><div class=\"btText\" ><\/p>\n<h6 style=\"text-align: justify;\">With an extensive product portfolio of around 9000 products stored, handled, and transported in three temperature ranges and including drugs with psychotropic and narcotic substances, we sell around 12 million units of medicines for human use annually.<\/h6>\n<p>\n<\/div><div class=\"btClear btSeparator topSmallSpaced border\" ><hr><\/div><\/div><\/div><div class=\"rowItem col-md-4 col-ms-12 btTextLeft animate animate-fadein btTextIndent inherit\"  ><div class=\"rowItemContent\" style = \"background-color:#ffffff;\"><div class=\"bpgPhoto btTextCenter\" ><div class=\"btImage\"><img decoding=\"async\" src=\"https:\/\/i0.wp.com\/pharmaroad.hu\/wp-content\/uploads\/2020\/03\/PHR9.jpg?fit=1200%2C801&amp;ssl=1\" alt=\"\" title=\"\"><\/div><\/div><div class=\"btClear btSeparator topSmallSpaced noBorder\" ><hr><\/div><div class=\"btText\" ><\/p>\n<h6 style=\"text-align: justify;\">The processing of all incoming purchase orders - including their administration, picking, revision and packing \u2013 is conducted meticulously by a team of 60 logistics and quality management experts working in two different shifts at our facilities.<\/h6>\n<p>\n<\/div><div class=\"btClear btSeparator topSmallSpaced border\" ><hr><\/div><\/div><\/div><\/div><\/div><div class=\"boldRow\" ><div class=\"boldRowInner\"><div class=\"rowItem col-md-12 col-ms-12  btTextLeft\"  ><div class=\"rowItemContent\" ><div class=\"btClear btSeparator topSmallSpaced bottomSmallSpaced noBorder\" ><hr><\/div><\/div><\/div><\/div><\/div><div class=\"boldRow\" ><div class=\"boldRowInner\"><div class=\"rowItem col-md-4 col-ms-12 btTextLeft animate animate-fadein btTextIndent inherit\"  ><div class=\"rowItemContent\" style = \"background-color:#ffffff;\"><div class=\"bpgPhoto btTextCenter\" ><div class=\"btImage\"><img decoding=\"async\" src=\"https:\/\/i0.wp.com\/pharmaroad.hu\/wp-content\/uploads\/2020\/03\/PHR1.jpg?fit=1200%2C801&amp;ssl=1\" alt=\"\" title=\"\"><\/div><\/div><div class=\"btClear btSeparator topSmallSpaced noBorder\" ><hr><\/div><div class=\"btText\" ><\/p>\n<h6 style=\"text-align: justify;\">Goods to our local customer base including 400 pharmacies, healthcare institutions and other wholesalers are delivered by a fleet of vehicles that meet the highest standards regulatory and industry requirements for the transportation of medicinal products.<\/h6>\n<p>\n<\/div><div class=\"btClear btSeparator topSmallSpaced noBorder\" ><hr><\/div><\/div><\/div><div class=\"rowItem col-md-4 col-ms-12 btTextLeft animate animate-fadein btTextIndent inherit\"  ><div class=\"rowItemContent\" style = \"background-color:#ffffff;\"><div class=\"bpgPhoto btTextCenter\" ><div class=\"btImage\"><img decoding=\"async\" src=\"https:\/\/i0.wp.com\/pharmaroad.hu\/wp-content\/uploads\/2020\/03\/PHR7.jpg?fit=1200%2C801&amp;ssl=1\" alt=\"\" title=\"\"><\/div><\/div><div class=\"btClear btSeparator topSmallSpaced noBorder\" ><hr><\/div><div class=\"btText\" ><\/p>\n<h6 style=\"text-align: justify;\">Our colleagues are widely experienced in all aspects of the pharmaceutical wholesaling processes including the handling of incoming consignments; the picking, packing and delivery of orders, the management of returns and recalls and the destruction of products.<\/h6>\n<p>\n<\/div><div class=\"btClear btSeparator topSmallSpaced noBorder\" ><hr><\/div><\/div><\/div><div class=\"rowItem col-md-4 col-ms-12 btTextLeft animate animate-fadein btTextIndent inherit\"  ><div class=\"rowItemContent\" style = \"background-color:#ffffff;\"><div class=\"bpgPhoto btTextCenter\" ><div class=\"btImage\"><img decoding=\"async\" src=\"https:\/\/i0.wp.com\/pharmaroad.hu\/wp-content\/uploads\/2020\/03\/PHR6.jpg?fit=1200%2C801&amp;ssl=1\" alt=\"\" title=\"\"><\/div><\/div><div class=\"btClear btSeparator topSmallSpaced noBorder\" ><hr><\/div><div class=\"btText\" ><\/p>\n<h6 style=\"text-align: justify;\">We deliver goods to partners all across Hungary; our trucks regularly visit all major cities (Budapest, Gy\u0151r, Szeged, etc.) as well as Pest, Heves, N\u00f3gr\u00e1d, Borsod-Aba\u00faj-Zempl\u00e9n, Kom\u00e1rom-Esztergom, Tolna, Somogy, Baranya, Fej\u00e9r, B\u00e1cs-Kiskun and Hajd\u00fa-Bihar counties.<\/h6>\n<p>\n<\/div><div class=\"btClear btSeparator topSmallSpaced noBorder\" ><hr><\/div><\/div><\/div><\/div><\/div><div class=\"boldRow\" ><div class=\"boldRowInner\"><div class=\"rowItem col-md-12 col-ms-12  btTextLeft\"  ><div class=\"rowItemContent\" ><div class=\"btClear btSeparator topSmallSpaced bottomSmallSpaced noBorder\" ><hr><\/div><\/div><\/div><\/div><\/div><div class=\"boldRow\" ><div class=\"boldRowInner\"><div class=\"rowItem col-md-4 col-ms-12 btTextLeft animate animate-fadein btTextIndent inherit\" style=\"background-color: rgba(255, 255, 255, 1);\" ><div class=\"rowItemContent\" ><div class=\"bpgPhoto btTextCenter\" ><div class=\"btImage\"><img decoding=\"async\" src=\"https:\/\/i0.wp.com\/pharmaroad.hu\/wp-content\/uploads\/2020\/03\/PHR5.jpg?fit=1200%2C801&amp;ssl=1\" alt=\"\" title=\"\"><\/div><\/div><div class=\"btClear btSeparator topSmallSpaced noBorder\" ><hr><\/div><div class=\"btText\" ><\/p>\n<h6 style=\"text-align: justify;\">Systematically investing in the continuous professional and personal development of our colleagues contributes to the fact that we process around 600 individual orders including 50 000 boxes on a daily basis with a margin of error less than 0.01 %.<\/h6>\n<p>\n<\/div><div class=\"btClear btSeparator topSmallSpaced noBorder\" ><hr><\/div><\/div><\/div><div class=\"rowItem col-md-4 col-ms-12 btTextLeft animate animate-fadein btTextIndent inherit\"  ><div class=\"rowItemContent\" style = \"background-color:#ffffff;\"><div class=\"bpgPhoto btTextCenter\" ><div class=\"btImage\"><img decoding=\"async\" src=\"https:\/\/i0.wp.com\/pharmaroad.hu\/wp-content\/uploads\/2020\/03\/20200227PharmaRoad0036-scaled.jpg?fit=1200%2C801&amp;ssl=1\" alt=\"\" title=\"\"><\/div><\/div><div class=\"btClear btSeparator topSmallSpaced noBorder\" ><hr><\/div><div class=\"btText\" ><\/p>\n<h6 style=\"text-align: justify;\">At our main facility in Budapest, we are licensed to store and handle a wide assortment of goods including narcotic and psychotropic drugs (Schedules K1,K2 and P2, P4) as well as goods in three different temperature ranges (2-8 C \/ 8-15 C \/ 15-25 C).<\/h6>\n<p>\n<\/div><div class=\"btClear btSeparator topSmallSpaced noBorder\" ><hr><\/div><\/div><\/div><div class=\"rowItem col-md-4 col-ms-12 btTextLeft animate animate-fadein btTextIndent inherit\"  ><div class=\"rowItemContent\" style = \"background-color:#ffffff;\"><div class=\"bpgPhoto btTextCenter\" ><div class=\"btImage\"><img decoding=\"async\" src=\"https:\/\/i0.wp.com\/pharmaroad.hu\/wp-content\/uploads\/2020\/03\/20200227PharmaRoad0014-scaled.jpg?fit=1200%2C801&amp;ssl=1\" alt=\"\" title=\"\"><\/div><\/div><div class=\"btClear btSeparator topSmallSpaced noBorder\" ><hr><\/div><div class=\"btText\" ><\/p>\n<h6 style=\"text-align: justify;\">As a result of the business development efforts of our Hospital Supply Division, our company has become one of the internationally most embedded pharmaceutical wholesalers in Hungary with a widespread network of suppliers worldwide.<\/h6>\n<p>\n<\/div><div class=\"btClear btSeparator topSmallSpaced noBorder\" ><hr><\/div><\/div><\/div><\/div><\/div><div class=\"boldRow\" ><div class=\"boldRowInner\"><div class=\"rowItem col-md-12 col-ms-12  btTextLeft\"  ><div class=\"rowItemContent\" ><div class=\"btClear btSeparator topSmallSpaced bottomSmallSpaced noBorder\" ><hr><\/div><\/div><\/div><\/div><\/div><div class=\"boldRow\" ><div class=\"boldRowInner\"><div class=\"rowItem col-md-4 col-ms-12 btTextLeft animate animate-fadein btTextIndent inherit\"  ><div class=\"rowItemContent\" style = \"background-color:#ffffff;\"><div class=\"bpgPhoto btTextCenter\" ><div class=\"btImage\"><img decoding=\"async\" src=\"https:\/\/i0.wp.com\/pharmaroad.hu\/wp-content\/uploads\/2020\/03\/20200227PharmaRoad0041-scaled.jpg?fit=1200%2C801&amp;ssl=1\" alt=\"\" title=\"\"><\/div><\/div><div class=\"btClear btSeparator topSmallSpaced noBorder\" ><hr><\/div><div class=\"btText\" ><\/p>\n<h6 style=\"text-align: justify;\">We offer a wide portfolio of services to our existing and potential partners including our assistance in acquiring a wholesale distribution authorization (WDA) in Hungary as well as access to well-established local sales channels to pharmacies, hospitals and other wholesalers.<\/h6>\n<p>\n<\/div><div class=\"btClear btSeparator topSmallSpaced noBorder\" ><hr><\/div><\/div><\/div><div class=\"rowItem col-md-4 col-ms-12 btTextLeft animate animate-fadein btTextIndent inherit\"  ><div class=\"rowItemContent\" style = \"background-color:#ffffff;\"><div class=\"bpgPhoto btTextCenter\" ><div class=\"btImage\"><img decoding=\"async\" src=\"https:\/\/i0.wp.com\/pharmaroad.hu\/wp-content\/uploads\/2020\/03\/20200227PharmaRoad0028-scaled.jpg?fit=1200%2C801&amp;ssl=1\" alt=\"\" title=\"\"><\/div><\/div><div class=\"btClear btSeparator topSmallSpaced noBorder\" ><hr><\/div><div class=\"btText\" ><\/p>\n<h6 style=\"text-align: justify;\">Several commercial partners use our facility as a regional logistics hub, for these companies we provide full scale administrative, inventory and quality management related services with regards to the processing of their import-export consignments.<\/h6>\n<p>\n<\/div><div class=\"btClear btSeparator topSmallSpaced noBorder\" ><hr><\/div><\/div><\/div><div class=\"rowItem col-md-4 col-ms-12 btTextLeft animate animate-fadein btTextIndent inherit\"  ><div class=\"rowItemContent\" style = \"background-color:#ffffff;\"><div class=\"bpgPhoto btTextCenter\" ><div class=\"btImage\"><img decoding=\"async\" src=\"https:\/\/i0.wp.com\/pharmaroad.hu\/wp-content\/uploads\/2020\/03\/20200227PharmaRoad0035-scaled.jpg?fit=1200%2C801&amp;ssl=1\" alt=\"\" title=\"\"><\/div><\/div><div class=\"btClear btSeparator topSmallSpaced noBorder\" ><hr><\/div><div class=\"btText\" ><\/p>\n<h6 style=\"text-align: justify;\">With our licenses to handle psychotropic and narcotic drugs and a physical infrastructure to manage products in three different temperature ranges, we have the capability to handle around 99% of the products registered in Hungary.<\/h6>\n<p>\n<\/div><div class=\"btClear btSeparator topSmallSpaced noBorder\" ><hr><\/div><\/div><\/div><\/div><\/div><div class=\"boldRow\" ><div class=\"boldRowInner\"><div class=\"rowItem col-md-12 col-ms-12  btTextLeft\"  ><div class=\"rowItemContent\" ><div class=\"btClear btSeparator topSmallSpaced bottomSmallSpaced noBorder\" ><hr><\/div><\/div><\/div><\/div><\/div><div class=\"boldRow\" ><div class=\"boldRowInner\"><div class=\"rowItem col-md-4 col-ms-12 btTextLeft animate animate-fadein btTextIndent inherit\"  ><div class=\"rowItemContent\" style = \"background-color:#ffffff;\"><div class=\"bpgPhoto btTextCenter\" ><div class=\"btImage\"><img decoding=\"async\" src=\"https:\/\/i0.wp.com\/pharmaroad.hu\/wp-content\/uploads\/2020\/03\/PHR10.jpg?fit=1200%2C801&amp;ssl=1\" alt=\"\" title=\"\"><\/div><\/div><div class=\"btClear btSeparator topSmallSpaced noBorder\" ><hr><\/div><div class=\"btText\" ><\/p>\n<h6 style=\"text-align: justify;\">Among our 9000 listed products, we offer a broad assortment of prescription and over-the-counter medicines, psychotropic and narcotic drugs, vaccines, medical devices, diagnostic equipment, wound care products and nutritional supplements.<\/h6>\n<p>\n<\/div><div class=\"btClear btSeparator topSmallSpaced noBorder\" ><hr><\/div><\/div><\/div><div class=\"rowItem col-md-4 col-ms-12 btTextLeft animate animate-fadein btTextIndent inherit\"  ><div class=\"rowItemContent\" style = \"background-color:#ffffff;\"><div class=\"bpgPhoto btTextCenter\" ><div class=\"btImage\"><img decoding=\"async\" src=\"https:\/\/i0.wp.com\/pharmaroad.hu\/wp-content\/uploads\/2020\/03\/20200227PharmaRoad0046-scaled.jpg?fit=1200%2C801&amp;ssl=1\" alt=\"\" title=\"\"><\/div><\/div><div class=\"btClear btSeparator topSmallSpaced noBorder\" ><hr><\/div><div class=\"btText\" ><\/p>\n<h6 style=\"text-align: justify;\">The precise operation of our company and a strict adherence to the guidelines on good distribution practice is guaranteed by a team of highly trained quality management experts and a highly sophisticated and tailor-made inventory management system.<\/h6>\n<p>\n<\/div><div class=\"btClear btSeparator topSmallSpaced noBorder\" ><hr><\/div><\/div><\/div><div class=\"rowItem col-md-4 col-ms-12 btTextLeft animate animate-fadein btTextIndent inherit\"  ><div class=\"rowItemContent\" style = \"background-color:#ffffff;\"><div class=\"bpgPhoto btTextCenter\" ><div class=\"btImage\"><img decoding=\"async\" src=\"https:\/\/i0.wp.com\/pharmaroad.hu\/wp-content\/uploads\/2020\/03\/PHR4.jpg?fit=1200%2C801&amp;ssl=1\" alt=\"\" title=\"\"><\/div><\/div><div class=\"btClear btSeparator topSmallSpaced noBorder\" ><hr><\/div><div class=\"btText\" ><\/p>\n<h6 style=\"text-align: justify;\">Our quality management experts are well-versed in the applying guidelines of good distribution (GDP), good manufacturing (GMP) and good clinical (GCP) practices as well as the requirements of several international ISO standards (9001, 14001 and 50001).<\/h6>\n<p>\n<\/div><div class=\"btClear btSeparator topSmallSpaced noBorder\" ><hr><\/div><\/div><\/div><\/div><\/div><div class=\"boldRow\" ><div class=\"boldRowInner\"><div class=\"rowItem col-md-12 col-ms-12  btTextLeft\"  ><div class=\"rowItemContent\" ><div class=\"btClear btSeparator topSmallSpaced bottomSmallSpaced noBorder\" ><hr><\/div><\/div><\/div><\/div><\/div><\/div><\/div><\/div><\/section><section id=\"bt_section69e4ec0129530\"  class=\"boldSection topSemiSpaced bottomSemiSpaced btDarkSkin gutter inherit btAleternateColorBackground\" ><div class=\"port\"><div class=\"boldCell\"><div class=\"boldCellInner\"><div class=\"boldRow\" ><div class=\"boldRowInner\"><div class=\"rowItem col-md-8 col-ms-12 btTextLeft animate animate-fadein animate-moveup btMiddleVertical\"  ><div class=\"rowItemContent\" ><header class=\"header btClear medium  btNormalDash\" ><div class=\"btSuperTitle\">We are constantly looking for talented individuals interested in joining our company<\/div><div class=\"dash\"><h3><span class=\"headline\">Join us<\/span><\/h3><\/div><\/header><\/div><\/div><div class=\"rowItem col-md-4 col-ms-12 btTextRight animate animate-fadein animate-moveup btMiddleVertical\"  ><div class=\"rowItemContent\" ><a href=\"https:\/\/pharmaroad.hu\/en\/karrier\/\" class=\"btBtn btBtn btnOutlineStyle btnLightColor btnSmall btnNormalWidth btnRightPosition btnNoIcon\" ><span class=\"btnInnerText\">Career<\/span><\/a><\/div><\/div><\/div><\/div><\/div><\/div><\/div><\/section><\/p>","protected":false},"excerpt":{"rendered":"","protected":false},"author":1,"featured_media":0,"parent":0,"menu_order":0,"comment_status":"closed","ping_status":"closed","template":"","meta":{"footnotes":""},"class_list":["post-1887","page","type-page","status-publish","hentry"],"yoast_head":"<!-- This site is optimized with the Yoast SEO plugin v26.0 - https:\/\/yoast.com\/wordpress\/plugins\/seo\/ -->\n<title>F\u00e9nyk\u00e9pt\u00e1r - Pharmaroad<\/title>\n<meta name=\"robots\" content=\"index, follow, max-snippet:-1, max-image-preview:large, max-video-preview:-1\" \/>\n<link rel=\"canonical\" href=\"https:\/\/pharmaroad.hu\/en\/fenykeptar\/\" \/>\n<meta property=\"og:locale\" content=\"en_GB\" \/>\n<meta property=\"og:type\" content=\"article\" \/>\n<meta property=\"og:title\" content=\"F\u00e9nyk\u00e9pt\u00e1r - Pharmaroad\" \/>\n<meta property=\"og:url\" content=\"https:\/\/pharmaroad.hu\/en\/fenykeptar\/\" \/>\n<meta property=\"og:site_name\" content=\"Pharmaroad\" \/>\n<meta property=\"article:modified_time\" content=\"2024-10-31T11:38:37+00:00\" \/>\n<meta name=\"twitter:card\" content=\"summary_large_image\" \/>\n<meta name=\"twitter:label1\" content=\"Estimated reading time\" \/>\n\t<meta name=\"twitter:data1\" content=\"6 minutes\" \/>\n<script type=\"application\/ld+json\" class=\"yoast-schema-graph\">{\"@context\":\"https:\/\/schema.org\",\"@graph\":[{\"@type\":\"WebPage\",\"@id\":\"https:\/\/pharmaroad.hu\/fenykeptar\/\",\"url\":\"https:\/\/pharmaroad.hu\/fenykeptar\/\",\"name\":\"F\u00e9nyk\u00e9pt\u00e1r - Pharmaroad\",\"isPartOf\":{\"@id\":\"https:\/\/pharmaroad.hu\/#website\"},\"datePublished\":\"2020-02-16T14:32:55+00:00\",\"dateModified\":\"2024-10-31T11:38:37+00:00\",\"breadcrumb\":{\"@id\":\"https:\/\/pharmaroad.hu\/fenykeptar\/#breadcrumb\"},\"inLanguage\":\"en-GB\",\"potentialAction\":[{\"@type\":\"ReadAction\",\"target\":[\"https:\/\/pharmaroad.hu\/fenykeptar\/\"]}]},{\"@type\":\"BreadcrumbList\",\"@id\":\"https:\/\/pharmaroad.hu\/fenykeptar\/#breadcrumb\",\"itemListElement\":[{\"@type\":\"ListItem\",\"position\":1,\"name\":\"Home\",\"item\":\"https:\/\/pharmaroad.hu\/\"},{\"@type\":\"ListItem\",\"position\":2,\"name\":\"F\u00e9nyk\u00e9pt\u00e1r\"}]},{\"@type\":\"WebSite\",\"@id\":\"https:\/\/pharmaroad.hu\/#website\",\"url\":\"https:\/\/pharmaroad.hu\/\",\"name\":\"Pharmaroad\",\"description\":\"\u00dat a gy\u00f3gy\u00edt\u00e1shoz\",\"publisher\":{\"@id\":\"https:\/\/pharmaroad.hu\/#organization\"},\"potentialAction\":[{\"@type\":\"SearchAction\",\"target\":{\"@type\":\"EntryPoint\",\"urlTemplate\":\"https:\/\/pharmaroad.hu\/?s={search_term_string}\"},\"query-input\":{\"@type\":\"PropertyValueSpecification\",\"valueRequired\":true,\"valueName\":\"search_term_string\"}}],\"inLanguage\":\"en-GB\"},{\"@type\":\"Organization\",\"@id\":\"https:\/\/pharmaroad.hu\/#organization\",\"name\":\"Pharmaroad\",\"url\":\"https:\/\/pharmaroad.hu\/\",\"logo\":{\"@type\":\"ImageObject\",\"inLanguage\":\"en-GB\",\"@id\":\"https:\/\/pharmaroad.hu\/#\/schema\/logo\/image\/\",\"url\":\"https:\/\/i0.wp.com\/pharmaroad.hu\/wp-content\/uploads\/2020\/03\/pharmaroadlogo.png?fit=978%2C678&ssl=1\",\"contentUrl\":\"https:\/\/i0.wp.com\/pharmaroad.hu\/wp-content\/uploads\/2020\/03\/pharmaroadlogo.png?fit=978%2C678&ssl=1\",\"width\":978,\"height\":678,\"caption\":\"Pharmaroad\"},\"image\":{\"@id\":\"https:\/\/pharmaroad.hu\/#\/schema\/logo\/image\/\"}}]}<\/script>\n<!-- \/ Yoast SEO plugin. -->","yoast_head_json":{"title":"F\u00e9nyk\u00e9pt\u00e1r - Pharmaroad","robots":{"index":"index","follow":"follow","max-snippet":"max-snippet:-1","max-image-preview":"max-image-preview:large","max-video-preview":"max-video-preview:-1"},"canonical":"https:\/\/pharmaroad.hu\/en\/fenykeptar\/","og_locale":"en_GB","og_type":"article","og_title":"F\u00e9nyk\u00e9pt\u00e1r - Pharmaroad","og_url":"https:\/\/pharmaroad.hu\/en\/fenykeptar\/","og_site_name":"Pharmaroad","article_modified_time":"2024-10-31T11:38:37+00:00","twitter_card":"summary_large_image","twitter_misc":{"Estimated reading time":"6 minutes"},"schema":{"@context":"https:\/\/schema.org","@graph":[{"@type":"WebPage","@id":"https:\/\/pharmaroad.hu\/fenykeptar\/","url":"https:\/\/pharmaroad.hu\/fenykeptar\/","name":"F\u00e9nyk\u00e9pt\u00e1r - Pharmaroad","isPartOf":{"@id":"https:\/\/pharmaroad.hu\/#website"},"datePublished":"2020-02-16T14:32:55+00:00","dateModified":"2024-10-31T11:38:37+00:00","breadcrumb":{"@id":"https:\/\/pharmaroad.hu\/fenykeptar\/#breadcrumb"},"inLanguage":"en-GB","potentialAction":[{"@type":"ReadAction","target":["https:\/\/pharmaroad.hu\/fenykeptar\/"]}]},{"@type":"BreadcrumbList","@id":"https:\/\/pharmaroad.hu\/fenykeptar\/#breadcrumb","itemListElement":[{"@type":"ListItem","position":1,"name":"Home","item":"https:\/\/pharmaroad.hu\/"},{"@type":"ListItem","position":2,"name":"F\u00e9nyk\u00e9pt\u00e1r"}]},{"@type":"WebSite","@id":"https:\/\/pharmaroad.hu\/#website","url":"https:\/\/pharmaroad.hu\/","name":"Pharmaroad","description":"\u00dat a gy\u00f3gy\u00edt\u00e1shoz","publisher":{"@id":"https:\/\/pharmaroad.hu\/#organization"},"potentialAction":[{"@type":"SearchAction","target":{"@type":"EntryPoint","urlTemplate":"https:\/\/pharmaroad.hu\/?s={search_term_string}"},"query-input":{"@type":"PropertyValueSpecification","valueRequired":true,"valueName":"search_term_string"}}],"inLanguage":"en-GB"},{"@type":"Organization","@id":"https:\/\/pharmaroad.hu\/#organization","name":"Pharmaroad","url":"https:\/\/pharmaroad.hu\/","logo":{"@type":"ImageObject","inLanguage":"en-GB","@id":"https:\/\/pharmaroad.hu\/#\/schema\/logo\/image\/","url":"https:\/\/i0.wp.com\/pharmaroad.hu\/wp-content\/uploads\/2020\/03\/pharmaroadlogo.png?fit=978%2C678&ssl=1","contentUrl":"https:\/\/i0.wp.com\/pharmaroad.hu\/wp-content\/uploads\/2020\/03\/pharmaroadlogo.png?fit=978%2C678&ssl=1","width":978,"height":678,"caption":"Pharmaroad"},"image":{"@id":"https:\/\/pharmaroad.hu\/#\/schema\/logo\/image\/"}}]}},"jetpack_sharing_enabled":true,"_links":{"self":[{"href":"https:\/\/pharmaroad.hu\/en\/wp-json\/wp\/v2\/pages\/1887","targetHints":{"allow":["GET"]}}],"collection":[{"href":"https:\/\/pharmaroad.hu\/en\/wp-json\/wp\/v2\/pages"}],"about":[{"href":"https:\/\/pharmaroad.hu\/en\/wp-json\/wp\/v2\/types\/page"}],"author":[{"embeddable":true,"href":"https:\/\/pharmaroad.hu\/en\/wp-json\/wp\/v2\/users\/1"}],"replies":[{"embeddable":true,"href":"https:\/\/pharmaroad.hu\/en\/wp-json\/wp\/v2\/comments?post=1887"}],"version-history":[{"count":62,"href":"https:\/\/pharmaroad.hu\/en\/wp-json\/wp\/v2\/pages\/1887\/revisions"}],"predecessor-version":[{"id":13277,"href":"https:\/\/pharmaroad.hu\/en\/wp-json\/wp\/v2\/pages\/1887\/revisions\/13277"}],"wp:attachment":[{"href":"https:\/\/pharmaroad.hu\/en\/wp-json\/wp\/v2\/media?parent=1887"}],"curies":[{"name":"wp","href":"https:\/\/api.w.org\/{rel}","templated":true}]}}