{"id":1766,"date":"2020-02-14T08:21:10","date_gmt":"2020-02-14T08:21:10","guid":{"rendered":"https:\/\/phrstaging.pharmaroad.hu\/?page_id=1766"},"modified":"2025-11-11T16:41:25","modified_gmt":"2025-11-11T15:41:25","slug":"minositeseink","status":"publish","type":"page","link":"https:\/\/pharmaroad.hu\/en\/minositeseink\/","title":{"rendered":"Qualifications"},"content":{"rendered":"<p><section id=\"bt_section69e3ce040d455\"  class=\"boldSection btDivider topSemiSpaced bottomSemiSpaced btDarkSkin gutter inherit wBackground cover\" style=\"background-color:#0c7296;background-image:url('https:\/\/i0.wp.com\/pharmaroad.hu\/wp-content\/uploads\/2015\/12\/bgn-grad-1.png?fit=2000%2C1333&ssl=1');\"><div class=\"port\"><div class=\"boldCell\"><div class=\"boldCellInner\"><div class=\"boldRow\" ><div class=\"boldRowInner\"><div class=\"rowItem col-md-4 col-ms-12 btTextRight inherit btNoPadding\"  ><div class=\"rowItemContent\" ><\/div><\/div><div class=\"rowItem col-md-8 col-ms-12 btTextLeft animate animate-fadein animate-moveleft inherit btDoublePadding\"  ><div class=\"rowItemContent\" ><div class=\"btClear btSeparator topExtraSmallSpaced noBorder\" ><hr><\/div><div class=\"btClear btSeparator topExtraSmallSpaced noBorder\" ><hr><\/div><header class=\"header btClear large  btNormalDash\" ><div class=\"btSuperTitle\">Pharmaroad Zrt.<\/div><div class=\"dash\"><h2><span class=\"headline\">Qualifications<\/span><\/h2><\/div><\/header><\/div><\/div><\/div><\/div><\/div><\/div><\/div><\/section><section id=\"bt_section69e3ce040d61c\"  class=\"boldSection topSemiSpaced bottomSpaced gutter inherit\" style=\"background-color:#f1f1f1;\"><div class=\"port\"><div class=\"boldCell\"><div class=\"boldCellInner\"><div class=\"boldRow\" ><div class=\"boldRowInner\"><div class=\"rowItem col-md-4 col-ms-12 btTextLeft animate animate-fadein animate-moveup btTextIndent inherit\" style=\"margin-top: -180px;\" ><div class=\"rowItemContent\" style = \"background-color:#ffffff;\"><div class=\"bpgPhoto btTextCenter\" ><div class=\"btImage\"><img data-recalc-dims=\"1\" decoding=\"async\" src=\"https:\/\/i0.wp.com\/pharmaroad.hu\/wp-content\/uploads\/2020\/03\/Kov%C3%A1cs_P%C3%A9ter.jpg?w=1200&#038;ssl=1\" alt=\"\" title=\"\"><\/div><\/div><div class=\"btIconImageRow btIconsHalfHoverPosition\" ><span class=\"btIco btIcoFilledType btIcoMediumSize btIcoAccentColor  btIcoOutline\" ><a href=\"#\"  target = \"no_target\" data-ico-hs=\"&#xe91d;\" class=\"btIcoHolder\"><em><\/em><\/a><\/span><\/div><div class=\"btClear btSeparator topSmallSpaced noBorder\" ><hr><\/div><header class=\"header btClear medium  btNormalDash\" ><div class=\"btSuperTitle\">OPERAT\u00cdV VEZ\u00c9RIGAZGAT\u00d3, IGAZGAT\u00d3S\u00c1GI TAG<\/div><div class=\"dash\"><h3><span class=\"headline\">Mr. Peter KOVACS<\/span><\/h3><\/div><\/header><div class=\"btClear btSeparator topExtraSmallSpaced noBorder\" ><hr><\/div><div class=\"btIconImageRow btIconsNormalPosition\" ><span class=\"btIco btIcoDefaultType btIcoSmallSize btIcoDefaultColor\" ><a href=\"tel:+36-1-433-0080\"  target = \"no_target\" data-ico-fa=\"&#xf095;\" class=\"btIcoHolder\"><em><\/em><span class=\"btIcoText\">+36-1-433-0080<\/span><\/a><\/span><\/div><div class=\"btClear btSeparator topExtraSmallSpaced noBorder\" ><hr><\/div><div class=\"btIconImageRow btIconsNormalPosition\" ><span class=\"btIco btIcoDefaultType btIcoSmallSize btIcoDefaultColor\" ><a href=\"mailto:info@pharmaroad.hu\"  target = \"no_target\" data-ico-fa=\"&#xf003;\" class=\"btIcoHolder\"><em><\/em><span class=\"btIcoText\">info@pharmaroad.hu<\/span><\/a><\/span><\/div><div class=\"btClear btSeparator topSemiSpaced noBorder\" ><hr><\/div><\/div><\/div><div class=\"rowItem col-md-8 col-ms-12 btTextLeft animate animate-fadein inherit btDoublePadding\"  ><div class=\"rowItemContent\" ><div class=\"btClear btSeparator bottomSmallSpaced border\" ><hr><\/div><div class=\"btText\" ><\/p>\n<blockquote>\n<p style=\"text-align: justify;\"><em>\u2026we are keen on continuously improving our infrastructure as well as business and operational procedures in synchrony with the constantly changing market conditions and the ever-increasing competition in our business sector.  While our commitment to quality, environmental and energy management is reflected by our ISO 9001, ISO 14001 and ISO 50001 certifications, our financial stability is demonstrated by our BISNODE AAA rating \u2026<\/em><\/p>\n<\/blockquote>\n<p>\n<\/div><div class=\"btClear btSeparator bottomSmallSpaced border\" ><hr><\/div><div class=\"btText\" ><\/p>\n<p style=\"text-align: justify;\" class=\"translation-block\">The <a href=\"https:\/\/www.iso.org\/\" target=\"_self\"><strong>ISO 9001:2015<\/strong><\/a> international quality management standard is designed to guarantee the continuous improvement in the business performance of organisations putting an emphasis on ensuring a constantly high level of service performance provided to clients. The ISO 9001:2015 standard focuses on the following eight quality management principles: customer orientation, leadership, employee engagement, process-based operations, optimization pf operational environment, continuous development, fact-based and risk-assessment centred decision making.<\/p>\n<p style=\"text-align: justify;\" class=\"translation-block\">The <a href=\"https:\/\/www.iso.org\/\" target=\"_self\"><strong>ISO 14001:2015<\/strong><\/a> international environmental management standard is designed to guarantee the continuous improvement in the environmental performance of organizations.  The ISO 14001:2015 standard defines how an operation should set up and execute its processes to ensure that its regulatory environmental commitments and self-defined environmental goals are successfully met.  The standard covers general guidelines and policy setting and monitoring tools on how to reduce and organization\u2019s environmental impact<\/p>\n<p style=\"text-align: justify;\" class=\"translation-block\">The <a href=\"https:\/\/www.iso.org\/\" target=\"_self\"><strong>ISO 50001:2018<\/strong><\/a> international energy management standard is designed to guarantee the continuous improvement in the energy utilization of organizations. The ISO 50001:2018 standard embraces areas, such as energy efficiency, energy security and energy consumption.  The objective of the standard is to design, monitor and enforce policies and processes that contribute to the optimization of energy utilization and hence reduce associated costs as well the emission of harmful substances of any type.<\/p>\n<p style=\"text-align: justify;\">A Bisnode nemzetk\u00f6zi c\u00e9gmin\u0151s\u00edt\u0151 minden v\u00e1llalkoz\u00e1s \u00fczleti megb\u00edzhat\u00f3s\u00e1g\u00e1t min\u0151s\u00edti egy folyamatosan visszam\u00e9rt \u00e9s bizony\u00edtott, nemzetk\u00f6zi szak\u00e9rt\u0151k \u00e1ltal kialak\u00edtott rendszer alapj\u00e1n. \u00cdgy ker\u00fclt kiv\u00e1laszt\u00e1sra c\u00e9g\u00fcnk is, mint a Magyarorsz\u00e1gon m\u0171k\u00f6d\u0151 p\u00e9nz\u00fcgyileg legstabilabb c\u00e9gek egyike. V\u00e1llalatunk a <a href=\"https:\/\/pharmaroad.hu\/wp-content\/uploads\/2025\/05\/20250401_PHARMAROAD-Zrt_m.pdf\"><strong>BISNODE AAA Diamond<\/strong><\/a> tan\u00fas\u00edtv\u00e1nnyal rendelkezik &#8211; mely k\u00f6vetelm\u00e9nyeinek Magyarorsz\u00e1gon csup\u00e1n a c\u00e9gek 0,63 %-a felel meg \u2013 ami azt igazolja, hogy vel\u00fcnk az \u00fczleti kapcsolat kialak\u00edt\u00e1s\u00e1nak p\u00e9nz\u00fcgyi kock\u00e1zata rendk\u00edv\u00fcl alacsony.<\/p>\n<p><img data-recalc-dims=\"1\" loading=\"lazy\" decoding=\"async\" class=\"size-medium wp-image-13639 aligncenter\" src=\"https:\/\/i0.wp.com\/pharmaroad.hu\/wp-content\/uploads\/2025\/05\/downloadmeritlogoimage-1-1.jpg?resize=320%2C88&#038;ssl=1\" alt=\"\" width=\"320\" height=\"88\" srcset=\"https:\/\/i0.wp.com\/pharmaroad.hu\/wp-content\/uploads\/2025\/05\/downloadmeritlogoimage-1-1.jpg?resize=320%2C88&amp;ssl=1 320w, https:\/\/i0.wp.com\/pharmaroad.hu\/wp-content\/uploads\/2025\/05\/downloadmeritlogoimage-1-1.jpg?resize=1200%2C331&amp;ssl=1 1200w, https:\/\/i0.wp.com\/pharmaroad.hu\/wp-content\/uploads\/2025\/05\/downloadmeritlogoimage-1-1.jpg?resize=768%2C212&amp;ssl=1 768w, https:\/\/i0.wp.com\/pharmaroad.hu\/wp-content\/uploads\/2025\/05\/downloadmeritlogoimage-1-1.jpg?resize=1536%2C423&amp;ssl=1 1536w, https:\/\/i0.wp.com\/pharmaroad.hu\/wp-content\/uploads\/2025\/05\/downloadmeritlogoimage-1-1.jpg?resize=2048%2C565&amp;ssl=1 2048w, https:\/\/i0.wp.com\/pharmaroad.hu\/wp-content\/uploads\/2025\/05\/downloadmeritlogoimage-1-1.jpg?resize=18%2C5&amp;ssl=1 18w, https:\/\/i0.wp.com\/pharmaroad.hu\/wp-content\/uploads\/2025\/05\/downloadmeritlogoimage-1-1.jpg?resize=540%2C149&amp;ssl=1 540w, https:\/\/i0.wp.com\/pharmaroad.hu\/wp-content\/uploads\/2025\/05\/downloadmeritlogoimage-1-1.jpg?resize=600%2C165&amp;ssl=1 600w\" sizes=\"auto, (max-width: 320px) 100vw, 320px\" \/><\/p>\n<p>&nbsp;<\/p>\n<p><img data-recalc-dims=\"1\" loading=\"lazy\" decoding=\"async\" class=\"size-medium wp-image-13638 alignleft\" src=\"https:\/\/i0.wp.com\/pharmaroad.hu\/wp-content\/uploads\/2025\/05\/downloadmeritlogoimage-3.jpg?resize=320%2C88&#038;ssl=1\" alt=\"\" width=\"320\" height=\"88\" srcset=\"https:\/\/i0.wp.com\/pharmaroad.hu\/wp-content\/uploads\/2025\/05\/downloadmeritlogoimage-3.jpg?resize=320%2C88&amp;ssl=1 320w, https:\/\/i0.wp.com\/pharmaroad.hu\/wp-content\/uploads\/2025\/05\/downloadmeritlogoimage-3.jpg?resize=1200%2C331&amp;ssl=1 1200w, https:\/\/i0.wp.com\/pharmaroad.hu\/wp-content\/uploads\/2025\/05\/downloadmeritlogoimage-3.jpg?resize=768%2C212&amp;ssl=1 768w, https:\/\/i0.wp.com\/pharmaroad.hu\/wp-content\/uploads\/2025\/05\/downloadmeritlogoimage-3.jpg?resize=1536%2C423&amp;ssl=1 1536w, https:\/\/i0.wp.com\/pharmaroad.hu\/wp-content\/uploads\/2025\/05\/downloadmeritlogoimage-3.jpg?resize=2048%2C565&amp;ssl=1 2048w, https:\/\/i0.wp.com\/pharmaroad.hu\/wp-content\/uploads\/2025\/05\/downloadmeritlogoimage-3.jpg?resize=18%2C5&amp;ssl=1 18w, https:\/\/i0.wp.com\/pharmaroad.hu\/wp-content\/uploads\/2025\/05\/downloadmeritlogoimage-3.jpg?resize=540%2C149&amp;ssl=1 540w, https:\/\/i0.wp.com\/pharmaroad.hu\/wp-content\/uploads\/2025\/05\/downloadmeritlogoimage-3.jpg?resize=600%2C165&amp;ssl=1 600w\" sizes=\"auto, (max-width: 320px) 100vw, 320px\" \/> <img data-recalc-dims=\"1\" loading=\"lazy\" decoding=\"async\" class=\"size-medium wp-image-13636 alignright\" src=\"https:\/\/i0.wp.com\/pharmaroad.hu\/wp-content\/uploads\/2025\/05\/downloadmeritlogoimage-5.jpg?resize=320%2C88&#038;ssl=1\" alt=\"\" width=\"320\" height=\"88\" srcset=\"https:\/\/i0.wp.com\/pharmaroad.hu\/wp-content\/uploads\/2025\/05\/downloadmeritlogoimage-5.jpg?resize=320%2C88&amp;ssl=1 320w, https:\/\/i0.wp.com\/pharmaroad.hu\/wp-content\/uploads\/2025\/05\/downloadmeritlogoimage-5.jpg?resize=1200%2C331&amp;ssl=1 1200w, https:\/\/i0.wp.com\/pharmaroad.hu\/wp-content\/uploads\/2025\/05\/downloadmeritlogoimage-5.jpg?resize=768%2C212&amp;ssl=1 768w, https:\/\/i0.wp.com\/pharmaroad.hu\/wp-content\/uploads\/2025\/05\/downloadmeritlogoimage-5.jpg?resize=1536%2C423&amp;ssl=1 1536w, https:\/\/i0.wp.com\/pharmaroad.hu\/wp-content\/uploads\/2025\/05\/downloadmeritlogoimage-5.jpg?resize=2048%2C565&amp;ssl=1 2048w, https:\/\/i0.wp.com\/pharmaroad.hu\/wp-content\/uploads\/2025\/05\/downloadmeritlogoimage-5.jpg?resize=18%2C5&amp;ssl=1 18w, https:\/\/i0.wp.com\/pharmaroad.hu\/wp-content\/uploads\/2025\/05\/downloadmeritlogoimage-5.jpg?resize=540%2C149&amp;ssl=1 540w, https:\/\/i0.wp.com\/pharmaroad.hu\/wp-content\/uploads\/2025\/05\/downloadmeritlogoimage-5.jpg?resize=600%2C165&amp;ssl=1 600w\" sizes=\"auto, (max-width: 320px) 100vw, 320px\" \/><\/p>\n<p>\n<\/div><div class=\"btClear btSeparator topSmallSpaced bottomSmallSpaced border\" ><hr><\/div><div class=\"boldRow boldInnerRow\" ><div class=\"rowItem rowInnerItem col-md-6  btTextLeft\"  ><div class=\"rowItemContent\"><div class=\"btIconImageRow btIconsFullHoverPosition\" ><div class=\"bpgPhoto btTextCenter\" ><div class=\"btImage\"><img data-recalc-dims=\"1\" decoding=\"async\" src=\"https:\/\/i0.wp.com\/pharmaroad.hu\/wp-content\/uploads\/2025\/05\/TR-Testmark_9108633145_EN_CMYK_without-QR-Code.png?w=1200&#038;ssl=1\" alt=\"\" title=\"\"><\/div><\/div><\/div><div class=\"btClear btSeparator topSemiSpaced noBorder\" ><hr><\/div><div class=\"btIconImageRow btIconsFullHoverPosition\" ><div class=\"bpgPhoto btTextCenter\" ><div class=\"btImage\"><img data-recalc-dims=\"1\" decoding=\"async\" src=\"https:\/\/i0.wp.com\/pharmaroad.hu\/wp-content\/uploads\/2025\/11\/Certop_27001-COhun.jpg?w=1200&#038;ssl=1\" alt=\"\" title=\"\"><\/div><\/div><\/div><\/div><\/div><div class=\"rowItem rowInnerItem col-md-6  btTextLeft\"  ><div class=\"rowItemContent\"><div class=\"btText\" ><\/p>\n<p><a href=\"https:\/\/www.dnb.com\/hu-hu\/szolgaltatasok\/tanusitvany.html\" target=\"_blank\" rel=\"noopener\"><img decoding=\"async\" style=\"border: 1px solid #CCCCCC;\" title=\" A Dun &amp; Bradstreet tan\u00fas\u00edtv\u00e1nnyal rendelkez\u0151 c\u00e9gekkel az \u00fczletk\u00f6t\u00e9s kock\u00e1zata alacsony. A min\u0151s\u00edt\u00e9s a 100 \u00e9ves nemzetk\u00f6zi tapasztalattal rendelkez\u0151, t\u00f6bb sz\u00e1z v\u00e1ltoz\u00f3t figyelembe vev\u0151 Dun &amp; Bradstreet min\u0151s\u00edt\u00e9si rendszeren alapul. A tan\u00fas\u00edtv\u00e1ny az aktu\u00e1lis \u00e1llapotot jelzi, \u00e9s naponta friss\u00fcl. \" src=\"https:\/\/certificate.hungary.dnb.com\/getimage?cid=12220183&amp;lang=hu&amp;typ=p&amp;bg=FFFFFF&amp;fg=000000\" alt=\"Dun &amp; Bradstreet tanusitvany\" \/><\/a><\/p>\n<p><a href=\"https:\/\/www.dnb.com\/hu-hu\/szolgaltatasok\/tanusitvany.html\" target=\"_blank\" rel=\"noopener\"><img decoding=\"async\" style=\"border: 1px solid #CCCCCC;\" title=\" The risk of business transactions with companies that possess a Dun &amp; Bradstreet Certificate is low. The rating is based on the Dun &amp; Bradstreet rating system which combines one hundred years of international experience and considers hundreds of variables. The Dun &amp; Bradstreet Certificate indicates the current status of the company which is updated daily. \" src=\"https:\/\/certificate.hungary.dnb.com\/getimage?cid=12220183&amp;lang=en&amp;typ=p&amp;bg=FFFFFF&amp;fg=000000\" alt=\"Dun &amp; Bradstreet tanusitvany\" \/> <\/a> <a href=\"https:\/\/www.dnb.com\/hu-hu\/szolgaltatasok\/tanusitvany.html\" target=\"_blank\" rel=\"noopener\"><img decoding=\"async\" style=\"border: 1px solid #CCCCCC;\" title=\" Die Risikos der Transaktionen reduzieren mehr an denen Unternehmen , die ein Dun &amp; Bradstreet Zertifikat haben. Die Qualifikation gr\u00fcndet ein hundert Jahre internationale Erfahrung, die beobachtet hunderten von Variabeln. Das Zertifikat zeigt den aktuellen Status und wird t\u00e4glich erfrischt. \" src=\"https:\/\/certificate.hungary.dnb.com\/getimage?cid=12220183&amp;lang=de&amp;typ=p&amp;bg=FFFFFF&amp;fg=000000\" alt=\"Dun &amp; Bradstreet tanusitvany\" \/> <\/a><\/p>\n<p>\n<\/div><\/div><\/div><\/div><\/div><\/div><\/div><\/div><\/div><\/div><\/div><\/section><section id=\"bt_section69e3ce040e8ad\"  class=\"boldSection topSemiSpaced bottomSemiSpaced btDarkSkin gutter inherit btAleternateColorBackground\" ><div class=\"port\"><div class=\"boldCell\"><div class=\"boldCellInner\"><div class=\"boldRow\" ><div class=\"boldRowInner\"><div class=\"rowItem col-md-8 col-ms-12 btTextLeft animate animate-fadein animate-moveup btMiddleVertical\"  ><div class=\"rowItemContent\" ><header class=\"header btClear medium  btNormalDash\" ><div class=\"btSuperTitle\">We are constantly looking for talented individuals interested in joining our company<\/div><div class=\"dash\"><h3><span class=\"headline\">Join us<\/span><\/h3><\/div><\/header><\/div><\/div><div class=\"rowItem col-md-4 col-ms-12 btTextRight animate animate-fadein animate-moveup btMiddleVertical\"  ><div class=\"rowItemContent\" ><a href=\"https:\/\/pharmaroad.hu\/en\/karrier\/\" class=\"btBtn btBtn btnOutlineStyle btnLightColor btnSmall btnNormalWidth btnRightPosition btnNoIcon\" ><span class=\"btnInnerText\">Career<\/span><\/a><\/div><\/div><\/div><\/div><\/div><\/div><\/div><\/section><\/p>","protected":false},"excerpt":{"rendered":"","protected":false},"author":1,"featured_media":0,"parent":0,"menu_order":0,"comment_status":"closed","ping_status":"closed","template":"","meta":{"footnotes":""},"class_list":["post-1766","page","type-page","status-publish","hentry"],"yoast_head":"<!-- This site is optimized with the Yoast SEO plugin v26.0 - https:\/\/yoast.com\/wordpress\/plugins\/seo\/ -->\n<title>Min\u0151s\u00edt\u00e9seink - Pharmaroad<\/title>\n<meta name=\"robots\" content=\"index, follow, max-snippet:-1, max-image-preview:large, max-video-preview:-1\" \/>\n<link rel=\"canonical\" href=\"https:\/\/pharmaroad.hu\/en\/minositeseink\/\" \/>\n<meta property=\"og:locale\" content=\"en_GB\" \/>\n<meta property=\"og:type\" content=\"article\" \/>\n<meta property=\"og:title\" content=\"Min\u0151s\u00edt\u00e9seink - Pharmaroad\" \/>\n<meta property=\"og:url\" content=\"https:\/\/pharmaroad.hu\/en\/minositeseink\/\" \/>\n<meta property=\"og:site_name\" content=\"Pharmaroad\" \/>\n<meta property=\"article:modified_time\" content=\"2025-11-11T15:41:25+00:00\" \/>\n<meta property=\"og:image\" content=\"https:\/\/pharmaroad.hu\/wp-content\/uploads\/2025\/05\/downloadmeritlogoimage-1-1-320x88.jpg\" \/>\n<meta name=\"twitter:card\" content=\"summary_large_image\" \/>\n<meta name=\"twitter:label1\" content=\"Estimated reading time\" \/>\n\t<meta name=\"twitter:data1\" content=\"3 minutes\" \/>\n<script type=\"application\/ld+json\" class=\"yoast-schema-graph\">{\"@context\":\"https:\/\/schema.org\",\"@graph\":[{\"@type\":\"WebPage\",\"@id\":\"https:\/\/pharmaroad.hu\/minositeseink\/\",\"url\":\"https:\/\/pharmaroad.hu\/minositeseink\/\",\"name\":\"Min\u0151s\u00edt\u00e9seink - Pharmaroad\",\"isPartOf\":{\"@id\":\"https:\/\/pharmaroad.hu\/#website\"},\"primaryImageOfPage\":{\"@id\":\"https:\/\/pharmaroad.hu\/minositeseink\/#primaryimage\"},\"image\":{\"@id\":\"https:\/\/pharmaroad.hu\/minositeseink\/#primaryimage\"},\"thumbnailUrl\":\"https:\/\/pharmaroad.hu\/wp-content\/uploads\/2025\/05\/downloadmeritlogoimage-1-1-320x88.jpg\",\"datePublished\":\"2020-02-14T08:21:10+00:00\",\"dateModified\":\"2025-11-11T15:41:25+00:00\",\"breadcrumb\":{\"@id\":\"https:\/\/pharmaroad.hu\/minositeseink\/#breadcrumb\"},\"inLanguage\":\"en-GB\",\"potentialAction\":[{\"@type\":\"ReadAction\",\"target\":[\"https:\/\/pharmaroad.hu\/minositeseink\/\"]}]},{\"@type\":\"ImageObject\",\"inLanguage\":\"en-GB\",\"@id\":\"https:\/\/pharmaroad.hu\/minositeseink\/#primaryimage\",\"url\":\"https:\/\/pharmaroad.hu\/wp-content\/uploads\/2025\/05\/downloadmeritlogoimage-1-1-320x88.jpg\",\"contentUrl\":\"https:\/\/pharmaroad.hu\/wp-content\/uploads\/2025\/05\/downloadmeritlogoimage-1-1-320x88.jpg\"},{\"@type\":\"BreadcrumbList\",\"@id\":\"https:\/\/pharmaroad.hu\/minositeseink\/#breadcrumb\",\"itemListElement\":[{\"@type\":\"ListItem\",\"position\":1,\"name\":\"Home\",\"item\":\"https:\/\/pharmaroad.hu\/\"},{\"@type\":\"ListItem\",\"position\":2,\"name\":\"Min\u0151s\u00edt\u00e9seink\"}]},{\"@type\":\"WebSite\",\"@id\":\"https:\/\/pharmaroad.hu\/#website\",\"url\":\"https:\/\/pharmaroad.hu\/\",\"name\":\"Pharmaroad\",\"description\":\"\u00dat a gy\u00f3gy\u00edt\u00e1shoz\",\"publisher\":{\"@id\":\"https:\/\/pharmaroad.hu\/#organization\"},\"potentialAction\":[{\"@type\":\"SearchAction\",\"target\":{\"@type\":\"EntryPoint\",\"urlTemplate\":\"https:\/\/pharmaroad.hu\/?s={search_term_string}\"},\"query-input\":{\"@type\":\"PropertyValueSpecification\",\"valueRequired\":true,\"valueName\":\"search_term_string\"}}],\"inLanguage\":\"en-GB\"},{\"@type\":\"Organization\",\"@id\":\"https:\/\/pharmaroad.hu\/#organization\",\"name\":\"Pharmaroad\",\"url\":\"https:\/\/pharmaroad.hu\/\",\"logo\":{\"@type\":\"ImageObject\",\"inLanguage\":\"en-GB\",\"@id\":\"https:\/\/pharmaroad.hu\/#\/schema\/logo\/image\/\",\"url\":\"https:\/\/i0.wp.com\/pharmaroad.hu\/wp-content\/uploads\/2020\/03\/pharmaroadlogo.png?fit=978%2C678&ssl=1\",\"contentUrl\":\"https:\/\/i0.wp.com\/pharmaroad.hu\/wp-content\/uploads\/2020\/03\/pharmaroadlogo.png?fit=978%2C678&ssl=1\",\"width\":978,\"height\":678,\"caption\":\"Pharmaroad\"},\"image\":{\"@id\":\"https:\/\/pharmaroad.hu\/#\/schema\/logo\/image\/\"}}]}<\/script>\n<!-- \/ Yoast SEO plugin. -->","yoast_head_json":{"title":"Min\u0151s\u00edt\u00e9seink - Pharmaroad","robots":{"index":"index","follow":"follow","max-snippet":"max-snippet:-1","max-image-preview":"max-image-preview:large","max-video-preview":"max-video-preview:-1"},"canonical":"https:\/\/pharmaroad.hu\/en\/minositeseink\/","og_locale":"en_GB","og_type":"article","og_title":"Min\u0151s\u00edt\u00e9seink - Pharmaroad","og_url":"https:\/\/pharmaroad.hu\/en\/minositeseink\/","og_site_name":"Pharmaroad","article_modified_time":"2025-11-11T15:41:25+00:00","og_image":[{"url":"https:\/\/pharmaroad.hu\/wp-content\/uploads\/2025\/05\/downloadmeritlogoimage-1-1-320x88.jpg","type":"","width":"","height":""}],"twitter_card":"summary_large_image","twitter_misc":{"Estimated reading time":"3 minutes"},"schema":{"@context":"https:\/\/schema.org","@graph":[{"@type":"WebPage","@id":"https:\/\/pharmaroad.hu\/minositeseink\/","url":"https:\/\/pharmaroad.hu\/minositeseink\/","name":"Min\u0151s\u00edt\u00e9seink - Pharmaroad","isPartOf":{"@id":"https:\/\/pharmaroad.hu\/#website"},"primaryImageOfPage":{"@id":"https:\/\/pharmaroad.hu\/minositeseink\/#primaryimage"},"image":{"@id":"https:\/\/pharmaroad.hu\/minositeseink\/#primaryimage"},"thumbnailUrl":"https:\/\/pharmaroad.hu\/wp-content\/uploads\/2025\/05\/downloadmeritlogoimage-1-1-320x88.jpg","datePublished":"2020-02-14T08:21:10+00:00","dateModified":"2025-11-11T15:41:25+00:00","breadcrumb":{"@id":"https:\/\/pharmaroad.hu\/minositeseink\/#breadcrumb"},"inLanguage":"en-GB","potentialAction":[{"@type":"ReadAction","target":["https:\/\/pharmaroad.hu\/minositeseink\/"]}]},{"@type":"ImageObject","inLanguage":"en-GB","@id":"https:\/\/pharmaroad.hu\/minositeseink\/#primaryimage","url":"https:\/\/pharmaroad.hu\/wp-content\/uploads\/2025\/05\/downloadmeritlogoimage-1-1-320x88.jpg","contentUrl":"https:\/\/pharmaroad.hu\/wp-content\/uploads\/2025\/05\/downloadmeritlogoimage-1-1-320x88.jpg"},{"@type":"BreadcrumbList","@id":"https:\/\/pharmaroad.hu\/minositeseink\/#breadcrumb","itemListElement":[{"@type":"ListItem","position":1,"name":"Home","item":"https:\/\/pharmaroad.hu\/"},{"@type":"ListItem","position":2,"name":"Min\u0151s\u00edt\u00e9seink"}]},{"@type":"WebSite","@id":"https:\/\/pharmaroad.hu\/#website","url":"https:\/\/pharmaroad.hu\/","name":"Pharmaroad","description":"\u00dat a gy\u00f3gy\u00edt\u00e1shoz","publisher":{"@id":"https:\/\/pharmaroad.hu\/#organization"},"potentialAction":[{"@type":"SearchAction","target":{"@type":"EntryPoint","urlTemplate":"https:\/\/pharmaroad.hu\/?s={search_term_string}"},"query-input":{"@type":"PropertyValueSpecification","valueRequired":true,"valueName":"search_term_string"}}],"inLanguage":"en-GB"},{"@type":"Organization","@id":"https:\/\/pharmaroad.hu\/#organization","name":"Pharmaroad","url":"https:\/\/pharmaroad.hu\/","logo":{"@type":"ImageObject","inLanguage":"en-GB","@id":"https:\/\/pharmaroad.hu\/#\/schema\/logo\/image\/","url":"https:\/\/i0.wp.com\/pharmaroad.hu\/wp-content\/uploads\/2020\/03\/pharmaroadlogo.png?fit=978%2C678&ssl=1","contentUrl":"https:\/\/i0.wp.com\/pharmaroad.hu\/wp-content\/uploads\/2020\/03\/pharmaroadlogo.png?fit=978%2C678&ssl=1","width":978,"height":678,"caption":"Pharmaroad"},"image":{"@id":"https:\/\/pharmaroad.hu\/#\/schema\/logo\/image\/"}}]}},"jetpack_sharing_enabled":true,"_links":{"self":[{"href":"https:\/\/pharmaroad.hu\/en\/wp-json\/wp\/v2\/pages\/1766","targetHints":{"allow":["GET"]}}],"collection":[{"href":"https:\/\/pharmaroad.hu\/en\/wp-json\/wp\/v2\/pages"}],"about":[{"href":"https:\/\/pharmaroad.hu\/en\/wp-json\/wp\/v2\/types\/page"}],"author":[{"embeddable":true,"href":"https:\/\/pharmaroad.hu\/en\/wp-json\/wp\/v2\/users\/1"}],"replies":[{"embeddable":true,"href":"https:\/\/pharmaroad.hu\/en\/wp-json\/wp\/v2\/comments?post=1766"}],"version-history":[{"count":45,"href":"https:\/\/pharmaroad.hu\/en\/wp-json\/wp\/v2\/pages\/1766\/revisions"}],"predecessor-version":[{"id":13812,"href":"https:\/\/pharmaroad.hu\/en\/wp-json\/wp\/v2\/pages\/1766\/revisions\/13812"}],"wp:attachment":[{"href":"https:\/\/pharmaroad.hu\/en\/wp-json\/wp\/v2\/media?parent=1766"}],"curies":[{"name":"wp","href":"https:\/\/api.w.org\/{rel}","templated":true}]}}