{"id":1659,"date":"2020-02-12T11:46:55","date_gmt":"2020-02-12T11:46:55","guid":{"rendered":"https:\/\/phrstaging.pharmaroad.hu\/?page_id=1659"},"modified":"2024-10-31T16:13:35","modified_gmt":"2024-10-31T15:13:35","slug":"karrier","status":"publish","type":"page","link":"https:\/\/pharmaroad.hu\/en\/karrier\/","title":{"rendered":"Career"},"content":{"rendered":"<p><section id=\"bt_section69df4cd51aef8\"  class=\"boldSection btDivider topSemiSpaced bottomSemiSpaced btDarkSkin gutter inherit wBackground cover\" style=\"background-color:#0c7296;background-image:url('https:\/\/i0.wp.com\/pharmaroad.hu\/wp-content\/uploads\/2015\/12\/bgn-grad-1.png?fit=2000%2C1333&ssl=1');\"><div class=\"port\"><div class=\"boldCell\"><div class=\"boldCellInner\"><div class=\"boldRow\" ><div class=\"boldRowInner\"><div class=\"rowItem col-md-4 col-ms-12 btTextRight inherit btNoPadding\"  ><div class=\"rowItemContent\" ><\/div><\/div><div class=\"rowItem col-md-8 col-ms-12 btTextLeft animate animate-fadein animate-moveleft inherit btDoublePadding\"  ><div class=\"rowItemContent\" ><div class=\"btClear btSeparator topExtraSmallSpaced noBorder\" ><hr><\/div><div class=\"btClear btSeparator topExtraSmallSpaced noBorder\" ><hr><\/div><header class=\"header btClear large  btNormalDash\" ><div class=\"btSuperTitle\">Pharmaroad Zrt. <\/div><div class=\"dash\"><h2><span class=\"headline\">Career<\/span><\/h2><\/div><\/header><\/div><\/div><\/div><\/div><\/div><\/div><\/div><\/section><section id=\"bt_section69df4cd51b0e0\"  class=\"boldSection topSemiSpaced bottomSpaced gutter inherit\" style=\"background-color:#f1f1f1;\"><div class=\"port\"><div class=\"boldCell\"><div class=\"boldCellInner\"><div class=\"boldRow\" ><div class=\"boldRowInner\"><div class=\"rowItem col-md-4 col-ms-12 btTextLeft animate animate-fadein animate-moveup btTextIndent inherit\" style=\"margin-top: -180px;\" ><div class=\"rowItemContent\" style = \"background-color:#ffffff;\"><div class=\"bpgPhoto btTextCenter\" ><div class=\"btImage\"><img data-recalc-dims=\"1\" decoding=\"async\" src=\"https:\/\/i0.wp.com\/pharmaroad.hu\/wp-content\/uploads\/2022\/05\/DSC_2830_retus-scaled.jpg?w=1200&#038;ssl=1\" alt=\"\" title=\"\"><\/div><\/div><div class=\"btIconImageRow btIconsHalfHoverPosition\" ><span class=\"btIco btIcoFilledType btIcoMediumSize btIcoAccentColor  btIcoOutline\" ><a href=\"#\"  target = \"no_target\" data-ico-fa=\"&#xf2a0;\" class=\"btIcoHolder\"><em><\/em><\/a><\/span><\/div><div class=\"btClear btSeparator topExtraSmallSpaced noBorder\" ><hr><\/div><header class=\"header btClear medium  btNormalDash\" ><div class=\"btSuperTitle\">GAZDAS\u00c1GI VEZET\u0150<\/div><div class=\"dash\"><h3><span class=\"headline\">Mrs. Bernadett TODOR<\/span><\/h3><\/div><\/header><div class=\"btClear btSeparator topExtraSmallSpaced noBorder\" ><hr><\/div><div class=\"btIconImageRow btIconsNormalPosition\" ><span class=\"btIco btIcoDefaultType btIcoSmallSize btIcoDefaultColor\" ><a href=\"tel:+36-1-433-0080\"  target = \"no_target\" data-ico-fa=\"&#xf095;\" class=\"btIcoHolder\"><em><\/em><span class=\"btIcoText\">+36-1-433-0080<\/span><\/a><\/span><\/div><div class=\"btClear btSeparator topExtraSmallSpaced noBorder\" ><hr><\/div><div class=\"btIconImageRow btIconsNormalPosition\" ><span class=\"btIco btIcoDefaultType btIcoSmallSize btIcoDefaultColor\" ><a href=\"mailto:sussie.wolff@medicare.com\"  target = \"no_target\" data-ico-fa=\"&#xf003;\" class=\"btIcoHolder\"><em><\/em><span class=\"btIcoText\">hr@pharmaroad.hu<\/span><\/a><\/span><\/div><div class=\"btClear btSeparator topSemiSpaced bottomSmallSpaced border\" ><hr><\/div><div class=\"bt_bb_masonry_image_grid bt_bb_grid_container bt_bb_columns_1 bt_bb_gap_normal\" data-columns=\"1\"><div class=\"bt_bb_masonry_post_image_content\" data-columns=\"1\"><div class=\"bt_bb_grid_sizer\"><\/div><div class=\"bt_bb_grid_item bt_bb_tile_format11\" data-hw=\"0.75166666666667\" data-src=\"https:\/\/i0.wp.com\/pharmaroad.hu\/wp-content\/uploads\/2020\/03\/karrier_01-scaled.jpg?fit=1200%2C902&#038;ssl=1\" data-src-full=\"https:\/\/i0.wp.com\/pharmaroad.hu\/wp-content\/uploads\/2020\/03\/karrier_01-scaled.jpg?fit=2560%2C1923&#038;ssl=1\" data-title=\"Mikul\u00e1s 2019\"><div class=\"bt_bb_grid_item_inner\" data-hw=\"0.75166666666667\" ><div class=\"bt_bb_grid_item_inner_image\"><\/div><div class=\"bt_bb_grid_item_inner_content\"><\/div><\/div><\/div><div class=\"bt_bb_grid_item bt_bb_tile_format11\" data-hw=\"0.75\" data-src=\"https:\/\/i0.wp.com\/pharmaroad.hu\/wp-content\/uploads\/2020\/03\/mikul%C3%A1s_2018-scaled.jpg?fit=1200%2C900&#038;ssl=1\" data-src-full=\"https:\/\/i0.wp.com\/pharmaroad.hu\/wp-content\/uploads\/2020\/03\/mikul%C3%A1s_2018-scaled.jpg?fit=2560%2C1920&#038;ssl=1\" data-title=\"Mikul\u00e1s 2018\"><div class=\"bt_bb_grid_item_inner\" data-hw=\"0.75\" ><div class=\"bt_bb_grid_item_inner_image\"><\/div><div class=\"bt_bb_grid_item_inner_content\"><\/div><\/div><\/div><div class=\"bt_bb_grid_item bt_bb_tile_format11\" data-hw=\"0.87333333333333\" data-src=\"https:\/\/i0.wp.com\/pharmaroad.hu\/wp-content\/uploads\/2020\/09\/Fagyi-scaled.jpg?fit=1200%2C1048&#038;ssl=1\" data-src-full=\"https:\/\/i0.wp.com\/pharmaroad.hu\/wp-content\/uploads\/2020\/09\/Fagyi-scaled.jpg?fit=2560%2C2236&#038;ssl=1\" data-title=\"Fagyi\"><div class=\"bt_bb_grid_item_inner\" data-hw=\"0.87333333333333\" ><div class=\"bt_bb_grid_item_inner_image\"><\/div><div class=\"bt_bb_grid_item_inner_content\"><\/div><\/div><\/div><\/div><\/div><div class=\"btClear btSeparator topSmallSpaced noBorder\" ><hr><\/div><\/div><\/div><div class=\"rowItem col-md-8 col-ms-12 btTextLeft animate animate-fadein inherit btDoublePadding\"  ><div class=\"rowItemContent\" ><div class=\"btClear btSeparator bottomSmallSpaced border\" ><hr><\/div><div class=\"btText\" ><\/p>\n<blockquote>\n<p style=\"text-align: justify;\" class=\"translation-block\">\u2026being fierce advocates of people-focused leadership, we are fully committed to providing our employees with the most pleasant and ergonomic work environment as well as highly competitive renumeration schemes. We strongly believe in the importance of continuously creating personal and professional development opportunities for our colleagues as well as in the power of building a cohesive community at our company. We leave no stone unturned to ensure that working for our company is not only about complex tasks, professional challenges, or tight deadlines but also about <strong>personally satisfying social experiences <\/strong> as well \u2026<\/p>\n<\/blockquote>\n<p>\n<\/div><div class=\"btClear btSeparator bottomSmallSpaced border\" ><hr><\/div><div class=\"bt_bb_masonry_image_grid bt_bb_grid_container bt_bb_columns_2 bt_bb_gap_normal\" data-columns=\"2\"><div class=\"bt_bb_masonry_post_image_content\" data-columns=\"2\"><div class=\"bt_bb_grid_sizer\"><\/div><div class=\"bt_bb_grid_item bt_bb_tile_format11\" data-hw=\"0.75\" data-src=\"https:\/\/i0.wp.com\/pharmaroad.hu\/wp-content\/uploads\/2020\/02\/news7.png?fit=1200%2C900&#038;ssl=1\" data-src-full=\"https:\/\/i0.wp.com\/pharmaroad.hu\/wp-content\/uploads\/2020\/02\/news7.png?fit=1200%2C900&#038;ssl=1\" data-title=\"Csapatk\u00e9p\"><div class=\"bt_bb_grid_item_inner\" data-hw=\"0.75\" ><div class=\"bt_bb_grid_item_inner_image\"><\/div><div class=\"bt_bb_grid_item_inner_content\"><\/div><\/div><\/div><div class=\"bt_bb_grid_item bt_bb_tile_format11\" data-hw=\"0.75\" data-src=\"https:\/\/i0.wp.com\/pharmaroad.hu\/wp-content\/uploads\/2020\/03\/news6.png?fit=1200%2C900&#038;ssl=1\" data-src-full=\"https:\/\/i0.wp.com\/pharmaroad.hu\/wp-content\/uploads\/2020\/03\/news6.png?fit=1200%2C900&#038;ssl=1\" data-title=\"Pharmaroad \u00c9lm\u00e9nyp\u00e1lya\"><div class=\"bt_bb_grid_item_inner\" data-hw=\"0.75\" ><div class=\"bt_bb_grid_item_inner_image\"><\/div><div class=\"bt_bb_grid_item_inner_content\"><\/div><\/div><\/div><\/div><\/div><div class=\"btClear btSeparator topSmallSpaced bottomSmallSpaced border\" ><hr><\/div><div class=\"btText\" ><\/p>\n<p style=\"text-align: justify;\">Mag\u00e1ntulajdonban l\u00e9v\u0151 v\u00e1llalatk\u00e9nt, a PHARMAROAD tulajdonosai \u00e9s vezet\u00e9se sz\u00e1m\u00e1ra kiemelt fontoss\u00e1ggal b\u00edr az emberi er\u0151forr\u00e1s gazd\u00e1lkod\u00e1s ter\u00fclete. V\u00e1llalatunk nagy hangs\u00falyt fektet arra, hogy a k\u00f6zel 90 f\u0151s munkav\u00e1llal\u00f3i \u00e1llom\u00e1ny\u00e1nak a mindenkori munkaer\u0151piaci k\u00f6r\u00fclm\u00e9nyeket figyelembe v\u00e9ve versenyk\u00e9pes alapb\u00e9rez\u00e9si felt\u00e9teleket \u00e9s \u00e1tl\u00e1that\u00f3 \u00f6szt\u00f6nz\u0151rendszert ny\u00fajtson.\u00a0 Ezen fel\u00fcl igyeksz\u00fcnk koll\u00e9g\u00e1ink sz\u00e1m\u00e1ra juttat\u00e1si csomagjainkat sz\u00e1mos egy\u00e9b elemmel m\u00e9g vonz\u00f3bb\u00e1 tenni, mint p\u00e9ld\u00e1ul eg\u00e9szs\u00e9gbiztos\u00edt\u00e1si szolg\u00e1ltat\u00e1sok, nyelvoktat\u00e1s, rekre\u00e1ci\u00f3s juttat\u00e1sok vagy egy\u00e9b jutalmak.<\/p>\n<p style=\"text-align: justify;\">Besides intending to create highly attractive remuneration schemes, we also strive to ensure that our colleagues regularly participate at a wide array of professional conferences, seminars and training events and can exploit a variety of personal and professional development opportunities. Believing in the principle to life-long learning, we encourage and support our employees to take part in training programs designed to endow them with transferable business skills in general and concrete knowledge pertaining to their specific work areas in particular. Taking into consideration our own organizational structure, we make a conscious effort to assist our colleagues in advance career planning both within and outside the realm of our company.<\/p>\n<p style=\"text-align: justify;\">A workplace that provides overall personal satisfaction is not only characterized by promising financial incentives and continuous development opportunities but also by a cohesive collegial community. Hence, social and charity events where our associates can get to know each other better and make lasting memories together play a key role in the life of our company. In that spirit, over the last couple of years our colleagues have participated in numerous team-building exercises; they have conquered the running trails around Lake Balaton as participants of the UltraBalaton running series, painted characters of the Jungle Book on the walls of medical waiting rooms within the CartoonWall Painting Project of the Nevetnik\u00e9k Foundation and also built an outdoor facility for alpaca therapy at the Bar\u00e1thegyi Manor.<\/p>\n<p style=\"text-align: justify;\">V\u00e1llalatunk konstans n\u00f6veked\u00e9s\u00e9b\u0151l ad\u00f3d\u00f3an toborz\u00e1si kamp\u00e1nyaink folyamatosan zajlanak.<\/p>\n<ul>\n<li><a href=\"https:\/\/pharmaroad.hu\/wp-content\/uploads\/2022\/11\/Allashirdetes_gyogyszertari-ertekesitesi-asszisztens.pdf\">Gy\u00f3gyszert\u00e1ri (\u00e9rt\u00e9kes\u00edt\u00e9si) asszisztens<\/a><\/li>\n<\/ul>\n<p style=\"text-align: justify;\" class=\"translation-block\">Should you be interested in joining our company \u2013 even if there are no open positions right now that would best fit your qualifications \u2013 please do send your resume and motivation letter to the following email address: <span style=\"color: #33cccc\"> <a style=\"color: #33cccc\" href=\"mailto:hr@pharmaroad.hu\" target=\"_self\">hr@pharmaroad.hu<\/a><\/span><\/p>\n<p>\n<\/div><div class=\"btClear btSeparator topSmallSpaced border\" ><hr><\/div><\/div><\/div><\/div><\/div><\/div><\/div><\/div><\/section><\/p>","protected":false},"excerpt":{"rendered":"","protected":false},"author":1,"featured_media":0,"parent":0,"menu_order":0,"comment_status":"closed","ping_status":"closed","template":"","meta":{"footnotes":""},"class_list":["post-1659","page","type-page","status-publish","hentry"],"yoast_head":"<!-- This site is optimized with the Yoast SEO plugin v26.0 - https:\/\/yoast.com\/wordpress\/plugins\/seo\/ -->\n<title>Karrier - Pharmaroad<\/title>\n<meta name=\"robots\" content=\"index, follow, max-snippet:-1, max-image-preview:large, max-video-preview:-1\" \/>\n<link rel=\"canonical\" href=\"https:\/\/pharmaroad.hu\/en\/karrier\/\" \/>\n<meta property=\"og:locale\" content=\"en_GB\" \/>\n<meta property=\"og:type\" content=\"article\" \/>\n<meta property=\"og:title\" content=\"Karrier - Pharmaroad\" \/>\n<meta property=\"og:url\" content=\"https:\/\/pharmaroad.hu\/en\/karrier\/\" \/>\n<meta property=\"og:site_name\" content=\"Pharmaroad\" \/>\n<meta property=\"article:modified_time\" content=\"2024-10-31T15:13:35+00:00\" \/>\n<meta name=\"twitter:card\" content=\"summary_large_image\" \/>\n<meta name=\"twitter:label1\" content=\"Estimated reading time\" \/>\n\t<meta name=\"twitter:data1\" content=\"2 minutes\" \/>\n<script type=\"application\/ld+json\" class=\"yoast-schema-graph\">{\"@context\":\"https:\/\/schema.org\",\"@graph\":[{\"@type\":\"WebPage\",\"@id\":\"https:\/\/pharmaroad.hu\/karrier\/\",\"url\":\"https:\/\/pharmaroad.hu\/karrier\/\",\"name\":\"Karrier - Pharmaroad\",\"isPartOf\":{\"@id\":\"https:\/\/pharmaroad.hu\/#website\"},\"datePublished\":\"2020-02-12T11:46:55+00:00\",\"dateModified\":\"2024-10-31T15:13:35+00:00\",\"breadcrumb\":{\"@id\":\"https:\/\/pharmaroad.hu\/karrier\/#breadcrumb\"},\"inLanguage\":\"en-GB\",\"potentialAction\":[{\"@type\":\"ReadAction\",\"target\":[\"https:\/\/pharmaroad.hu\/karrier\/\"]}]},{\"@type\":\"BreadcrumbList\",\"@id\":\"https:\/\/pharmaroad.hu\/karrier\/#breadcrumb\",\"itemListElement\":[{\"@type\":\"ListItem\",\"position\":1,\"name\":\"Home\",\"item\":\"https:\/\/pharmaroad.hu\/\"},{\"@type\":\"ListItem\",\"position\":2,\"name\":\"Karrier\"}]},{\"@type\":\"WebSite\",\"@id\":\"https:\/\/pharmaroad.hu\/#website\",\"url\":\"https:\/\/pharmaroad.hu\/\",\"name\":\"Pharmaroad\",\"description\":\"\u00dat a gy\u00f3gy\u00edt\u00e1shoz\",\"publisher\":{\"@id\":\"https:\/\/pharmaroad.hu\/#organization\"},\"potentialAction\":[{\"@type\":\"SearchAction\",\"target\":{\"@type\":\"EntryPoint\",\"urlTemplate\":\"https:\/\/pharmaroad.hu\/?s={search_term_string}\"},\"query-input\":{\"@type\":\"PropertyValueSpecification\",\"valueRequired\":true,\"valueName\":\"search_term_string\"}}],\"inLanguage\":\"en-GB\"},{\"@type\":\"Organization\",\"@id\":\"https:\/\/pharmaroad.hu\/#organization\",\"name\":\"Pharmaroad\",\"url\":\"https:\/\/pharmaroad.hu\/\",\"logo\":{\"@type\":\"ImageObject\",\"inLanguage\":\"en-GB\",\"@id\":\"https:\/\/pharmaroad.hu\/#\/schema\/logo\/image\/\",\"url\":\"https:\/\/i0.wp.com\/pharmaroad.hu\/wp-content\/uploads\/2020\/03\/pharmaroadlogo.png?fit=978%2C678&ssl=1\",\"contentUrl\":\"https:\/\/i0.wp.com\/pharmaroad.hu\/wp-content\/uploads\/2020\/03\/pharmaroadlogo.png?fit=978%2C678&ssl=1\",\"width\":978,\"height\":678,\"caption\":\"Pharmaroad\"},\"image\":{\"@id\":\"https:\/\/pharmaroad.hu\/#\/schema\/logo\/image\/\"}}]}<\/script>\n<!-- \/ Yoast SEO plugin. -->","yoast_head_json":{"title":"Karrier - Pharmaroad","robots":{"index":"index","follow":"follow","max-snippet":"max-snippet:-1","max-image-preview":"max-image-preview:large","max-video-preview":"max-video-preview:-1"},"canonical":"https:\/\/pharmaroad.hu\/en\/karrier\/","og_locale":"en_GB","og_type":"article","og_title":"Karrier - Pharmaroad","og_url":"https:\/\/pharmaroad.hu\/en\/karrier\/","og_site_name":"Pharmaroad","article_modified_time":"2024-10-31T15:13:35+00:00","twitter_card":"summary_large_image","twitter_misc":{"Estimated reading time":"2 minutes"},"schema":{"@context":"https:\/\/schema.org","@graph":[{"@type":"WebPage","@id":"https:\/\/pharmaroad.hu\/karrier\/","url":"https:\/\/pharmaroad.hu\/karrier\/","name":"Karrier - Pharmaroad","isPartOf":{"@id":"https:\/\/pharmaroad.hu\/#website"},"datePublished":"2020-02-12T11:46:55+00:00","dateModified":"2024-10-31T15:13:35+00:00","breadcrumb":{"@id":"https:\/\/pharmaroad.hu\/karrier\/#breadcrumb"},"inLanguage":"en-GB","potentialAction":[{"@type":"ReadAction","target":["https:\/\/pharmaroad.hu\/karrier\/"]}]},{"@type":"BreadcrumbList","@id":"https:\/\/pharmaroad.hu\/karrier\/#breadcrumb","itemListElement":[{"@type":"ListItem","position":1,"name":"Home","item":"https:\/\/pharmaroad.hu\/"},{"@type":"ListItem","position":2,"name":"Karrier"}]},{"@type":"WebSite","@id":"https:\/\/pharmaroad.hu\/#website","url":"https:\/\/pharmaroad.hu\/","name":"Pharmaroad","description":"\u00dat a gy\u00f3gy\u00edt\u00e1shoz","publisher":{"@id":"https:\/\/pharmaroad.hu\/#organization"},"potentialAction":[{"@type":"SearchAction","target":{"@type":"EntryPoint","urlTemplate":"https:\/\/pharmaroad.hu\/?s={search_term_string}"},"query-input":{"@type":"PropertyValueSpecification","valueRequired":true,"valueName":"search_term_string"}}],"inLanguage":"en-GB"},{"@type":"Organization","@id":"https:\/\/pharmaroad.hu\/#organization","name":"Pharmaroad","url":"https:\/\/pharmaroad.hu\/","logo":{"@type":"ImageObject","inLanguage":"en-GB","@id":"https:\/\/pharmaroad.hu\/#\/schema\/logo\/image\/","url":"https:\/\/i0.wp.com\/pharmaroad.hu\/wp-content\/uploads\/2020\/03\/pharmaroadlogo.png?fit=978%2C678&ssl=1","contentUrl":"https:\/\/i0.wp.com\/pharmaroad.hu\/wp-content\/uploads\/2020\/03\/pharmaroadlogo.png?fit=978%2C678&ssl=1","width":978,"height":678,"caption":"Pharmaroad"},"image":{"@id":"https:\/\/pharmaroad.hu\/#\/schema\/logo\/image\/"}}]}},"jetpack_sharing_enabled":true,"_links":{"self":[{"href":"https:\/\/pharmaroad.hu\/en\/wp-json\/wp\/v2\/pages\/1659","targetHints":{"allow":["GET"]}}],"collection":[{"href":"https:\/\/pharmaroad.hu\/en\/wp-json\/wp\/v2\/pages"}],"about":[{"href":"https:\/\/pharmaroad.hu\/en\/wp-json\/wp\/v2\/types\/page"}],"author":[{"embeddable":true,"href":"https:\/\/pharmaroad.hu\/en\/wp-json\/wp\/v2\/users\/1"}],"replies":[{"embeddable":true,"href":"https:\/\/pharmaroad.hu\/en\/wp-json\/wp\/v2\/comments?post=1659"}],"version-history":[{"count":57,"href":"https:\/\/pharmaroad.hu\/en\/wp-json\/wp\/v2\/pages\/1659\/revisions"}],"predecessor-version":[{"id":13312,"href":"https:\/\/pharmaroad.hu\/en\/wp-json\/wp\/v2\/pages\/1659\/revisions\/13312"}],"wp:attachment":[{"href":"https:\/\/pharmaroad.hu\/en\/wp-json\/wp\/v2\/media?parent=1659"}],"curies":[{"name":"wp","href":"https:\/\/api.w.org\/{rel}","templated":true}]}}