{"id":1655,"date":"2020-02-12T11:40:40","date_gmt":"2020-02-12T11:40:40","guid":{"rendered":"https:\/\/phrstaging.pharmaroad.hu\/?page_id=1655"},"modified":"2025-03-03T09:22:11","modified_gmt":"2025-03-03T08:22:11","slug":"termekforgalmazas","status":"publish","type":"page","link":"https:\/\/pharmaroad.hu\/en\/termekforgalmazas\/","title":{"rendered":"Product Distribution"},"content":{"rendered":"<p><section id=\"bt_section69df4bc030e22\"  class=\"boldSection btDivider topSemiSpaced bottomSemiSpaced btDarkSkin gutter inherit wBackground cover\" style=\"background-color:#0c7296;background-image:url('https:\/\/i0.wp.com\/pharmaroad.hu\/wp-content\/uploads\/2015\/12\/bgn-grad-1.png?fit=2000%2C1333&ssl=1');\"><div class=\"port\"><div class=\"boldCell\"><div class=\"boldCellInner\"><div class=\"boldRow\" ><div class=\"boldRowInner\"><div class=\"rowItem col-md-4 col-ms-12 btTextRight inherit btNoPadding\"  ><div class=\"rowItemContent\" ><\/div><\/div><div class=\"rowItem col-md-8 col-ms-12 btTextLeft animate animate-fadein animate-moveleft inherit btDoublePadding\"  ><div class=\"rowItemContent\" ><div class=\"btClear btSeparator topExtraSmallSpaced noBorder\" ><hr><\/div><div class=\"btClear btSeparator topExtraSmallSpaced noBorder\" ><hr><\/div><header class=\"header btClear large  btNormalDash\" ><div class=\"btSuperTitle\">Pharmaroad Zrt.<\/div><div class=\"dash\"><h2><span class=\"headline\">Product Distribution<\/span><\/h2><\/div><\/header><\/div><\/div><\/div><\/div><\/div><\/div><\/div><\/section><section id=\"bt_section69df4bc0310a2\"  class=\"boldSection topSemiSpaced bottomSpaced gutter inherit\" style=\"background-color:#f1f1f1;\"><div class=\"port\"><div class=\"boldCell\"><div class=\"boldCellInner\"><div class=\"boldRow\" ><div class=\"boldRowInner\"><div class=\"rowItem col-md-4 col-ms-12 btTextLeft animate animate-fadein animate-moveup btTextIndent inherit\" style=\"margin-top: -180px;\" ><div class=\"rowItemContent\" style = \"background-color:#ffffff;\"><div class=\"bpgPhoto btTextCenter\" ><div class=\"btImage\"><img data-recalc-dims=\"1\" decoding=\"async\" src=\"https:\/\/i0.wp.com\/pharmaroad.hu\/wp-content\/uploads\/2020\/03\/Po%C3%B3s_Mariann-scaled.jpg?w=1200&#038;ssl=1\" alt=\"\" title=\"\"><\/div><\/div><div class=\"btIconImageRow btIconsHalfHoverPosition\" ><span class=\"btIco btIcoFilledType btIcoMediumSize btIcoAccentColor  btIcoOutline\" ><a href=\"#\"  target = \"no_target\" data-ico-hs=\"&#xe91d;\" class=\"btIcoHolder\"><em><\/em><\/a><\/span><\/div><div class=\"btClear btSeparator topExtraSmallSpaced noBorder\" ><hr><\/div><header class=\"header btClear medium  btNormalDash\" ><div class=\"btSuperTitle\">ANIKA \u00c9RT\u00c9KES\u00cdT\u00c9SI VEZET\u0150<\/div><div class=\"dash\"><h3><span class=\"headline\">Dr. Marianna PO\u00d3S<\/span><\/h3><\/div><\/header><div class=\"btClear btSeparator topExtraSmallSpaced noBorder\" ><hr><\/div><div class=\"btIconImageRow btIconsNormalPosition\" ><span class=\"btIco btIcoDefaultType btIcoSmallSize btIcoDefaultColor\" ><a href=\"tel:+080023367820\"  target = \"no_target\" data-ico-fa=\"&#xf095;\" class=\"btIcoHolder\"><em><\/em><span class=\"btIcoText\">+36-30-202-9414<\/span><\/a><\/span><\/div><div class=\"btClear btSeparator topExtraSmallSpaced noBorder\" ><hr><\/div><div class=\"btIconImageRow btIconsNormalPosition\" ><span class=\"btIco btIcoDefaultType btIcoSmallSize btIcoDefaultColor\" ><a href=\"mailto:sussie.wolff@medicare.com\"  target = \"no_target\" data-ico-fa=\"&#xf003;\" class=\"btIcoHolder\"><em><\/em><span class=\"btIcoText\">marianna.poos@pharmaroad.hu<\/span><\/a><\/span><\/div><div class=\"btClear btSeparator topSemiSpaced bottomSmallSpaced border\" ><hr><\/div><div data-bb-version=\"5.0.3\" class=\"bt_bb_masonry_image_grid bt_bb_grid_container bt_bb_columns_1 bt_bb_gap_large\" data-columns=\"1\"><div class=\"bt_bb_masonry_post_image_content\" data-columns=\"1\"><div class=\"bt_bb_grid_sizer\"><\/div><div class=\"bt_bb_grid_item bt_bb_tile_format11\" data-hw=\"0.6675\" data-src=\"https:\/\/i0.wp.com\/pharmaroad.hu\/wp-content\/uploads\/2020\/03\/Cingal_page1.png?fit=1200%2C801&#038;ssl=1\" data-src-full=\"https:\/\/i0.wp.com\/pharmaroad.hu\/wp-content\/uploads\/2020\/03\/Cingal_page1.png?fit=3508%2C2342&#038;ssl=1\" data-title=\"Cingal_page1\"><div class=\"bt_bb_grid_item_inner\" data-hw=\"0.6675\" ><div class=\"bt_bb_grid_item_inner_image\"><\/div><div class=\"bt_bb_grid_item_inner_content\"><\/div><\/div><\/div><\/div><\/div><div class=\"btClear btSeparator topSmallSpaced noBorder\" ><hr><\/div><\/div><\/div><div class=\"rowItem col-md-8 col-ms-12 btTextLeft animate animate-fadein inherit btDoublePadding\"  ><div class=\"rowItemContent\" ><div class=\"btClear btSeparator bottomSmallSpaced border\" ><hr><\/div><div class=\"btText\" ><\/p>\n<blockquote>\n<p style=\"text-align: justify;\"><em>..strat\u00e9giai partnerk\u00e9nt, sz\u00e9lesk\u00f6r\u0171 gy\u00f3gyszer-nagykereskedelmi szolg\u00e1ltat\u00e1sokkal \u00e1llunk azon \u00fcgyfeleink rendelkez\u00e9s\u00e9re, akik \u00faj term\u00e9kekkel szeretn\u00e9nek megjelenni a magyarorsz\u00e1gi piacon. Legyen sz\u00f3 piackutat\u00e1sr\u00f3l vagy felm\u00e9r\u00e9sr\u0151l, hat\u00f3s\u00e1gi bejelent\u00e9sr\u0151l vagy t\u00f6rzsk\u00f6nyvez\u00e9sr\u0151l, a megfelel\u0151 logisztikai infrastrukt\u00fara megteremt\u00e9s\u00e9r\u0151l vagy a relev\u00e1ns \u00e9rt\u00e9kes\u00edt\u00e9si h\u00e1l\u00f3zat ki\u00e9p\u00edt\u00e9s\u00e9r\u0151l, a PHARMAROAD megb\u00edzhat\u00f3 partnere sz\u00e1mos nemzetk\u00f6zi v\u00e1llalatnak hazai term\u00e9kforgalmaz\u00e1s ter\u00fclet\u00e9n&#8230;<\/em><\/p>\n<\/blockquote>\n<p>\n<\/div><div class=\"btClear btSeparator bottomSmallSpaced border\" ><hr><\/div><div class=\"bt_bb_masonry_image_grid bt_bb_grid_container bt_bb_columns_2 bt_bb_gap_no_gap\" data-columns=\"2\"><div class=\"bt_bb_masonry_post_image_content\" data-columns=\"2\"><div class=\"bt_bb_grid_sizer\"><\/div><div class=\"bt_bb_grid_item bt_bb_tile_format11\" data-hw=\"0.73083333333333\" data-src=\"https:\/\/i0.wp.com\/pharmaroad.hu\/wp-content\/uploads\/2020\/03\/orthovisc_page2.png?fit=1200%2C877&#038;ssl=1\" data-src-full=\"https:\/\/i0.wp.com\/pharmaroad.hu\/wp-content\/uploads\/2020\/03\/orthovisc_page2.png?fit=3825%2C2797&#038;ssl=1\" data-title=\"orthovisc_page2\"><div class=\"bt_bb_grid_item_inner\" data-hw=\"0.73083333333333\" ><div class=\"bt_bb_grid_item_inner_image\"><\/div><div class=\"bt_bb_grid_item_inner_content\"><\/div><\/div><\/div><div class=\"bt_bb_grid_item bt_bb_tile_format11\" data-hw=\"0.72166666666667\" data-src=\"https:\/\/i0.wp.com\/pharmaroad.hu\/wp-content\/uploads\/2020\/03\/Monovisc_page2.png?fit=1200%2C866&#038;ssl=1\" data-src-full=\"https:\/\/i0.wp.com\/pharmaroad.hu\/wp-content\/uploads\/2020\/03\/Monovisc_page2.png?fit=3682%2C2658&#038;ssl=1\" data-title=\"Monovisc_page2\"><div class=\"bt_bb_grid_item_inner\" data-hw=\"0.72166666666667\" ><div class=\"bt_bb_grid_item_inner_image\"><\/div><div class=\"bt_bb_grid_item_inner_content\"><\/div><\/div><\/div><\/div><\/div><div class=\"btClear btSeparator bottomSmallSpaced border\" ><hr><\/div><div class=\"btText\" ><\/p>\n<p style=\"text-align: justify;\">Launching a new product on a local market is always a challenging task.  The process itself is complex; it has comprehensive regulatory, quality systems related, logistic and commercial aspects. First, a well-established working relationship is needed with the national regulatory agency to handle all the appropriate administrative procedures (such as registration, notification or licensing) pertaining to the introduction of the product in the local market. Then, sales channels are required to be opened with pharmacies, public and private healthcare institutions, and other wholesalers. Also, companies new to the local market need a reliable logistics base where their products are processed, stored, picked and packed and delivered to the buyers according to all the regulatory requirements. Our company excels in providing all the above-mentioned services to wide array of international partners while acting as their exclusive distributor in Hungary.<\/p>\n<p style=\"text-align: justify;\" class=\"translation-block\"><a href=\"https:\/\/www.anikatherapeutics.com\/\" target=\"_self\"><span style=\"color: #00ccff\"><strong>ANIKA THERAPEUTICS<\/strong><\/span><\/a> is a US-headquartered international corporation specialized primarily in the manufacturing of medical devices. The viscosupplementation product line (<span style=\"color: #00ccff\"><strong><a style=\"color: #00ccff\" href=\"http:\/\/- https:\/\/www.anikatherapeutics.com\/products\/orthobiologics\/orthovisc\/\" target=\"_self\">ORTHOVISC<\/a><\/strong><\/span>, <span style=\"color: #00ccff\"><strong><a style=\"color: #00ccff\" href=\"https:\/\/www.anikatherapeutics.com\/products\/orthobiologics\/orthovisc-t\/\" target=\"_self\">ORTHOVOSC-T<\/a><\/strong><\/span>, <span style=\"color: #00ccff\"><a style=\"color: #00ccff\" href=\"https:\/\/www.anikatherapeutics.com\/products\/orthobiologics\/monovisc\/\" target=\"_self\"><strong>MONOVISC <\/strong><\/a><\/span> and <span style=\"color: #00ccff\"><a style=\"color: #00ccff\" href=\"https:\/\/www.anikatherapeutics.com\/products\/orthobiologics\/cingal\/\" target=\"_self\"><strong>CINGAL<\/strong><\/a><\/span>) of the company is being exclusively distributed in Hungary by PHARMAROAD KFT. since 2008. These hyaluronic acid based products are injected into the synovial fluid surrounding the joints to ease osteoarthritis pain, improve mobility and hence the quality of life for patients. From 2020, our company will also be in charge of distributing <span style=\"color: #00ccff\"><strong><a style=\"color: #00ccff\" href=\"https:\/\/www.anikatherapeutics.com\/products\/orthobiologics\/hyalofast\/\" target=\"_self\">HYALOFAST<\/a> <\/strong><\/span> in the Hungarian market.   <span style=\"color: #00ccff\"><strong><a style=\"color: #00ccff\" href=\"https:\/\/www.anikatherapeutics.com\/products\/orthobiologics\/hyalofast\/\" target=\"_self\">HYALOFAST<\/a> <\/strong><\/span> is a non-woven 2\u00d72 cm or 5\u00d75 cm biodegradable hyaluronic acid-based scaffold for hyaline-like cartilage regeneration. It is used for the entrapment of mesenchymal stem cells (MSCs) to arthroscopically treat both chondral and osteochondral lesions in the knee and ankle.<\/p>\n<p style=\"text-align: justify;\">\n<\/div><div class=\"btClear btSeparator topSmallSpaced bottomSmallSpaced border\" ><hr><\/div><\/div><\/div><\/div><\/div><\/div><\/div><\/div><\/section><section id=\"bt_section69df4bc032b56\"  class=\"boldSection topSmallSpaced bottomSmallSpaced gutter inherit\" ><div class=\"port\"><div class=\"boldCell\"><div class=\"boldCellInner\"><div class=\"boldRow\" ><div class=\"boldRowInner\"><div class=\"rowItem col-md-2  col-sm-4 col-ms-12 btTextCenter inherit\"  ><div class=\"rowItemContent\" ><\/div><\/div><div class=\"rowItem col-md-8 col-ms-12 btTextCenter animate animate-fadein animate-moveup inherit\"  ><div class=\"rowItemContent\" ><header class=\"header btClear large btDash bottomDash  btAccentDash\" ><div class=\"dash\"><h2><span class=\"headline\"><b class=\"animate\">Our Products<\/b><\/span><\/h2><\/div><\/header><\/div><\/div><div class=\"rowItem col-md-2  col-sm-4 col-ms-12 btTextLeft\"  ><div class=\"rowItemContent\" ><\/div><\/div><\/div><\/div><div class=\"boldRow\" ><div class=\"boldRowInner\"><div class=\"rowItem col-md-12 col-ms-12  btTextCenter inherit\"  ><div class=\"rowItemContent\" ><div class=\"btGridContainer tiled btGridGap-10 btHasTitles\" ><div class=\"tilesWall btAjaxGrid tiled\" data-num=\"3\" data-tiles-title=\"yes\" data-grid-type=\"tiled\" data-post-type=\"portfolio\" data-col=\"3\" data-cat-slug=\"\" data-scroll-loading=\"yes\" data-format=\"\" data-related=\"\" data-sticky=\"yes\"><div class=\"gridSizer\"><\/div><\/div><div class=\"btLoader btLoaderGrid\"><\/div><div class=\"btNoMore btTextCenter topSmallSpaced bottomSmallSpaced\">No more posts<\/div><\/div><\/div><\/div><\/div><\/div><\/div><\/div><\/div><\/section><section id=\"bt_section69df4bc032dfa\"  class=\"boldSection topSemiSpaced bottomSemiSpaced btDarkSkin gutter inherit btAleternateColorBackground\" ><div class=\"port\"><div class=\"boldCell\"><div class=\"boldCellInner\"><div class=\"boldRow\" ><div class=\"boldRowInner\"><div class=\"rowItem col-md-8 col-ms-12 btTextLeft animate animate-fadein animate-moveup btMiddleVertical\"  ><div class=\"rowItemContent\" ><header class=\"header btClear medium  btNormalDash\" ><div class=\"btSuperTitle\">We are constantly looking for talented individuals interested in joining our company<\/div><div class=\"dash\"><h3><span class=\"headline\">Join us<\/span><\/h3><\/div><\/header><\/div><\/div><div class=\"rowItem col-md-4 col-ms-12 btTextRight animate animate-fadein animate-moveup btMiddleVertical\"  ><div class=\"rowItemContent\" ><a href=\"https:\/\/pharmaroad.hu\/en\/karrier\/\" class=\"btBtn btBtn btnOutlineStyle btnLightColor btnSmall btnNormalWidth btnRightPosition btnNoIcon\" ><span class=\"btnInnerText\">Career<\/span><\/a><\/div><\/div><\/div><\/div><\/div><\/div><\/div><\/section><\/p>","protected":false},"excerpt":{"rendered":"","protected":false},"author":1,"featured_media":0,"parent":0,"menu_order":0,"comment_status":"closed","ping_status":"closed","template":"","meta":{"footnotes":""},"class_list":["post-1655","page","type-page","status-publish","hentry"],"yoast_head":"<!-- This site is optimized with the Yoast SEO plugin v26.0 - https:\/\/yoast.com\/wordpress\/plugins\/seo\/ -->\n<title>Term\u00e9kforgalmaz\u00e1s - Pharmaroad<\/title>\n<meta name=\"robots\" content=\"index, follow, max-snippet:-1, max-image-preview:large, max-video-preview:-1\" \/>\n<link rel=\"canonical\" href=\"https:\/\/pharmaroad.hu\/en\/termekforgalmazas\/\" \/>\n<meta property=\"og:locale\" content=\"en_GB\" \/>\n<meta property=\"og:type\" content=\"article\" \/>\n<meta property=\"og:title\" content=\"Term\u00e9kforgalmaz\u00e1s - Pharmaroad\" \/>\n<meta property=\"og:url\" content=\"https:\/\/pharmaroad.hu\/en\/termekforgalmazas\/\" \/>\n<meta property=\"og:site_name\" content=\"Pharmaroad\" \/>\n<meta property=\"article:modified_time\" content=\"2025-03-03T08:22:11+00:00\" \/>\n<meta name=\"twitter:card\" content=\"summary_large_image\" \/>\n<meta name=\"twitter:label1\" content=\"Estimated reading time\" \/>\n\t<meta name=\"twitter:data1\" content=\"2 minutes\" \/>\n<script type=\"application\/ld+json\" class=\"yoast-schema-graph\">{\"@context\":\"https:\/\/schema.org\",\"@graph\":[{\"@type\":\"WebPage\",\"@id\":\"https:\/\/pharmaroad.hu\/termekforgalmazas\/\",\"url\":\"https:\/\/pharmaroad.hu\/termekforgalmazas\/\",\"name\":\"Term\u00e9kforgalmaz\u00e1s - Pharmaroad\",\"isPartOf\":{\"@id\":\"https:\/\/pharmaroad.hu\/#website\"},\"datePublished\":\"2020-02-12T11:40:40+00:00\",\"dateModified\":\"2025-03-03T08:22:11+00:00\",\"breadcrumb\":{\"@id\":\"https:\/\/pharmaroad.hu\/termekforgalmazas\/#breadcrumb\"},\"inLanguage\":\"en-GB\",\"potentialAction\":[{\"@type\":\"ReadAction\",\"target\":[\"https:\/\/pharmaroad.hu\/termekforgalmazas\/\"]}]},{\"@type\":\"BreadcrumbList\",\"@id\":\"https:\/\/pharmaroad.hu\/termekforgalmazas\/#breadcrumb\",\"itemListElement\":[{\"@type\":\"ListItem\",\"position\":1,\"name\":\"Home\",\"item\":\"https:\/\/pharmaroad.hu\/\"},{\"@type\":\"ListItem\",\"position\":2,\"name\":\"Term\u00e9kforgalmaz\u00e1s\"}]},{\"@type\":\"WebSite\",\"@id\":\"https:\/\/pharmaroad.hu\/#website\",\"url\":\"https:\/\/pharmaroad.hu\/\",\"name\":\"Pharmaroad\",\"description\":\"\u00dat a gy\u00f3gy\u00edt\u00e1shoz\",\"publisher\":{\"@id\":\"https:\/\/pharmaroad.hu\/#organization\"},\"potentialAction\":[{\"@type\":\"SearchAction\",\"target\":{\"@type\":\"EntryPoint\",\"urlTemplate\":\"https:\/\/pharmaroad.hu\/?s={search_term_string}\"},\"query-input\":{\"@type\":\"PropertyValueSpecification\",\"valueRequired\":true,\"valueName\":\"search_term_string\"}}],\"inLanguage\":\"en-GB\"},{\"@type\":\"Organization\",\"@id\":\"https:\/\/pharmaroad.hu\/#organization\",\"name\":\"Pharmaroad\",\"url\":\"https:\/\/pharmaroad.hu\/\",\"logo\":{\"@type\":\"ImageObject\",\"inLanguage\":\"en-GB\",\"@id\":\"https:\/\/pharmaroad.hu\/#\/schema\/logo\/image\/\",\"url\":\"https:\/\/i0.wp.com\/pharmaroad.hu\/wp-content\/uploads\/2020\/03\/pharmaroadlogo.png?fit=978%2C678&ssl=1\",\"contentUrl\":\"https:\/\/i0.wp.com\/pharmaroad.hu\/wp-content\/uploads\/2020\/03\/pharmaroadlogo.png?fit=978%2C678&ssl=1\",\"width\":978,\"height\":678,\"caption\":\"Pharmaroad\"},\"image\":{\"@id\":\"https:\/\/pharmaroad.hu\/#\/schema\/logo\/image\/\"}}]}<\/script>\n<!-- \/ Yoast SEO plugin. -->","yoast_head_json":{"title":"Term\u00e9kforgalmaz\u00e1s - Pharmaroad","robots":{"index":"index","follow":"follow","max-snippet":"max-snippet:-1","max-image-preview":"max-image-preview:large","max-video-preview":"max-video-preview:-1"},"canonical":"https:\/\/pharmaroad.hu\/en\/termekforgalmazas\/","og_locale":"en_GB","og_type":"article","og_title":"Term\u00e9kforgalmaz\u00e1s - Pharmaroad","og_url":"https:\/\/pharmaroad.hu\/en\/termekforgalmazas\/","og_site_name":"Pharmaroad","article_modified_time":"2025-03-03T08:22:11+00:00","twitter_card":"summary_large_image","twitter_misc":{"Estimated reading time":"2 minutes"},"schema":{"@context":"https:\/\/schema.org","@graph":[{"@type":"WebPage","@id":"https:\/\/pharmaroad.hu\/termekforgalmazas\/","url":"https:\/\/pharmaroad.hu\/termekforgalmazas\/","name":"Term\u00e9kforgalmaz\u00e1s - Pharmaroad","isPartOf":{"@id":"https:\/\/pharmaroad.hu\/#website"},"datePublished":"2020-02-12T11:40:40+00:00","dateModified":"2025-03-03T08:22:11+00:00","breadcrumb":{"@id":"https:\/\/pharmaroad.hu\/termekforgalmazas\/#breadcrumb"},"inLanguage":"en-GB","potentialAction":[{"@type":"ReadAction","target":["https:\/\/pharmaroad.hu\/termekforgalmazas\/"]}]},{"@type":"BreadcrumbList","@id":"https:\/\/pharmaroad.hu\/termekforgalmazas\/#breadcrumb","itemListElement":[{"@type":"ListItem","position":1,"name":"Home","item":"https:\/\/pharmaroad.hu\/"},{"@type":"ListItem","position":2,"name":"Term\u00e9kforgalmaz\u00e1s"}]},{"@type":"WebSite","@id":"https:\/\/pharmaroad.hu\/#website","url":"https:\/\/pharmaroad.hu\/","name":"Pharmaroad","description":"\u00dat a gy\u00f3gy\u00edt\u00e1shoz","publisher":{"@id":"https:\/\/pharmaroad.hu\/#organization"},"potentialAction":[{"@type":"SearchAction","target":{"@type":"EntryPoint","urlTemplate":"https:\/\/pharmaroad.hu\/?s={search_term_string}"},"query-input":{"@type":"PropertyValueSpecification","valueRequired":true,"valueName":"search_term_string"}}],"inLanguage":"en-GB"},{"@type":"Organization","@id":"https:\/\/pharmaroad.hu\/#organization","name":"Pharmaroad","url":"https:\/\/pharmaroad.hu\/","logo":{"@type":"ImageObject","inLanguage":"en-GB","@id":"https:\/\/pharmaroad.hu\/#\/schema\/logo\/image\/","url":"https:\/\/i0.wp.com\/pharmaroad.hu\/wp-content\/uploads\/2020\/03\/pharmaroadlogo.png?fit=978%2C678&ssl=1","contentUrl":"https:\/\/i0.wp.com\/pharmaroad.hu\/wp-content\/uploads\/2020\/03\/pharmaroadlogo.png?fit=978%2C678&ssl=1","width":978,"height":678,"caption":"Pharmaroad"},"image":{"@id":"https:\/\/pharmaroad.hu\/#\/schema\/logo\/image\/"}}]}},"jetpack_sharing_enabled":true,"_links":{"self":[{"href":"https:\/\/pharmaroad.hu\/en\/wp-json\/wp\/v2\/pages\/1655","targetHints":{"allow":["GET"]}}],"collection":[{"href":"https:\/\/pharmaroad.hu\/en\/wp-json\/wp\/v2\/pages"}],"about":[{"href":"https:\/\/pharmaroad.hu\/en\/wp-json\/wp\/v2\/types\/page"}],"author":[{"embeddable":true,"href":"https:\/\/pharmaroad.hu\/en\/wp-json\/wp\/v2\/users\/1"}],"replies":[{"embeddable":true,"href":"https:\/\/pharmaroad.hu\/en\/wp-json\/wp\/v2\/comments?post=1655"}],"version-history":[{"count":58,"href":"https:\/\/pharmaroad.hu\/en\/wp-json\/wp\/v2\/pages\/1655\/revisions"}],"predecessor-version":[{"id":13589,"href":"https:\/\/pharmaroad.hu\/en\/wp-json\/wp\/v2\/pages\/1655\/revisions\/13589"}],"wp:attachment":[{"href":"https:\/\/pharmaroad.hu\/en\/wp-json\/wp\/v2\/media?parent=1655"}],"curies":[{"name":"wp","href":"https:\/\/api.w.org\/{rel}","templated":true}]}}