{"id":1452,"date":"2020-02-12T11:44:30","date_gmt":"2020-02-12T11:44:30","guid":{"rendered":"https:\/\/phrstaging.pharmaroad.hu\/?page_id=1452"},"modified":"2025-10-20T07:40:56","modified_gmt":"2025-10-20T06:40:56","slug":"dokumentumtar","status":"publish","type":"page","link":"https:\/\/pharmaroad.hu\/en\/dokumentumtar\/","title":{"rendered":"Documents"},"content":{"rendered":"<p><section id=\"bt_section69df502776954\"  class=\"boldSection btDivider topSemiSpaced bottomSemiSpaced btDarkSkin gutter inherit wBackground cover btAccentColorBackground\" style=\"background-image:url('https:\/\/i0.wp.com\/pharmaroad.hu\/wp-content\/uploads\/2015\/12\/bgn-grad-1.png?fit=2000%2C1333&ssl=1');\"><div class=\"port\"><div class=\"boldCell\"><div class=\"boldCellInner\"><div class=\"boldRow\" ><div class=\"boldRowInner\"><div class=\"rowItem col-md-12 col-ms-12  btTextLeft animate animate-fadein animate-moveleft inherit\"  ><div class=\"rowItemContent\" ><div class=\"btClear btSeparator topExtraSmallSpaced noBorder\" ><hr><\/div><div class=\"btClear btSeparator topExtraSmallSpaced noBorder\" ><hr><\/div><header class=\"header btClear large  btNormalDash\" ><div class=\"btSuperTitle\">Pharmaroad Zrt.<\/div><div class=\"dash\"><h2><span class=\"headline\">Documents<\/span><\/h2><\/div><\/header><\/div><\/div><\/div><\/div><\/div><\/div><\/div><\/section><section id=\"bt_section69df502776bd6\"  class=\"boldSection topSemiSpaced bottomSpaced gutter inherit\" style=\"background-color:#f1f1f1;\"><div class=\"port\"><div class=\"boldCell\"><div class=\"boldCellInner\"><div class=\"boldRow\" ><div class=\"boldRowInner\"><div class=\"rowItem col-md-12 col-ms-12  btTextLeft animate animate-fadein inherit btDoublePadding\"  ><div class=\"rowItemContent\" ><div class=\"boldRow boldInnerRow\" ><div class=\"rowItem rowInnerItem col-md-12  btTextLeft\"  ><div class=\"rowItemContent\"><div class=\"btText\" ><\/p>\n<h3><strong>Licenses and certificates<\/strong><\/h3>\n<ul>\n<li><a href=\"https:\/\/pharmaroad.hu\/wp-content\/uploads\/2025\/03\/HEF-57736-2-2024-modosito-hatarozat-GDP-Pharmaroad_alairt-Adoszam-32617557-2-42.pdf\"><span style=\"color: #33cccc;\"><strong><span class=\"fontstyle0\">Gy\u00f3gyszer-nagykereskedelmi Enged\u00e9ly Wholesale Distribution Authorisation (WDA<\/span><\/strong><\/span><\/a><\/li>\n<li><a href=\"https:\/\/pharmaroad.hu\/wp-content\/uploads\/2025\/05\/KABSZER_24647_Pharmaroad_32617557242_TG.pdf\"><span style=\"color: #33cccc;\"><strong>K\u00e1b\u00edt\u00f3szer enged\u00e9ly &#8211; HU<\/strong><\/span><\/a><\/li>\n<li><a href=\"https:\/\/pharmaroad.hu\/wp-content\/uploads\/2025\/05\/KABSZER_24647_Pharmaroad_32617557242_TG_EN.pdf\"><span style=\"color: #33cccc;\"><strong>K\u00e1b\u00edt\u00f3szer enged\u00e9ly &#8211; EN<\/strong><\/span><\/a><\/li>\n<li><a href=\"https:\/\/pharmaroad.hu\/wp-content\/uploads\/2025\/03\/01-100-1824217_Main_HU.pdf\"><strong><span style=\"color: #33cccc;\">ISO 9 001 Certificate<\/span><\/strong><\/a><\/li>\n<li><a href=\"https:\/\/pharmaroad.hu\/wp-content\/uploads\/2025\/03\/01-100-1824217_Annex_HU.pdf\"><strong><span style=\"color: #33cccc;\">ISO 90001 tan\u00fas\u00edtv\u00e1ny mell\u00e9klete<\/span><\/strong><\/a><\/li>\n<li><a href=\"https:\/\/pharmaroad.hu\/wp-content\/uploads\/2025\/03\/01-104-1824217_Main_HU.pdf\"><strong><span style=\"color: #33cccc;\">ISO 14 001 Certificate<\/span><\/strong><\/a><\/li>\n<li><a href=\"https:\/\/pharmaroad.hu\/wp-content\/uploads\/2025\/03\/01-104-1824217_Annex_HU.pdf\"><strong><span style=\"color: #33cccc;\">ISO 14001 tan\u00fas\u00edtv\u00e1ny mell\u00e9klete<\/span><\/strong><\/a><\/li>\n<li><strong><span style=\"color: #33cccc;\"><a style=\"color: #33cccc;\" href=\"https:\/\/pharmaroad.hu\/wp-content\/uploads\/2025\/05\/01-407-1624201_Main_HU.pdf\">ISO 50 001 tan\u00fas\u00edtv\u00e1ny<\/a><\/span><\/strong><\/li>\n<li><strong><span style=\"color: #33cccc;\"><a style=\"color: #33cccc;\" href=\"https:\/\/pharmaroad.hu\/wp-content\/uploads\/2025\/05\/01-407-1624201_Annex_HU.pdf\">ISO 50 001 tan\u00fas\u00edtv\u00e1ny mell\u00e9klete<\/a><\/span><\/strong><\/li>\n<li><strong><span style=\"color: #33cccc;\"><a style=\"color: #33cccc;\" href=\"https:\/\/pharmaroad.hu\/wp-content\/uploads\/2025\/05\/Credit-note-1-3.pdf\">BISNODE Credit Report<\/a><\/span><\/strong><\/li>\n<li><strong><span style=\"color: #33cccc;\"><a style=\"color: #33cccc;\" href=\"https:\/\/pharmaroad.hu\/wp-content\/uploads\/2025\/05\/20250401_PHARMAROAD-Zrt_m.pdf\">BISNODE tan\u00fas\u00edtv\u00e1ny &#8211; HU<\/a><\/span><\/strong><\/li>\n<li><strong><span style=\"color: #33cccc;\"><a style=\"color: #33cccc;\" href=\"https:\/\/pharmaroad.hu\/wp-content\/uploads\/2025\/05\/20250401_PHARMAROAD-Zrt_a.pdf\">BISNODE tan\u00fas\u00edtv\u00e1ny &#8211; EN<\/a><\/span><\/strong><\/li>\n<li><a href=\"https:\/\/pharmaroad.hu\/wp-content\/uploads\/2021\/11\/GDP_Certificate_Kabai.pdf\"><strong><span style=\"color: #33cccc;\">GDP Certificate (Kabai utca)<\/span><\/strong><\/a><\/li>\n<li><a href=\"https:\/\/pharmaroad.hu\/wp-content\/uploads\/2021\/11\/GDP_Certificate_Karolyi.pdf\"><strong><span style=\"color: #33cccc;\">GDP Certificate (K\u00e1rolyi S\u00e1ndor \u00fat)<\/span><\/strong><\/a><\/li>\n<\/ul>\n<h3><strong>Forms and Templates (Department of Quality Management)<\/strong><\/h3>\n<ul>\n<li><strong><span style=\"color: #33cccc;\"><a style=\"color: #33cccc;\" href=\"https:\/\/pharmaroad.hu\/wp-content\/uploads\/2021\/11\/Vev\u0151i-reklam\u00e1ci\u00f3s-\u0171rlap-02.25-t\u0151l.pdf\">Complaint Form<\/a><\/span><\/strong><\/li>\n<li><strong><span style=\"color: #33cccc;\"><a style=\"color: #33cccc;\" href=\"https:\/\/pharmaroad.hu\/wp-content\/uploads\/2021\/11\/Recall-form.pdf\">Recall Form<\/a><\/span><\/strong><\/li>\n<li><a href=\"https:\/\/pharmaroad.hu\/wp-content\/uploads\/2025\/05\/Telefonszamok-.pdf\"><strong><span style=\"color: #33cccc;\">List of contacts (Department of Quality Management)<\/span><\/strong><\/a><\/li>\n<\/ul>\n<h3><strong>T\u00e1rsas\u00e1gi dokumentumok<\/strong><\/h3>\n<ul>\n<li><strong><span style=\"color: #33cccc;\"><a style=\"color: #33cccc;\" href=\"https:\/\/visszaelesbejelentes.com\/\">Bels\u0151 vissza\u00e9l\u00e9s-bejelent\u00e9si port\u00e1l<\/a><\/span><\/strong><\/li>\n<li><strong><span style=\"color: #33cccc;\"><a style=\"color: #33cccc;\" href=\"https:\/\/pharmaroad.hu\/wp-content\/uploads\/2024\/02\/GI-014-Visszaeles-bejelentesi-szabalyzat.pdf\" target=\"_blank\" rel=\"noopener\">Bels\u0151 vissza\u00e9l\u00e9s-bejelent\u00e9si szab\u00e1lyzat<\/a><\/span><\/strong><\/li>\n<li><strong><span style=\"color: #33cccc;\"><a style=\"color: #33cccc;\" href=\"https:\/\/pharmaroad.hu\/wp-content\/uploads\/2025\/08\/Adatvedelmi-iranyelvek.pdf\">Adatv\u00e9delmi ir\u00e1nyelvek<\/a><\/span><\/strong><\/li>\n<li><strong><span style=\"color: #33cccc;\"><a style=\"color: #33cccc;\" href=\"https:\/\/pharmaroad.hu\/wp-content\/uploads\/2025\/10\/VIG-004-Korrupcioellenes-iranyelv-20250131.pdf\">Korrupci\u00f3ellenes ir\u00e1nyelv<\/a><\/span><\/strong><\/li>\n<\/ul>\n<h3><strong style=\"font-size: 21px;\">Forms and Templates (Department of Quality Management)<\/strong><\/h3>\n<ul>\n<li><strong><span style=\"color: #33cccc;\"><a style=\"color: #33cccc;\" href=\"https:\/\/pharmaroad.hu\/wp-content\/uploads\/2020\/02\/II.2.A_T\u00e1j\u00e9koztat\u00f3_betegek_orvosok_\u00e9s_gy\u00f3gyszert\u00e1ri_partnerek_sz\u00e1m\u00e1ra_DR_KORD\u00c1S_M\u00f3nika.pdf\">Information sheet on the regulatory procedures of pharmaceutical imports<\/a><\/span><\/strong><\/li>\n<li><strong><span style=\"color: #33cccc;\"><a style=\"color: #33cccc;\" href=\"https:\/\/pharmaroad.hu\/wp-content\/uploads\/2020\/02\/II.2.B_T\u00e1j\u00e9koztat\u00f3_jogszab\u00e1lyi_h\u00e1tt\u00e9rr\u0151l_DR_KORD\u00c1S_M\u00f3nika.pdf\">Information sheet on the legal framework of pharmaceutical imports<\/a><\/span><\/strong><\/li>\n<li><strong><span style=\"color: #33cccc;\"><a style=\"color: #33cccc;\" href=\"https:\/\/pharmaroad.hu\/en\/kapcsolat\/\">List of contacts (Order Management \u2013 Hospital Supply Division)<\/a><\/span><\/strong><\/li>\n<\/ul>\n<h3><strong>Forms and Templates (Pharmacy Supply Division)<\/strong><\/h3>\n<ul>\n<li><a href=\"https:\/\/pharmaroad.hu\/en\/kapcsolat\/\"><strong><span style=\"color: #33cccc;\">List of contacts (Field Representatives \u2013 Pharmacy Supply Division)<\/span><\/strong><\/a><\/li>\n<li><strong><span style=\"color: #33cccc;\"><a style=\"color: #33cccc;\" href=\"https:\/\/pharmaroad.hu\/en\/gyogyszertariuzletag\/\" target=\"_blank\" rel=\"noopener noreferrer\">List of contacts (Order Management \u2013 Pharmacy Supply Division)<\/a><\/span><\/strong><\/li>\n<\/ul>\n<p><!--more--><\/p>\n<p>\n<\/div><\/div><\/div><\/div><div class=\"btClear btSeparator topSmallSpaced bottomSmallSpaced border\" ><hr><\/div><\/div><\/div><\/div><\/div><\/div><\/div><\/div><\/section><section id=\"bt_section69df502777872\"  class=\"boldSection topSemiSpaced bottomSemiSpaced btDarkSkin gutter inherit btAleternateColorBackground\" ><div class=\"port\"><div class=\"boldCell\"><div class=\"boldCellInner\"><div class=\"boldRow\" ><div class=\"boldRowInner\"><div class=\"rowItem col-md-8 col-ms-12 btTextLeft animate animate-fadein animate-moveup btMiddleVertical\"  ><div class=\"rowItemContent\" ><header class=\"header btClear medium  btNormalDash\" ><div class=\"btSuperTitle\">We are constantly looking for talented individuals interested in joining our company<\/div><div class=\"dash\"><h3><span class=\"headline\">Join us<\/span><\/h3><\/div><\/header><\/div><\/div><div class=\"rowItem col-md-4 col-ms-12 btTextRight animate animate-fadein animate-moveup btMiddleVertical\"  ><div class=\"rowItemContent\" ><a href=\"https:\/\/pharmaroad.hu\/en\/karrier\/\" class=\"btBtn btBtn btnOutlineStyle btnLightColor btnSmall btnNormalWidth btnRightPosition btnNoIcon\" ><span class=\"btnInnerText\">Career<\/span><\/a><\/div><\/div><\/div><\/div><\/div><\/div><\/div><\/section><\/p>","protected":false},"excerpt":{"rendered":"<p>Enged\u00e9lyek \u00e9s tan\u00fas\u00edtv\u00e1nyok Gy\u00f3gyszer-nagykereskedelmi Enged\u00e9ly Wholesale Distribution Authorisation (WDA K\u00e1b\u00edt\u00f3szer enged\u00e9ly &#8211; HU K\u00e1b\u00edt\u00f3szer enged\u00e9ly &#8211; EN ISO 90001 tan\u00fas\u00edtv\u00e1ny ISO 90001 tan\u00fas\u00edtv\u00e1ny mell\u00e9klete ISO 14001 tan\u00fas\u00edtv\u00e1ny ISO 14001 tan\u00fas\u00edtv\u00e1ny mell\u00e9klete ISO 50 001 tan\u00fas\u00edtv\u00e1ny ISO 50 001 tan\u00fas\u00edtv\u00e1ny mell\u00e9klete BISNODE Credit Report BISNODE tan\u00fas\u00edtv\u00e1ny &#8211; HU BISNODE tan\u00fas\u00edtv\u00e1ny &#8211; EN GDP Certificate (Kabai utca)Leer M\u00e1s<\/p>","protected":false},"author":1,"featured_media":0,"parent":0,"menu_order":0,"comment_status":"closed","ping_status":"closed","template":"","meta":{"footnotes":""},"class_list":["post-1452","page","type-page","status-publish","hentry"],"yoast_head":"<!-- This site is optimized with the Yoast SEO plugin v26.0 - https:\/\/yoast.com\/wordpress\/plugins\/seo\/ -->\n<title>Dokumentumt\u00e1r - Pharmaroad<\/title>\n<meta name=\"description\" content=\"Enged\u00e9lyek \u00e9s tan\u00fas\u00edtv\u00e1nyok, min\u0151s\u00e9gbiztos\u00edt\u00e1si dokumentumok, k\u00f3rh\u00e1zi \u00fczlet\u00e1g dokumentumai, gy\u00f3gyszert\u00e1ri \u00fczlet\u00e1g dokumentumai.\" \/>\n<meta name=\"robots\" content=\"index, follow, max-snippet:-1, max-image-preview:large, max-video-preview:-1\" \/>\n<link rel=\"canonical\" href=\"https:\/\/pharmaroad.hu\/en\/dokumentumtar\/\" \/>\n<meta property=\"og:locale\" content=\"en_GB\" \/>\n<meta property=\"og:type\" content=\"article\" \/>\n<meta property=\"og:title\" content=\"Dokumentumt\u00e1r - Pharmaroad\" \/>\n<meta property=\"og:description\" content=\"Enged\u00e9lyek \u00e9s tan\u00fas\u00edtv\u00e1nyok, min\u0151s\u00e9gbiztos\u00edt\u00e1si dokumentumok, k\u00f3rh\u00e1zi \u00fczlet\u00e1g dokumentumai, gy\u00f3gyszert\u00e1ri \u00fczlet\u00e1g dokumentumai.\" \/>\n<meta property=\"og:url\" content=\"https:\/\/pharmaroad.hu\/en\/dokumentumtar\/\" \/>\n<meta property=\"og:site_name\" content=\"Pharmaroad\" \/>\n<meta property=\"article:modified_time\" content=\"2025-10-20T06:40:56+00:00\" \/>\n<meta name=\"twitter:card\" content=\"summary_large_image\" \/>\n<meta name=\"twitter:label1\" content=\"Estimated reading time\" \/>\n\t<meta name=\"twitter:data1\" content=\"1 minute\" \/>\n<script type=\"application\/ld+json\" class=\"yoast-schema-graph\">{\"@context\":\"https:\/\/schema.org\",\"@graph\":[{\"@type\":\"WebPage\",\"@id\":\"https:\/\/pharmaroad.hu\/dokumentumtar\/\",\"url\":\"https:\/\/pharmaroad.hu\/dokumentumtar\/\",\"name\":\"Dokumentumt\u00e1r - Pharmaroad\",\"isPartOf\":{\"@id\":\"https:\/\/pharmaroad.hu\/#website\"},\"datePublished\":\"2020-02-12T11:44:30+00:00\",\"dateModified\":\"2025-10-20T06:40:56+00:00\",\"description\":\"Enged\u00e9lyek \u00e9s tan\u00fas\u00edtv\u00e1nyok, min\u0151s\u00e9gbiztos\u00edt\u00e1si dokumentumok, k\u00f3rh\u00e1zi \u00fczlet\u00e1g dokumentumai, gy\u00f3gyszert\u00e1ri \u00fczlet\u00e1g dokumentumai.\",\"breadcrumb\":{\"@id\":\"https:\/\/pharmaroad.hu\/dokumentumtar\/#breadcrumb\"},\"inLanguage\":\"en-GB\",\"potentialAction\":[{\"@type\":\"ReadAction\",\"target\":[\"https:\/\/pharmaroad.hu\/dokumentumtar\/\"]}]},{\"@type\":\"BreadcrumbList\",\"@id\":\"https:\/\/pharmaroad.hu\/dokumentumtar\/#breadcrumb\",\"itemListElement\":[{\"@type\":\"ListItem\",\"position\":1,\"name\":\"Home\",\"item\":\"https:\/\/pharmaroad.hu\/\"},{\"@type\":\"ListItem\",\"position\":2,\"name\":\"Dokumentumt\u00e1r\"}]},{\"@type\":\"WebSite\",\"@id\":\"https:\/\/pharmaroad.hu\/#website\",\"url\":\"https:\/\/pharmaroad.hu\/\",\"name\":\"Pharmaroad\",\"description\":\"\u00dat a gy\u00f3gy\u00edt\u00e1shoz\",\"publisher\":{\"@id\":\"https:\/\/pharmaroad.hu\/#organization\"},\"potentialAction\":[{\"@type\":\"SearchAction\",\"target\":{\"@type\":\"EntryPoint\",\"urlTemplate\":\"https:\/\/pharmaroad.hu\/?s={search_term_string}\"},\"query-input\":{\"@type\":\"PropertyValueSpecification\",\"valueRequired\":true,\"valueName\":\"search_term_string\"}}],\"inLanguage\":\"en-GB\"},{\"@type\":\"Organization\",\"@id\":\"https:\/\/pharmaroad.hu\/#organization\",\"name\":\"Pharmaroad\",\"url\":\"https:\/\/pharmaroad.hu\/\",\"logo\":{\"@type\":\"ImageObject\",\"inLanguage\":\"en-GB\",\"@id\":\"https:\/\/pharmaroad.hu\/#\/schema\/logo\/image\/\",\"url\":\"https:\/\/i0.wp.com\/pharmaroad.hu\/wp-content\/uploads\/2020\/03\/pharmaroadlogo.png?fit=978%2C678&ssl=1\",\"contentUrl\":\"https:\/\/i0.wp.com\/pharmaroad.hu\/wp-content\/uploads\/2020\/03\/pharmaroadlogo.png?fit=978%2C678&ssl=1\",\"width\":978,\"height\":678,\"caption\":\"Pharmaroad\"},\"image\":{\"@id\":\"https:\/\/pharmaroad.hu\/#\/schema\/logo\/image\/\"}}]}<\/script>\n<!-- \/ Yoast SEO plugin. -->","yoast_head_json":{"title":"Dokumentumt\u00e1r - Pharmaroad","description":"Enged\u00e9lyek \u00e9s tan\u00fas\u00edtv\u00e1nyok, min\u0151s\u00e9gbiztos\u00edt\u00e1si dokumentumok, k\u00f3rh\u00e1zi \u00fczlet\u00e1g dokumentumai, gy\u00f3gyszert\u00e1ri \u00fczlet\u00e1g dokumentumai.","robots":{"index":"index","follow":"follow","max-snippet":"max-snippet:-1","max-image-preview":"max-image-preview:large","max-video-preview":"max-video-preview:-1"},"canonical":"https:\/\/pharmaroad.hu\/en\/dokumentumtar\/","og_locale":"en_GB","og_type":"article","og_title":"Dokumentumt\u00e1r - Pharmaroad","og_description":"Enged\u00e9lyek \u00e9s tan\u00fas\u00edtv\u00e1nyok, min\u0151s\u00e9gbiztos\u00edt\u00e1si dokumentumok, k\u00f3rh\u00e1zi \u00fczlet\u00e1g dokumentumai, gy\u00f3gyszert\u00e1ri \u00fczlet\u00e1g dokumentumai.","og_url":"https:\/\/pharmaroad.hu\/en\/dokumentumtar\/","og_site_name":"Pharmaroad","article_modified_time":"2025-10-20T06:40:56+00:00","twitter_card":"summary_large_image","twitter_misc":{"Estimated reading time":"1 minute"},"schema":{"@context":"https:\/\/schema.org","@graph":[{"@type":"WebPage","@id":"https:\/\/pharmaroad.hu\/dokumentumtar\/","url":"https:\/\/pharmaroad.hu\/dokumentumtar\/","name":"Dokumentumt\u00e1r - Pharmaroad","isPartOf":{"@id":"https:\/\/pharmaroad.hu\/#website"},"datePublished":"2020-02-12T11:44:30+00:00","dateModified":"2025-10-20T06:40:56+00:00","description":"Enged\u00e9lyek \u00e9s tan\u00fas\u00edtv\u00e1nyok, min\u0151s\u00e9gbiztos\u00edt\u00e1si dokumentumok, k\u00f3rh\u00e1zi \u00fczlet\u00e1g dokumentumai, gy\u00f3gyszert\u00e1ri \u00fczlet\u00e1g dokumentumai.","breadcrumb":{"@id":"https:\/\/pharmaroad.hu\/dokumentumtar\/#breadcrumb"},"inLanguage":"en-GB","potentialAction":[{"@type":"ReadAction","target":["https:\/\/pharmaroad.hu\/dokumentumtar\/"]}]},{"@type":"BreadcrumbList","@id":"https:\/\/pharmaroad.hu\/dokumentumtar\/#breadcrumb","itemListElement":[{"@type":"ListItem","position":1,"name":"Home","item":"https:\/\/pharmaroad.hu\/"},{"@type":"ListItem","position":2,"name":"Dokumentumt\u00e1r"}]},{"@type":"WebSite","@id":"https:\/\/pharmaroad.hu\/#website","url":"https:\/\/pharmaroad.hu\/","name":"Pharmaroad","description":"\u00dat a gy\u00f3gy\u00edt\u00e1shoz","publisher":{"@id":"https:\/\/pharmaroad.hu\/#organization"},"potentialAction":[{"@type":"SearchAction","target":{"@type":"EntryPoint","urlTemplate":"https:\/\/pharmaroad.hu\/?s={search_term_string}"},"query-input":{"@type":"PropertyValueSpecification","valueRequired":true,"valueName":"search_term_string"}}],"inLanguage":"en-GB"},{"@type":"Organization","@id":"https:\/\/pharmaroad.hu\/#organization","name":"Pharmaroad","url":"https:\/\/pharmaroad.hu\/","logo":{"@type":"ImageObject","inLanguage":"en-GB","@id":"https:\/\/pharmaroad.hu\/#\/schema\/logo\/image\/","url":"https:\/\/i0.wp.com\/pharmaroad.hu\/wp-content\/uploads\/2020\/03\/pharmaroadlogo.png?fit=978%2C678&ssl=1","contentUrl":"https:\/\/i0.wp.com\/pharmaroad.hu\/wp-content\/uploads\/2020\/03\/pharmaroadlogo.png?fit=978%2C678&ssl=1","width":978,"height":678,"caption":"Pharmaroad"},"image":{"@id":"https:\/\/pharmaroad.hu\/#\/schema\/logo\/image\/"}}]}},"jetpack_sharing_enabled":true,"_links":{"self":[{"href":"https:\/\/pharmaroad.hu\/en\/wp-json\/wp\/v2\/pages\/1452","targetHints":{"allow":["GET"]}}],"collection":[{"href":"https:\/\/pharmaroad.hu\/en\/wp-json\/wp\/v2\/pages"}],"about":[{"href":"https:\/\/pharmaroad.hu\/en\/wp-json\/wp\/v2\/types\/page"}],"author":[{"embeddable":true,"href":"https:\/\/pharmaroad.hu\/en\/wp-json\/wp\/v2\/users\/1"}],"replies":[{"embeddable":true,"href":"https:\/\/pharmaroad.hu\/en\/wp-json\/wp\/v2\/comments?post=1452"}],"version-history":[{"count":49,"href":"https:\/\/pharmaroad.hu\/en\/wp-json\/wp\/v2\/pages\/1452\/revisions"}],"predecessor-version":[{"id":13795,"href":"https:\/\/pharmaroad.hu\/en\/wp-json\/wp\/v2\/pages\/1452\/revisions\/13795"}],"wp:attachment":[{"href":"https:\/\/pharmaroad.hu\/en\/wp-json\/wp\/v2\/media?parent=1452"}],"curies":[{"name":"wp","href":"https:\/\/api.w.org\/{rel}","templated":true}]}}