{"id":1434,"date":"2020-02-03T09:20:18","date_gmt":"2020-02-03T09:20:18","guid":{"rendered":"https:\/\/phrstaging.pharmaroad.hu\/?page_id=1434"},"modified":"2024-10-31T16:18:03","modified_gmt":"2024-10-31T15:18:03","slug":"logisztika","status":"publish","type":"page","link":"https:\/\/pharmaroad.hu\/en\/logisztika\/","title":{"rendered":"Logistics Services"},"content":{"rendered":"<p><section id=\"bt_section69df4c1d13123\"  class=\"boldSection btDivider topSemiSpaced bottomSemiSpaced btDarkSkin gutter inherit wBackground cover\" style=\"background-color:#0c7296;background-image:url('https:\/\/i0.wp.com\/pharmaroad.hu\/wp-content\/uploads\/2015\/12\/bgn-grad-1.png?fit=2000%2C1333&ssl=1');\"><div class=\"port\"><div class=\"boldCell\"><div class=\"boldCellInner\"><div class=\"boldRow\" ><div class=\"boldRowInner\"><div class=\"rowItem col-md-4 col-ms-12 btTextRight inherit btNoPadding\"  ><div class=\"rowItemContent\" ><\/div><\/div><div class=\"rowItem col-md-8 col-ms-12 btTextLeft animate animate-fadein animate-moveleft inherit btDoublePadding\"  ><div class=\"rowItemContent\" ><div class=\"btClear btSeparator topExtraSmallSpaced noBorder\" ><hr><\/div><div class=\"btClear btSeparator topExtraSmallSpaced noBorder\" ><hr><\/div><header class=\"header btClear large  btNormalDash\" ><div class=\"btSuperTitle\">Pharmaroad Zrt.<\/div><div class=\"dash\"><h2><span class=\"headline\">Logistics Services<\/span><\/h2><\/div><\/header><\/div><\/div><\/div><\/div><\/div><\/div><\/div><\/section><section id=\"bt_section69df4c1d13443\"  class=\"boldSection topSemiSpaced bottomSpaced gutter inherit\" style=\"background-color:#f1f1f1;\"><div class=\"port\"><div class=\"boldCell\"><div class=\"boldCellInner\"><div class=\"boldRow\" ><div class=\"boldRowInner\"><div class=\"rowItem col-md-4 col-ms-12 btTextLeft animate animate-fadein animate-moveup btTextIndent inherit\" style=\"margin-top: -180px;\" ><div class=\"rowItemContent\" style = \"background-color:#ffffff;\"><div class=\"bpgPhoto btTextCenter\" ><div class=\"btImage\"><img data-recalc-dims=\"1\" decoding=\"async\" src=\"https:\/\/i0.wp.com\/pharmaroad.hu\/wp-content\/uploads\/2020\/03\/Reiner_Ferenc.jpg?w=1200&#038;ssl=1\" alt=\"\" title=\"\"><\/div><\/div><div class=\"btIconImageRow btIconsHalfHoverPosition\" ><span class=\"btIco btIcoFilledType btIcoMediumSize btIcoAccentColor  btIcoOutline\" ><a href=\"#\"  target = \"no_target\" data-ico-md=\"&#xe903;\" class=\"btIcoHolder\"><em><\/em><\/a><\/span><\/div><div class=\"btClear btSeparator topExtraSmallSpaced noBorder\" ><hr><\/div><header class=\"header btClear medium  btNormalDash\" ><div class=\"btSuperTitle\">LOGISZTIKAI VEZET\u0150<\/div><div class=\"dash\"><h3><span class=\"headline\">Mr. Ferenc REINER<\/span><\/h3><\/div><\/header><div class=\"btClear btSeparator topExtraSmallSpaced noBorder\" ><hr><\/div><div class=\"btIconImageRow btIconsNormalPosition\" ><span class=\"btIco btIcoDefaultType btIcoSmallSize btIcoDefaultColor\" ><a href=\"tel:+080023367820\"  target = \"no_target\" data-ico-fa=\"&#xf095;\" class=\"btIcoHolder\"><em><\/em><span class=\"btIcoText\">+36-1-433-0080<\/span><\/a><\/span><\/div><div class=\"btClear btSeparator topExtraSmallSpaced noBorder\" ><hr><\/div><div class=\"btIconImageRow btIconsNormalPosition\" ><span class=\"btIco btIcoDefaultType btIcoSmallSize btIcoDefaultColor\" ><a href=\"mailto:sussie.wolff@medicare.com\"  target = \"no_target\" data-ico-fa=\"&#xf003;\" class=\"btIcoHolder\"><em><\/em><span class=\"btIcoText\">info@pharmaroad.hu<\/span><\/a><\/span><\/div><div class=\"btClear btSeparator topSemiSpaced bottomSmallSpaced border\" ><hr><\/div><div class=\"bt_bb_masonry_image_grid bt_bb_grid_container bt_bb_columns_1 bt_bb_gap_normal\" data-columns=\"1\"><div class=\"bt_bb_masonry_post_image_content\" data-columns=\"1\"><div class=\"bt_bb_grid_sizer\"><\/div><div class=\"bt_bb_grid_item bt_bb_tile_format11\" data-hw=\"0.6675\" data-src=\"https:\/\/i0.wp.com\/pharmaroad.hu\/wp-content\/uploads\/2020\/03\/20200227PharmaRoad0028-scaled.jpg?fit=1200%2C801&#038;ssl=1\" data-src-full=\"https:\/\/i0.wp.com\/pharmaroad.hu\/wp-content\/uploads\/2020\/03\/20200227PharmaRoad0028-scaled.jpg?fit=2560%2C1709&#038;ssl=1\" data-title=\"20200227PharmaRoad0028\"><div class=\"bt_bb_grid_item_inner\" data-hw=\"0.6675\" ><div class=\"bt_bb_grid_item_inner_image\"><\/div><div class=\"bt_bb_grid_item_inner_content\"><\/div><\/div><\/div><div class=\"bt_bb_grid_item bt_bb_tile_format11\" data-hw=\"0.6675\" data-src=\"https:\/\/i0.wp.com\/pharmaroad.hu\/wp-content\/uploads\/2020\/03\/20200227PharmaRoad0069-scaled.jpg?fit=1200%2C801&#038;ssl=1\" data-src-full=\"https:\/\/i0.wp.com\/pharmaroad.hu\/wp-content\/uploads\/2020\/03\/20200227PharmaRoad0069-scaled.jpg?fit=2560%2C1709&#038;ssl=1\" data-title=\"20200227PharmaRoad0069\"><div class=\"bt_bb_grid_item_inner\" data-hw=\"0.6675\" ><div class=\"bt_bb_grid_item_inner_image\"><\/div><div class=\"bt_bb_grid_item_inner_content\"><\/div><\/div><\/div><div class=\"bt_bb_grid_item bt_bb_tile_format11\" data-hw=\"0.6675\" data-src=\"https:\/\/i0.wp.com\/pharmaroad.hu\/wp-content\/uploads\/2020\/03\/20200227PharmaRoad0075-scaled.jpg?fit=1200%2C801&#038;ssl=1\" data-src-full=\"https:\/\/i0.wp.com\/pharmaroad.hu\/wp-content\/uploads\/2020\/03\/20200227PharmaRoad0075-scaled.jpg?fit=2560%2C1709&#038;ssl=1\" data-title=\"20200227PharmaRoad0075\"><div class=\"bt_bb_grid_item_inner\" data-hw=\"0.6675\" ><div class=\"bt_bb_grid_item_inner_image\"><\/div><div class=\"bt_bb_grid_item_inner_content\"><\/div><\/div><\/div><\/div><\/div><div class=\"btClear btSeparator topSmallSpaced noBorder\" ><hr><\/div><\/div><\/div><div class=\"rowItem col-md-8 col-ms-12 btTextLeft animate animate-fadein inherit btDoublePadding\"  ><div class=\"rowItemContent\" ><div class=\"btClear btSeparator bottomSmallSpaced border\" ><hr><\/div><div class=\"btText\" ><\/p>\n<blockquote>\n<p style=\"text-align: justify;\"><em>\u2026the team providing the logistic and quality support to our warehousing operations consists of 60-65 people well versed in all aspects of pharmaceutical wholesaling activities including the proper execution of goods-in procedures, FMD requirements for verification or decommissioning, the release of goods to saleable stock, picking and packing, distribution, return handling, complaints processing, recall administration or product destruction\u2026<\/em><\/p>\n<\/blockquote>\n<p>\n<\/div><div class=\"btClear btSeparator bottomSmallSpaced border\" ><hr><\/div><div class=\"bt_bb_masonry_image_grid bt_bb_grid_container bt_bb_columns_2 bt_bb_gap_normal\" data-columns=\"2\"><div class=\"bt_bb_masonry_post_image_content\" data-columns=\"2\"><div class=\"bt_bb_grid_sizer\"><\/div><div class=\"bt_bb_grid_item bt_bb_tile_format11\" data-hw=\"0.6675\" data-src=\"https:\/\/i0.wp.com\/pharmaroad.hu\/wp-content\/uploads\/2020\/03\/PHR3.jpg?fit=1200%2C801&#038;ssl=1\" data-src-full=\"https:\/\/i0.wp.com\/pharmaroad.hu\/wp-content\/uploads\/2020\/03\/PHR3.jpg?fit=1920%2C1282&#038;ssl=1\" data-title=\"PHR3\"><div class=\"bt_bb_grid_item_inner\" data-hw=\"0.6675\" ><div class=\"bt_bb_grid_item_inner_image\"><\/div><div class=\"bt_bb_grid_item_inner_content\"><\/div><\/div><\/div><div class=\"bt_bb_grid_item bt_bb_tile_format11\" data-hw=\"0.6675\" data-src=\"https:\/\/i0.wp.com\/pharmaroad.hu\/wp-content\/uploads\/2020\/03\/PHR2.jpg?fit=1200%2C801&#038;ssl=1\" data-src-full=\"https:\/\/i0.wp.com\/pharmaroad.hu\/wp-content\/uploads\/2020\/03\/PHR2.jpg?fit=1920%2C1282&#038;ssl=1\" data-title=\"PHR2\"><div class=\"bt_bb_grid_item_inner\" data-hw=\"0.6675\" ><div class=\"bt_bb_grid_item_inner_image\"><\/div><div class=\"bt_bb_grid_item_inner_content\"><\/div><\/div><\/div><\/div><\/div><div class=\"btClear btSeparator bottomSmallSpaced border\" ><hr><\/div><div class=\"btText\" ><\/p>\n<p style=\"text-align: justify;\">Should any business organization intend to enter local or regional markets \u2013 or remain competitive once its presence is already established \u2013 it is of paramount importance to find a reliable logistics service provider whose facilities as well as personnel are well suited for pharmaceutical wholesaling activities.  Larger \u2013 typically multinational companies \u2013 tend to establish their own logistics facilities locally while others outsource such services and use specialized operators in the field.  The latter might prove to be a quicker and more cost-efficient solution as the advantages of contracting with a local professional logistics operator include specialized facilities and staff with specific expertise and also offers a network of well-established relationships with all relevant market participants including regulatory authorities, other wholesalers, pharmacies or healthcare institutions.<\/p>\n<p style=\"text-align: justify;\">A PHARMAROAD sz\u00e1mos a magyarorsz\u00e1gi piacon akt\u00edv forgalomba hozatali enged\u00e9ly jogosult sz\u00e1m\u00e1ra ny\u00fajt komplex logisztikai szolg\u00e1ltat\u00e1sokat. Budapesti telephely\u00e9n, 2300 n\u00e9gyzetm\u00e9teren biztos\u00edtja partnerei sz\u00e1m\u00e1ra a logisztikai feladatok szakszer\u0171 ell\u00e1t\u00e1s\u00e1t.\u00a0 Telephelyi adotts\u00e1gai, illetve hat\u00f3s\u00e1gi enged\u00e9lyei lehet\u0151v\u00e9 teszik a lehet\u0151 legsz\u00e9lesebb term\u00e9kpaletta (bele\u00e9rve a K1 \u00e9s K2 besorol\u00e1s\u00fa k\u00e1b\u00edt\u00f3szereket \u00e9s P2 illetve P4 besorol\u00e1s\u00fa pszichotrop k\u00e9sz\u00edtm\u00e9nyeket) h\u00e1rom h\u0151m\u00e9rs\u00e9kleti tartom\u00e1nyban (2-8 C \/ 8-15 C \/ 15-25 C) t\u00f6rt\u00e9n\u0151 kezel\u00e9s\u00e9t. A v\u00e1llalat belist\u00e1zott term\u00e9k\u00e1llom\u00e1nya 8464 k\u00e9sz\u00edtm\u00e9nyre terjed ki mely \u00e9ves szinten megk\u00f6zel\u00edt\u0151leg 12 milli\u00f3 doboz \u00e9rt\u00e9kes\u00edt\u00e9s\u00e9t eredm\u00e9nyezi. \u00a0A v\u00e1llalat \u00e1ltal ell\u00e1tott kb. 400 patik\u00e1b\u00f3l, eg\u00e9szs\u00e9g\u00fcgyi int\u00e9zm\u00e9nyb\u0151l \u00e9s m\u00e1s nagykeresked\u0151kb\u0151l \u00e1ll\u00f3 partner\u00e1llom\u00e1ny sz\u00e1ll\u00edtm\u00e1nyoz\u00e1si ig\u00e9nyeit egy a nemzetk\u00f6zi jogszab\u00e1lyi k\u00f6vetelm\u00e9nyeknek maxim\u00e1lisan megfelel\u0151 j\u00e1rm\u0171park biztos\u00edtja.<\/p>\n<p style=\"text-align: justify;\">The team at our company providing the logistic and quality support to the warehousing operations consists of 60-65 people well versed in all aspects of pharmaceutical wholesaling including the proper execution of goods-in procedures, FMD requirements for verification or decommissioning, the release of goods to saleable stock, picking and packing, distribution, return handling, complaints processing, recall administration or product destruction among many other areas.  Our warehousing management system facilitates the processing of more than 600 daily orders that on average account for 50 000 units being handpicked and packed by our colleagues. As per the regulatory requirements, our system is also connected to the national data repository of the European Medicines Verification System (EMVS) allowing all mandatory transactions to be executed as prescribed by the Falsified Medicines Directive and Delegated Regulation.<\/p>\n<p style=\"text-align: justify;\">Our expertise within the realm of logistics support include the following services:<\/p>\n<ul>\n<li style=\"text-align: justify;\">Full scale logistics services (transportation, storage, distribution, quality system management, etc.) according to the applying regulatory standards (GMP, GDP, GCP, etc.);<\/li>\n<li style=\"text-align: justify;\">Assistance in the application for and acquisition of a Wholesaler Distribution Authorization in Hungary;<\/li>\n<li style=\"text-align: justify;\">Storage and distribution of products in three temperature ranges (2-8 C \/ 8-15 C \/ 15-25 C);<\/li>\n<li style=\"text-align: justify;\">Storage and distribution of psychotropic and narcotic products;<\/li>\n<li style=\"text-align: justify;\">Expertise in executing all related transactions (verification, decommissioning, alert handling and management, etc.) within the framework of the Falsified Medicines Directive and Delegated Regulation;<\/li>\n<li style=\"text-align: justify;\">Handling and administration of incoming international consignments including all relevant quantitative and qualitative checks, FMD related procedures, release to saleable stock and complaint management;<\/li>\n<li style=\"text-align: justify;\">Management and processing of purchase orders in high volumes;<\/li>\n<li style=\"text-align: justify;\">Country-wide distribution of products in GDP certified, temperature controlled vehicles.<\/li>\n<\/ul>\n<p>\n<\/div><div class=\"btClear btSeparator topSmallSpaced bottomSmallSpaced border\" ><hr><\/div><\/div><\/div><\/div><\/div><\/div><\/div><\/div><\/section><section id=\"bt_section69df4c1d1604c\"  class=\"boldSection topSemiSpaced bottomSemiSpaced btDarkSkin gutter inherit btAleternateColorBackground\" ><div class=\"port\"><div class=\"boldCell\"><div class=\"boldCellInner\"><div class=\"boldRow\" ><div class=\"boldRowInner\"><div class=\"rowItem col-md-8 col-ms-12 btTextLeft animate animate-fadein animate-moveup btMiddleVertical\"  ><div class=\"rowItemContent\" ><header class=\"header btClear medium  btNormalDash\" ><div class=\"btSuperTitle\">We are constantly looking for talented individuals interested in joining our company<\/div><div class=\"dash\"><h3><span class=\"headline\">Join us<\/span><\/h3><\/div><\/header><\/div><\/div><div class=\"rowItem col-md-4 col-ms-12 btTextRight animate animate-fadein animate-moveup btMiddleVertical\"  ><div class=\"rowItemContent\" ><a href=\"https:\/\/pharmaroad.hu\/en\/karrier\/\" class=\"btBtn btBtn btnOutlineStyle btnLightColor btnSmall btnNormalWidth btnRightPosition btnNoIcon\" ><span class=\"btnInnerText\">Career<\/span><\/a><\/div><\/div><\/div><\/div><\/div><\/div><\/div><\/section><\/p>","protected":false},"excerpt":{"rendered":"","protected":false},"author":1,"featured_media":0,"parent":0,"menu_order":0,"comment_status":"closed","ping_status":"closed","template":"","meta":{"footnotes":""},"class_list":["post-1434","page","type-page","status-publish","hentry"],"yoast_head":"<!-- This site is optimized with the Yoast SEO plugin v26.0 - https:\/\/yoast.com\/wordpress\/plugins\/seo\/ -->\n<title>Logisztikai szolg\u00e1ltat\u00e1sok - Pharmaroad<\/title>\n<meta name=\"robots\" content=\"index, follow, max-snippet:-1, max-image-preview:large, max-video-preview:-1\" \/>\n<link rel=\"canonical\" href=\"https:\/\/pharmaroad.hu\/en\/logisztika\/\" \/>\n<meta property=\"og:locale\" content=\"en_GB\" \/>\n<meta property=\"og:type\" content=\"article\" \/>\n<meta property=\"og:title\" content=\"Logisztikai szolg\u00e1ltat\u00e1sok - Pharmaroad\" \/>\n<meta property=\"og:url\" content=\"https:\/\/pharmaroad.hu\/en\/logisztika\/\" \/>\n<meta property=\"og:site_name\" content=\"Pharmaroad\" \/>\n<meta property=\"article:modified_time\" content=\"2024-10-31T15:18:03+00:00\" \/>\n<meta name=\"twitter:card\" content=\"summary_large_image\" \/>\n<meta name=\"twitter:label1\" content=\"Estimated reading time\" \/>\n\t<meta name=\"twitter:data1\" content=\"3 minutes\" \/>\n<script type=\"application\/ld+json\" class=\"yoast-schema-graph\">{\"@context\":\"https:\/\/schema.org\",\"@graph\":[{\"@type\":\"WebPage\",\"@id\":\"https:\/\/pharmaroad.hu\/logisztika\/\",\"url\":\"https:\/\/pharmaroad.hu\/logisztika\/\",\"name\":\"Logisztikai szolg\u00e1ltat\u00e1sok - Pharmaroad\",\"isPartOf\":{\"@id\":\"https:\/\/pharmaroad.hu\/#website\"},\"datePublished\":\"2020-02-03T09:20:18+00:00\",\"dateModified\":\"2024-10-31T15:18:03+00:00\",\"breadcrumb\":{\"@id\":\"https:\/\/pharmaroad.hu\/logisztika\/#breadcrumb\"},\"inLanguage\":\"en-GB\",\"potentialAction\":[{\"@type\":\"ReadAction\",\"target\":[\"https:\/\/pharmaroad.hu\/logisztika\/\"]}]},{\"@type\":\"BreadcrumbList\",\"@id\":\"https:\/\/pharmaroad.hu\/logisztika\/#breadcrumb\",\"itemListElement\":[{\"@type\":\"ListItem\",\"position\":1,\"name\":\"Home\",\"item\":\"https:\/\/pharmaroad.hu\/\"},{\"@type\":\"ListItem\",\"position\":2,\"name\":\"Logisztikai szolg\u00e1ltat\u00e1sok\"}]},{\"@type\":\"WebSite\",\"@id\":\"https:\/\/pharmaroad.hu\/#website\",\"url\":\"https:\/\/pharmaroad.hu\/\",\"name\":\"Pharmaroad\",\"description\":\"\u00dat a gy\u00f3gy\u00edt\u00e1shoz\",\"publisher\":{\"@id\":\"https:\/\/pharmaroad.hu\/#organization\"},\"potentialAction\":[{\"@type\":\"SearchAction\",\"target\":{\"@type\":\"EntryPoint\",\"urlTemplate\":\"https:\/\/pharmaroad.hu\/?s={search_term_string}\"},\"query-input\":{\"@type\":\"PropertyValueSpecification\",\"valueRequired\":true,\"valueName\":\"search_term_string\"}}],\"inLanguage\":\"en-GB\"},{\"@type\":\"Organization\",\"@id\":\"https:\/\/pharmaroad.hu\/#organization\",\"name\":\"Pharmaroad\",\"url\":\"https:\/\/pharmaroad.hu\/\",\"logo\":{\"@type\":\"ImageObject\",\"inLanguage\":\"en-GB\",\"@id\":\"https:\/\/pharmaroad.hu\/#\/schema\/logo\/image\/\",\"url\":\"https:\/\/i0.wp.com\/pharmaroad.hu\/wp-content\/uploads\/2020\/03\/pharmaroadlogo.png?fit=978%2C678&ssl=1\",\"contentUrl\":\"https:\/\/i0.wp.com\/pharmaroad.hu\/wp-content\/uploads\/2020\/03\/pharmaroadlogo.png?fit=978%2C678&ssl=1\",\"width\":978,\"height\":678,\"caption\":\"Pharmaroad\"},\"image\":{\"@id\":\"https:\/\/pharmaroad.hu\/#\/schema\/logo\/image\/\"}}]}<\/script>\n<!-- \/ Yoast SEO plugin. -->","yoast_head_json":{"title":"Logisztikai szolg\u00e1ltat\u00e1sok - Pharmaroad","robots":{"index":"index","follow":"follow","max-snippet":"max-snippet:-1","max-image-preview":"max-image-preview:large","max-video-preview":"max-video-preview:-1"},"canonical":"https:\/\/pharmaroad.hu\/en\/logisztika\/","og_locale":"en_GB","og_type":"article","og_title":"Logisztikai szolg\u00e1ltat\u00e1sok - Pharmaroad","og_url":"https:\/\/pharmaroad.hu\/en\/logisztika\/","og_site_name":"Pharmaroad","article_modified_time":"2024-10-31T15:18:03+00:00","twitter_card":"summary_large_image","twitter_misc":{"Estimated reading time":"3 minutes"},"schema":{"@context":"https:\/\/schema.org","@graph":[{"@type":"WebPage","@id":"https:\/\/pharmaroad.hu\/logisztika\/","url":"https:\/\/pharmaroad.hu\/logisztika\/","name":"Logisztikai szolg\u00e1ltat\u00e1sok - Pharmaroad","isPartOf":{"@id":"https:\/\/pharmaroad.hu\/#website"},"datePublished":"2020-02-03T09:20:18+00:00","dateModified":"2024-10-31T15:18:03+00:00","breadcrumb":{"@id":"https:\/\/pharmaroad.hu\/logisztika\/#breadcrumb"},"inLanguage":"en-GB","potentialAction":[{"@type":"ReadAction","target":["https:\/\/pharmaroad.hu\/logisztika\/"]}]},{"@type":"BreadcrumbList","@id":"https:\/\/pharmaroad.hu\/logisztika\/#breadcrumb","itemListElement":[{"@type":"ListItem","position":1,"name":"Home","item":"https:\/\/pharmaroad.hu\/"},{"@type":"ListItem","position":2,"name":"Logisztikai szolg\u00e1ltat\u00e1sok"}]},{"@type":"WebSite","@id":"https:\/\/pharmaroad.hu\/#website","url":"https:\/\/pharmaroad.hu\/","name":"Pharmaroad","description":"\u00dat a gy\u00f3gy\u00edt\u00e1shoz","publisher":{"@id":"https:\/\/pharmaroad.hu\/#organization"},"potentialAction":[{"@type":"SearchAction","target":{"@type":"EntryPoint","urlTemplate":"https:\/\/pharmaroad.hu\/?s={search_term_string}"},"query-input":{"@type":"PropertyValueSpecification","valueRequired":true,"valueName":"search_term_string"}}],"inLanguage":"en-GB"},{"@type":"Organization","@id":"https:\/\/pharmaroad.hu\/#organization","name":"Pharmaroad","url":"https:\/\/pharmaroad.hu\/","logo":{"@type":"ImageObject","inLanguage":"en-GB","@id":"https:\/\/pharmaroad.hu\/#\/schema\/logo\/image\/","url":"https:\/\/i0.wp.com\/pharmaroad.hu\/wp-content\/uploads\/2020\/03\/pharmaroadlogo.png?fit=978%2C678&ssl=1","contentUrl":"https:\/\/i0.wp.com\/pharmaroad.hu\/wp-content\/uploads\/2020\/03\/pharmaroadlogo.png?fit=978%2C678&ssl=1","width":978,"height":678,"caption":"Pharmaroad"},"image":{"@id":"https:\/\/pharmaroad.hu\/#\/schema\/logo\/image\/"}}]}},"jetpack_sharing_enabled":true,"_links":{"self":[{"href":"https:\/\/pharmaroad.hu\/en\/wp-json\/wp\/v2\/pages\/1434","targetHints":{"allow":["GET"]}}],"collection":[{"href":"https:\/\/pharmaroad.hu\/en\/wp-json\/wp\/v2\/pages"}],"about":[{"href":"https:\/\/pharmaroad.hu\/en\/wp-json\/wp\/v2\/types\/page"}],"author":[{"embeddable":true,"href":"https:\/\/pharmaroad.hu\/en\/wp-json\/wp\/v2\/users\/1"}],"replies":[{"embeddable":true,"href":"https:\/\/pharmaroad.hu\/en\/wp-json\/wp\/v2\/comments?post=1434"}],"version-history":[{"count":40,"href":"https:\/\/pharmaroad.hu\/en\/wp-json\/wp\/v2\/pages\/1434\/revisions"}],"predecessor-version":[{"id":13318,"href":"https:\/\/pharmaroad.hu\/en\/wp-json\/wp\/v2\/pages\/1434\/revisions\/13318"}],"wp:attachment":[{"href":"https:\/\/pharmaroad.hu\/en\/wp-json\/wp\/v2\/media?parent=1434"}],"curies":[{"name":"wp","href":"https:\/\/api.w.org\/{rel}","templated":true}]}}