{"id":1432,"date":"2020-02-03T09:18:30","date_gmt":"2020-02-03T09:18:30","guid":{"rendered":"https:\/\/phrstaging.pharmaroad.hu\/?page_id=1432"},"modified":"2024-10-31T16:17:27","modified_gmt":"2024-10-31T15:17:27","slug":"nemzetkoziklinikaivizsgalatok","status":"publish","type":"page","link":"https:\/\/pharmaroad.hu\/en\/nemzetkoziklinikaivizsgalatok\/","title":{"rendered":"Clinical Trial Supply Division"},"content":{"rendered":"<p><section id=\"bt_section69e4bc04ae150\"  class=\"boldSection btDivider topSemiSpaced bottomSemiSpaced btDarkSkin gutter inherit wBackground cover\" style=\"background-color:#0c7296;background-image:url('https:\/\/i0.wp.com\/pharmaroad.hu\/wp-content\/uploads\/2015\/12\/bgn-grad-1.png?fit=2000%2C1333&ssl=1');\"><div class=\"port\"><div class=\"boldCell\"><div class=\"boldCellInner\"><div class=\"boldRow\" ><div class=\"boldRowInner\"><div class=\"rowItem col-md-4 col-ms-12 btTextRight inherit btNoPadding\"  ><div class=\"rowItemContent\" ><\/div><\/div><div class=\"rowItem col-md-8 col-ms-12 btTextLeft animate animate-fadein animate-moveleft inherit btDoublePadding\"  ><div class=\"rowItemContent\" ><div class=\"btClear btSeparator topExtraSmallSpaced noBorder\" ><hr><\/div><div class=\"btClear btSeparator topExtraSmallSpaced noBorder\" ><hr><\/div><header class=\"header btClear large  btNormalDash\" ><div class=\"btSuperTitle\">Pharmaroad Zrt.<\/div><div class=\"dash\"><h2><span class=\"headline\">Clinical Trial Supply Division<br \/><br><\/span><\/h2><\/div><\/header><\/div><\/div><\/div><\/div><\/div><\/div><\/div><\/section><section id=\"bt_section69e4bc04ae3d3\"  class=\"boldSection topSemiSpaced bottomSpaced gutter inherit\" style=\"background-color:#f1f1f1;\"><div class=\"port\"><div class=\"boldCell\"><div class=\"boldCellInner\"><div class=\"boldRow\" ><div class=\"boldRowInner\"><div class=\"rowItem col-md-4 col-ms-12 btTextLeft animate animate-fadein animate-moveup btTextIndent inherit\" style=\"margin-top: -180px;\" ><div class=\"rowItemContent\" style = \"background-color:#ffffff;\"><div class=\"bpgPhoto btTextCenter\" ><div class=\"btImage\"><img data-recalc-dims=\"1\" decoding=\"async\" src=\"https:\/\/i0.wp.com\/pharmaroad.hu\/wp-content\/uploads\/2020\/03\/Kov%C3%A1cs_Tibor.jpg?w=1200&#038;ssl=1\" alt=\"\" title=\"\"><\/div><\/div><div class=\"btIconImageRow btIconsHalfHoverPosition\" ><span class=\"btIco btIcoFilledType btIcoMediumSize btIcoAccentColor  btIcoOutline\" ><a href=\"#\"  target = \"no_target\" data-ico-es=\"&#xe99f;\" class=\"btIcoHolder\"><em><\/em><\/a><\/span><\/div><div class=\"btClear btSeparator topExtraSmallSpaced noBorder\" ><hr><\/div><header class=\"header btClear medium  btNormalDash\" ><div class=\"btSuperTitle\">KERESKEDELMI VEZ\u00c9RIGAZGAT\u00d3, IGAZGAT\u00d3S\u00c1GI TAG<\/div><div class=\"dash\"><h3><span class=\"headline\">Mr. Tibor KOVACS<\/span><\/h3><\/div><\/header><div class=\"btClear btSeparator topExtraSmallSpaced noBorder\" ><hr><\/div><div class=\"btIconImageRow btIconsNormalPosition\" ><span class=\"btIco btIcoDefaultType btIcoSmallSize btIcoDefaultColor\" ><a href=\"tel:+080023367820\"  target = \"no_target\" data-ico-fa=\"&#xf095;\" class=\"btIcoHolder\"><em><\/em><span class=\"btIcoText\">+36-1-433-0080<\/span><\/a><\/span><\/div><div class=\"btClear btSeparator topExtraSmallSpaced noBorder\" ><hr><\/div><div class=\"btIconImageRow btIconsNormalPosition\" ><span class=\"btIco btIcoDefaultType btIcoSmallSize btIcoDefaultColor\" ><a href=\"mailto:sussie.wolff@medicare.com\"  target = \"no_target\" data-ico-fa=\"&#xf003;\" class=\"btIcoHolder\"><em><\/em><span class=\"btIcoText\">info@pharmaroad.hu<\/span><\/a><\/span><\/div><div class=\"btClear btSeparator topSemiSpaced bottomSmallSpaced border\" ><hr><\/div><div class=\"slided autoSliderHeight btSliderHidePaging bt_bb_show_dots_bottom\"  data-slick='{ \"lazyLoad\": \"progressive\", \"cssEase\": \"ease-out\", \"speed\": \"600\", \"autoplay\": true, \"autoplaySpeed\": 5000, \"dots\": true}' data-simple_arrows=\"no\"><div class=\"slidedItem firstItem\"  data-thumb=\"https:\/\/i0.wp.com\/pharmaroad.hu\/wp-content\/uploads\/2020\/02\/ICT_Magazine_KOVACS_Tibor-1-e1584110723146.png?fit=320%2C453&#038;ssl=1\"><div class=\"btSliderPort wBackground cover\" style=\"background-image: url('https:\/\/i0.wp.com\/pharmaroad.hu\/wp-content\/uploads\/2020\/02\/ICT_Magazine_KOVACS_Tibor-1-e1584110723146.png?fit=354%2C500&#038;ssl=1')\"><div class=\"btSliderCell\" data-slick=\"yes\"><div class=\"btSlideGutter\"><div class=\"btSlidePane\"><div class=\"boldRow boldInnerRow\" ><div class=\"rowItem rowInnerItem col-md-6  btTextLeft\"  ><div class=\"rowItemContent\"><\/div><\/div><div class=\"rowItem rowInnerItem col-md-6  btTextLeft\"  ><div class=\"rowItemContent\"><div class=\"btClear btSeparator topExtraSpaced bottomSemiSpaced noBorder\" ><hr><\/div><a href=\"https:\/\/pharmaroad.hu\/wp-content\/uploads\/2020\/02\/ICT_Magazine_KOVACS_Tibor.pdf\" class=\"btBtn btBtn btnFilledStyle btnNormalColor btnMedium btnNormalWidth btnRightPosition btnNoIcon\" ><span class=\"btnInnerText\">KOV\u00c1CS Tibor \u201eThe Hungarian way\u201d c\u00edm\u0171 cikke az International Clinical Trials Magazine 2017\/05 sz\u00e1m\u00e1ban<\/span><\/a><div class=\"btClear btSeparator topExtraSpaced bottomSemiSpaced noBorder hidden-xs\" ><hr><\/div><\/div><\/div><\/div><\/div><\/div><\/div><\/div><\/div><div class=\"slidedItem firstItem\"  data-thumb=\"https:\/\/i0.wp.com\/pharmaroad.hu\/wp-content\/uploads\/2020\/02\/CTS_Handbook_KOVACS_Tibor-1.png?fit=320%2C446&#038;ssl=1\"><div class=\"btSliderPort wBackground cover\" style=\"background-image: url('https:\/\/i0.wp.com\/pharmaroad.hu\/wp-content\/uploads\/2020\/02\/CTS_Handbook_KOVACS_Tibor-1.png?fit=1748%2C2439&#038;ssl=1')\"><div class=\"btSliderCell\" data-slick=\"yes\"><div class=\"btSlideGutter\"><div class=\"btSlidePane\"><div class=\"boldRow boldInnerRow\" ><div class=\"rowItem rowInnerItem col-md-6  btTextLeft\"  ><div class=\"rowItemContent\"><\/div><\/div><div class=\"rowItem rowInnerItem col-md-6  btTextLeft\"  ><div class=\"rowItemContent\"><div class=\"btClear btSeparator topExtraSpaced bottomSemiSpaced noBorder\" ><hr><\/div><a href=\"https:\/\/pharmaroad.hu\/wp-content\/uploads\/2020\/02\/CTS_Handbook_KOVACS_Tibor.pdf\" class=\"btBtn btBtn btnFilledStyle btnNormalColor btnMedium btnNormalWidth btnRightPosition btnNoIcon\" ><span class=\"btnInnerText\">KOV\u00c1CS Tibor \u201eHarnessing the benefits of local sourcing in Hungary\u2019 c\u00edm\u0171 cikke a Clinical Trials Supply Handbook 2017 sz\u00e1m\u00e1ban<\/span><\/a><div class=\"btClear btSeparator topExtraSpaced bottomSemiSpaced noBorder hidden-xs\" ><hr><\/div><\/div><\/div><\/div><\/div><\/div><\/div><\/div><\/div><div class=\"slidedItem firstItem\"  data-thumb=\"https:\/\/i0.wp.com\/pharmaroad.hu\/wp-content\/uploads\/2020\/02\/CTI_Magazine_KOVACS_Tibor-1.png?fit=320%2C487&#038;ssl=1\"><div class=\"btSliderPort wBackground cover\" style=\"background-image: url('https:\/\/i0.wp.com\/pharmaroad.hu\/wp-content\/uploads\/2020\/02\/CTI_Magazine_KOVACS_Tibor-1.png?fit=2140%2C3260&#038;ssl=1')\"><div class=\"btSliderCell\" data-slick=\"yes\"><div class=\"btSlideGutter\"><div class=\"btSlidePane\"><div class=\"boldRow boldInnerRow\" ><div class=\"rowItem rowInnerItem col-md-6  btTextLeft\"  ><div class=\"rowItemContent\"><\/div><\/div><div class=\"rowItem rowInnerItem col-md-6  btTextLeft\"  ><div class=\"rowItemContent\"><div class=\"btClear btSeparator topExtraSpaced bottomSemiSpaced noBorder\" ><hr><\/div><a href=\"https:\/\/pharmaroad.hu\/wp-content\/uploads\/2020\/02\/CTI_Magazine_KOVACS_Tibor.pdf\" class=\"btBtn btBtn btnFilledStyle btnNormalColor btnMedium btnNormalWidth btnRightPosition btnNoIcon\" ><span class=\"btnInnerText\">KOV\u00c1CS Tibor \u201eLocal Heroes\u201d c\u00edm\u0171 cikke a Clinical Trials Insight 2017\/12 sz\u00e1m\u00e1ban<\/span><\/a><div class=\"btClear btSeparator topExtraSpaced bottomSemiSpaced noBorder hidden-xs\" ><hr><\/div><\/div><\/div><\/div><\/div><\/div><\/div><\/div><\/div><\/div><div class=\"btClear btSeparator topSemiSpaced noBorder\" ><hr><\/div><\/div><\/div><div class=\"rowItem col-md-8 col-ms-12 btTextLeft animate animate-fadein inherit btDoublePadding\"  ><div class=\"rowItemContent\" ><div class=\"btClear btSeparator bottomSmallSpaced border\" ><hr><\/div><div class=\"btText\" ><\/p>\n<blockquote>\n<p style=\"text-align: justify;\"><em>\u2026pharmaceutical wholesalers experienced in complex quality assurance, logistics, manufacturing and distribution tasks are becoming more and more important contributors to international clinical trials.  As a result of the increasing tendency of sponsors and contract research organizations (CROs) to switch from central to local sourcing strategies, we have been given the opportunity to work with an increasing number of international companies within the realm of international clinical trials as well\u2026<\/em><\/p>\n<\/blockquote>\n<p>\n<\/div><div class=\"btClear btSeparator bottomSmallSpaced border\" ><hr><\/div><div class=\"bt_bb_masonry_image_grid bt_bb_grid_container bt_bb_columns_2 bt_bb_gap_normal\" data-columns=\"2\"><div class=\"bt_bb_masonry_post_image_content\" data-columns=\"2\"><div class=\"bt_bb_grid_sizer\"><\/div><div class=\"bt_bb_grid_item bt_bb_tile_format11\" data-hw=\"0.6675\" data-src=\"https:\/\/i0.wp.com\/pharmaroad.hu\/wp-content\/uploads\/2020\/03\/20200227PharmaRoad0035-scaled.jpg?fit=1200%2C801&#038;ssl=1\" data-src-full=\"https:\/\/i0.wp.com\/pharmaroad.hu\/wp-content\/uploads\/2020\/03\/20200227PharmaRoad0035-scaled.jpg?fit=2560%2C1709&#038;ssl=1\" data-title=\"20200227PharmaRoad0035\"><div class=\"bt_bb_grid_item_inner\" data-hw=\"0.6675\" ><div class=\"bt_bb_grid_item_inner_image\"><\/div><div class=\"bt_bb_grid_item_inner_content\"><\/div><\/div><\/div><div class=\"bt_bb_grid_item bt_bb_tile_format11\" data-hw=\"0.6675\" data-src=\"https:\/\/i0.wp.com\/pharmaroad.hu\/wp-content\/uploads\/2020\/03\/20200227PharmaRoad0036-scaled.jpg?fit=1200%2C801&#038;ssl=1\" data-src-full=\"https:\/\/i0.wp.com\/pharmaroad.hu\/wp-content\/uploads\/2020\/03\/20200227PharmaRoad0036-scaled.jpg?fit=2560%2C1709&#038;ssl=1\" data-title=\"20200227PharmaRoad0036\"><div class=\"bt_bb_grid_item_inner\" data-hw=\"0.6675\" ><div class=\"bt_bb_grid_item_inner_image\"><\/div><div class=\"bt_bb_grid_item_inner_content\"><\/div><\/div><\/div><\/div><\/div><div class=\"btClear btSeparator bottomSmallSpaced border\" ><hr><\/div><div class=\"btText\" ><\/p>\n<p style=\"text-align: justify;\">All products bound to be commercialized need to be subjected to rigorous international clinical trials to verify their biological effect, tolerability, safety, pharmacokinetics and pharmacodynamics before their registration is granted by the authorities.  Given their complexity, these multi-country international clinical trials are quite expensive hence cost-efficiency has become an important factor in organizing them.  As part of their efforts to curb costs as much as possible, sponsors and contract research organizations frequently opt for a local- as opposed to a central sourcing strategy.  This means that instead of contracting with one large-scale service provider responsible for all required tasks globally they choose to partner up with multiple local operators to perform such tasks in their own national markets respectively.<\/p>\n<p style=\"text-align: justify;\">Az elm\u00falt \u00f6t \u00e9vben a PHARMAROAD sz\u00e1mos gy\u00f3gyszergy\u00e1rt\u00f3, forgalomba hozatali enged\u00e9ly jogosult \u00e9s klinikai kutat\u00e1sfejleszt\u0151 min\u0151s\u00edtett besz\u00e1ll\u00edt\u00f3j\u00e1v\u00e1 v\u00e1lt.\u00a0 Koll\u00e9g\u00e1ink sz\u00e9lesk\u00f6r\u0171 ismeretekkel rendelkeznek a klinikai vizsg\u00e1lati term\u00e9kbeszerz\u00e9s \u00e9s logisztikai folyamatok szervez\u00e9se \u00e9s dokument\u00e1l\u00e1sa ter\u00fclet\u00e9n \u00e9s minden \u00e9vben meg\u00faj\u00edtj\u00e1k a Helyes Klinikai Gyakorlat (GCP) ir\u00e1nyelveir\u0151l sz\u00f3l\u00f3 ismereteiket.\u00a0 A v\u00e1llalat telephelyi infrastrukt\u00far\u00e1j\u00e1nak kialak\u00edt\u00e1sakor is figyelembe lettek v\u00e9ve a vizsg\u00e1lati kiszolg\u00e1l\u00e1s ig\u00e9nyei bele\u00e9rtve a potenci\u00e1lis gy\u00e1rt\u00e1si feladatokat is, mint p\u00e9ld\u00e1ul a vizsg\u00e1lati k\u00e9sz\u00edtm\u00e9nyek c\u00edmk\u00e9z\u00e9se vagy m\u00e1sodlagos csomagol\u00e1suk b\u00e1rmely form\u00e1j\u00fa manipul\u00e1ci\u00f3ja.<\/p>\n<p style=\"text-align: justify;\">Our expertise within the realm of clinical trial supply include the following services:<\/p>\n<ul>\n<li style=\"text-align: justify;\">Importation and administration of investigational medicinal products;<\/li>\n<li style=\"text-align: justify;\">Storage of investigational medicinal products;<\/li>\n<li style=\"text-align: justify;\">Distribution of investigational medicinal products to investigator sites;<\/li>\n<li style=\"text-align: justify;\">Procurement, storage and distribution to investigator sites of all related product categories (comparators, rescue medicine, ancillary products, etc.);<\/li>\n<li style=\"text-align: justify;\">Manufacturing services (labelling, repacking, any forms of manipulation regarding the primary and secondary packaging, etc.);<\/li>\n<li style=\"text-align: justify;\">Administration of all aspects of clinical trial supply services (procurement, importation, storage, transportation, distribution, reporting, return, destruction, etc.) on a project basis supported by dedicated personnel with GCP and other certifications.<\/li>\n<\/ul>\n<p>\n<\/div><div class=\"btClear btSeparator topSmallSpaced bottomSmallSpaced border\" ><hr><\/div><div class=\"slided largeSliderHeight btSliderHidePaging bt_bb_show_dots_bottom\"  data-slick='{ \"lazyLoad\": \"progressive\", \"cssEase\": \"ease-out\", \"speed\": \"600\", \"autoplay\": true, \"autoplaySpeed\": 5000, \"dots\": true}' data-simple_arrows=\"no\"><div class=\"slidedItem firstItem\"  data-thumb=\"https:\/\/i0.wp.com\/pharmaroad.hu\/wp-content\/uploads\/2020\/03\/CTS_Services_Page1.png?fit=320%2C454&#038;ssl=1\"><div class=\"btSliderPort wBackground cover\" style=\"background-image: url('https:\/\/i0.wp.com\/pharmaroad.hu\/wp-content\/uploads\/2020\/03\/CTS_Services_Page1.png?fit=1748%2C2480&#038;ssl=1')\"><div class=\"btSliderCell\" data-slick=\"yes\"><div class=\"btSlideGutter\"><div class=\"btSlidePane\"><div class=\"boldRow boldInnerRow\" ><div class=\"rowItem rowInnerItem col-md-6  btTextLeft\"  ><div class=\"rowItemContent\"><\/div><\/div><div class=\"rowItem rowInnerItem col-md-6  btTextLeft\"  ><div class=\"rowItemContent\"><div class=\"btClear btSeparator topExtraSpaced bottomSemiSpaced noBorder\" ><hr><\/div><a href=\"https:\/\/pharmaroad.hu\/wp-content\/uploads\/2020\/03\/CTS_Services_PHARMAROAD_KFT5658.pdf\" class=\"btBtn btBtn btnFilledStyle btnNormalColor btnMedium btnNormalWidth btnRightPosition btnNoIcon\" ><span class=\"btnInnerText\">YOUR PARTNER FOR CLINICAL TRIAL SUPPLY SERVICES<\/span><\/a><div class=\"btClear btSeparator topExtraSpaced bottomSemiSpaced noBorder hidden-xs\" ><hr><\/div><\/div><\/div><\/div><\/div><\/div><\/div><\/div><\/div><\/div><\/div><\/div><\/div><\/div><\/div><\/div><\/div><\/section><section id=\"bt_section69e4bc04b09f5\"  class=\"boldSection topSemiSpaced bottomSemiSpaced btDarkSkin gutter inherit btAleternateColorBackground\" ><div class=\"port\"><div class=\"boldCell\"><div class=\"boldCellInner\"><div class=\"boldRow\" ><div class=\"boldRowInner\"><div class=\"rowItem col-md-8 col-ms-12 btTextLeft animate animate-fadein animate-moveup btMiddleVertical\"  ><div class=\"rowItemContent\" ><header class=\"header btClear medium  btNormalDash\" ><div class=\"btSuperTitle\">We are constantly looking for talented individuals interested in joining our company<\/div><div class=\"dash\"><h3><span class=\"headline\">Join us<\/span><\/h3><\/div><\/header><\/div><\/div><div class=\"rowItem col-md-4 col-ms-12 btTextRight animate animate-fadein animate-moveup btMiddleVertical\"  ><div class=\"rowItemContent\" ><a href=\"https:\/\/pharmaroad.hu\/en\/karrier\/\" class=\"btBtn btBtn btnOutlineStyle btnLightColor btnSmall btnNormalWidth btnRightPosition btnNoIcon\" ><span class=\"btnInnerText\">Career<\/span><\/a><\/div><\/div><\/div><\/div><\/div><\/div><\/div><\/section><\/p>","protected":false},"excerpt":{"rendered":"","protected":false},"author":1,"featured_media":0,"parent":0,"menu_order":0,"comment_status":"closed","ping_status":"closed","template":"","meta":{"footnotes":""},"class_list":["post-1432","page","type-page","status-publish","hentry"],"yoast_head":"<!-- This site is optimized with the Yoast SEO plugin v26.0 - https:\/\/yoast.com\/wordpress\/plugins\/seo\/ -->\n<title>Klinikai vizsg\u00e1latok - Pharmaroad<\/title>\n<meta name=\"robots\" content=\"index, follow, max-snippet:-1, max-image-preview:large, max-video-preview:-1\" \/>\n<link rel=\"canonical\" href=\"https:\/\/pharmaroad.hu\/en\/nemzetkoziklinikaivizsgalatok\/\" \/>\n<meta property=\"og:locale\" content=\"en_GB\" \/>\n<meta property=\"og:type\" content=\"article\" \/>\n<meta property=\"og:title\" content=\"Klinikai vizsg\u00e1latok - Pharmaroad\" \/>\n<meta property=\"og:url\" content=\"https:\/\/pharmaroad.hu\/en\/nemzetkoziklinikaivizsgalatok\/\" \/>\n<meta property=\"og:site_name\" content=\"Pharmaroad\" \/>\n<meta property=\"article:modified_time\" content=\"2024-10-31T15:17:27+00:00\" \/>\n<meta name=\"twitter:card\" content=\"summary_large_image\" \/>\n<meta name=\"twitter:label1\" content=\"Estimated reading time\" \/>\n\t<meta name=\"twitter:data1\" content=\"2 minutes\" \/>\n<script type=\"application\/ld+json\" class=\"yoast-schema-graph\">{\"@context\":\"https:\/\/schema.org\",\"@graph\":[{\"@type\":\"WebPage\",\"@id\":\"https:\/\/pharmaroad.hu\/nemzetkoziklinikaivizsgalatok\/\",\"url\":\"https:\/\/pharmaroad.hu\/nemzetkoziklinikaivizsgalatok\/\",\"name\":\"Klinikai vizsg\u00e1latok - Pharmaroad\",\"isPartOf\":{\"@id\":\"https:\/\/pharmaroad.hu\/#website\"},\"datePublished\":\"2020-02-03T09:18:30+00:00\",\"dateModified\":\"2024-10-31T15:17:27+00:00\",\"breadcrumb\":{\"@id\":\"https:\/\/pharmaroad.hu\/nemzetkoziklinikaivizsgalatok\/#breadcrumb\"},\"inLanguage\":\"en-GB\",\"potentialAction\":[{\"@type\":\"ReadAction\",\"target\":[\"https:\/\/pharmaroad.hu\/nemzetkoziklinikaivizsgalatok\/\"]}]},{\"@type\":\"BreadcrumbList\",\"@id\":\"https:\/\/pharmaroad.hu\/nemzetkoziklinikaivizsgalatok\/#breadcrumb\",\"itemListElement\":[{\"@type\":\"ListItem\",\"position\":1,\"name\":\"Home\",\"item\":\"https:\/\/pharmaroad.hu\/\"},{\"@type\":\"ListItem\",\"position\":2,\"name\":\"Klinikai vizsg\u00e1latok\"}]},{\"@type\":\"WebSite\",\"@id\":\"https:\/\/pharmaroad.hu\/#website\",\"url\":\"https:\/\/pharmaroad.hu\/\",\"name\":\"Pharmaroad\",\"description\":\"\u00dat a gy\u00f3gy\u00edt\u00e1shoz\",\"publisher\":{\"@id\":\"https:\/\/pharmaroad.hu\/#organization\"},\"potentialAction\":[{\"@type\":\"SearchAction\",\"target\":{\"@type\":\"EntryPoint\",\"urlTemplate\":\"https:\/\/pharmaroad.hu\/?s={search_term_string}\"},\"query-input\":{\"@type\":\"PropertyValueSpecification\",\"valueRequired\":true,\"valueName\":\"search_term_string\"}}],\"inLanguage\":\"en-GB\"},{\"@type\":\"Organization\",\"@id\":\"https:\/\/pharmaroad.hu\/#organization\",\"name\":\"Pharmaroad\",\"url\":\"https:\/\/pharmaroad.hu\/\",\"logo\":{\"@type\":\"ImageObject\",\"inLanguage\":\"en-GB\",\"@id\":\"https:\/\/pharmaroad.hu\/#\/schema\/logo\/image\/\",\"url\":\"https:\/\/i0.wp.com\/pharmaroad.hu\/wp-content\/uploads\/2020\/03\/pharmaroadlogo.png?fit=978%2C678&ssl=1\",\"contentUrl\":\"https:\/\/i0.wp.com\/pharmaroad.hu\/wp-content\/uploads\/2020\/03\/pharmaroadlogo.png?fit=978%2C678&ssl=1\",\"width\":978,\"height\":678,\"caption\":\"Pharmaroad\"},\"image\":{\"@id\":\"https:\/\/pharmaroad.hu\/#\/schema\/logo\/image\/\"}}]}<\/script>\n<!-- \/ Yoast SEO plugin. -->","yoast_head_json":{"title":"Klinikai vizsg\u00e1latok - Pharmaroad","robots":{"index":"index","follow":"follow","max-snippet":"max-snippet:-1","max-image-preview":"max-image-preview:large","max-video-preview":"max-video-preview:-1"},"canonical":"https:\/\/pharmaroad.hu\/en\/nemzetkoziklinikaivizsgalatok\/","og_locale":"en_GB","og_type":"article","og_title":"Klinikai vizsg\u00e1latok - Pharmaroad","og_url":"https:\/\/pharmaroad.hu\/en\/nemzetkoziklinikaivizsgalatok\/","og_site_name":"Pharmaroad","article_modified_time":"2024-10-31T15:17:27+00:00","twitter_card":"summary_large_image","twitter_misc":{"Estimated reading time":"2 minutes"},"schema":{"@context":"https:\/\/schema.org","@graph":[{"@type":"WebPage","@id":"https:\/\/pharmaroad.hu\/nemzetkoziklinikaivizsgalatok\/","url":"https:\/\/pharmaroad.hu\/nemzetkoziklinikaivizsgalatok\/","name":"Klinikai vizsg\u00e1latok - Pharmaroad","isPartOf":{"@id":"https:\/\/pharmaroad.hu\/#website"},"datePublished":"2020-02-03T09:18:30+00:00","dateModified":"2024-10-31T15:17:27+00:00","breadcrumb":{"@id":"https:\/\/pharmaroad.hu\/nemzetkoziklinikaivizsgalatok\/#breadcrumb"},"inLanguage":"en-GB","potentialAction":[{"@type":"ReadAction","target":["https:\/\/pharmaroad.hu\/nemzetkoziklinikaivizsgalatok\/"]}]},{"@type":"BreadcrumbList","@id":"https:\/\/pharmaroad.hu\/nemzetkoziklinikaivizsgalatok\/#breadcrumb","itemListElement":[{"@type":"ListItem","position":1,"name":"Home","item":"https:\/\/pharmaroad.hu\/"},{"@type":"ListItem","position":2,"name":"Klinikai vizsg\u00e1latok"}]},{"@type":"WebSite","@id":"https:\/\/pharmaroad.hu\/#website","url":"https:\/\/pharmaroad.hu\/","name":"Pharmaroad","description":"\u00dat a gy\u00f3gy\u00edt\u00e1shoz","publisher":{"@id":"https:\/\/pharmaroad.hu\/#organization"},"potentialAction":[{"@type":"SearchAction","target":{"@type":"EntryPoint","urlTemplate":"https:\/\/pharmaroad.hu\/?s={search_term_string}"},"query-input":{"@type":"PropertyValueSpecification","valueRequired":true,"valueName":"search_term_string"}}],"inLanguage":"en-GB"},{"@type":"Organization","@id":"https:\/\/pharmaroad.hu\/#organization","name":"Pharmaroad","url":"https:\/\/pharmaroad.hu\/","logo":{"@type":"ImageObject","inLanguage":"en-GB","@id":"https:\/\/pharmaroad.hu\/#\/schema\/logo\/image\/","url":"https:\/\/i0.wp.com\/pharmaroad.hu\/wp-content\/uploads\/2020\/03\/pharmaroadlogo.png?fit=978%2C678&ssl=1","contentUrl":"https:\/\/i0.wp.com\/pharmaroad.hu\/wp-content\/uploads\/2020\/03\/pharmaroadlogo.png?fit=978%2C678&ssl=1","width":978,"height":678,"caption":"Pharmaroad"},"image":{"@id":"https:\/\/pharmaroad.hu\/#\/schema\/logo\/image\/"}}]}},"jetpack_sharing_enabled":true,"_links":{"self":[{"href":"https:\/\/pharmaroad.hu\/en\/wp-json\/wp\/v2\/pages\/1432","targetHints":{"allow":["GET"]}}],"collection":[{"href":"https:\/\/pharmaroad.hu\/en\/wp-json\/wp\/v2\/pages"}],"about":[{"href":"https:\/\/pharmaroad.hu\/en\/wp-json\/wp\/v2\/types\/page"}],"author":[{"embeddable":true,"href":"https:\/\/pharmaroad.hu\/en\/wp-json\/wp\/v2\/users\/1"}],"replies":[{"embeddable":true,"href":"https:\/\/pharmaroad.hu\/en\/wp-json\/wp\/v2\/comments?post=1432"}],"version-history":[{"count":78,"href":"https:\/\/pharmaroad.hu\/en\/wp-json\/wp\/v2\/pages\/1432\/revisions"}],"predecessor-version":[{"id":13317,"href":"https:\/\/pharmaroad.hu\/en\/wp-json\/wp\/v2\/pages\/1432\/revisions\/13317"}],"wp:attachment":[{"href":"https:\/\/pharmaroad.hu\/en\/wp-json\/wp\/v2\/media?parent=1432"}],"curies":[{"name":"wp","href":"https:\/\/api.w.org\/{rel}","templated":true}]}}