{"id":1430,"date":"2020-02-03T09:15:07","date_gmt":"2020-02-03T09:15:07","guid":{"rendered":"https:\/\/phrstaging.pharmaroad.hu\/?page_id=1430"},"modified":"2024-10-31T16:15:47","modified_gmt":"2024-10-31T15:15:47","slug":"korhaziuzletag","status":"publish","type":"page","link":"https:\/\/pharmaroad.hu\/en\/korhaziuzletag\/","title":{"rendered":"Hospital Supply Division"},"content":{"rendered":"<p><section id=\"bt_section69df4a9406947\"  class=\"boldSection btDivider topSemiSpaced bottomSemiSpaced btDarkSkin gutter inherit wBackground cover\" style=\"background-color:#0c7296;background-image:url('https:\/\/i0.wp.com\/pharmaroad.hu\/wp-content\/uploads\/2015\/12\/bgn-grad-1.png?fit=2000%2C1333&ssl=1');\"><div class=\"port\"><div class=\"boldCell\"><div class=\"boldCellInner\"><div class=\"boldRow\" ><div class=\"boldRowInner\"><div class=\"rowItem col-md-4 col-ms-12 btTextRight inherit btNoPadding\"  ><div class=\"rowItemContent\" ><\/div><\/div><div class=\"rowItem col-md-8 col-ms-12 btTextLeft animate animate-fadein animate-moveleft inherit btDoublePadding\"  ><div class=\"rowItemContent\" ><div class=\"btClear btSeparator topExtraSmallSpaced noBorder\" ><hr><\/div><div class=\"btClear btSeparator topExtraSmallSpaced noBorder\" ><hr><\/div><header class=\"header btClear large  btNormalDash\" ><div class=\"btSuperTitle\">Pharmaroad Zrt.<\/div><div class=\"dash\"><h2><span class=\"headline\">Hospital Supply Division<\/span><\/h2><\/div><\/header><\/div><\/div><\/div><\/div><\/div><\/div><\/div><\/section><section id=\"bt_section69df4a9406b55\"  class=\"boldSection topSemiSpaced bottomSpaced gutter inherit\" style=\"background-color:#f1f1f1;\"><div class=\"port\"><div class=\"boldCell\"><div class=\"boldCellInner\"><div class=\"boldRow\" ><div class=\"boldRowInner\"><div class=\"rowItem col-md-4 col-ms-12 btTextLeft animate animate-fadein animate-moveup btTextIndent inherit\" style=\"margin-top: -180px;\" ><div class=\"rowItemContent\" style = \"background-color:#ffffff;\"><div class=\"bpgPhoto btTextCenter\" ><div class=\"btImage\"><img data-recalc-dims=\"1\" decoding=\"async\" src=\"https:\/\/i0.wp.com\/pharmaroad.hu\/wp-content\/uploads\/2020\/03\/Kord%C3%A1s_M%C3%B3nika.jpg?w=1200&#038;ssl=1\" alt=\"\" title=\"\"><\/div><\/div><div class=\"btIconImageRow btIconsHalfHoverPosition\" ><span class=\"btIco btIcoFilledType btIcoMediumSize btIcoAccentColor  btIcoOutline\" ><a href=\"#\"  target = \"no_target\" data-ico-fa=\"&#xf0f8;\" class=\"btIcoHolder\"><em><\/em><\/a><\/span><\/div><div class=\"btClear btSeparator topExtraSmallSpaced noBorder\" ><hr><\/div><header class=\"header btClear medium  btNormalDash\" ><div class=\"btSuperTitle\">K\u00d3RH\u00c1Z \u00c9S TENDER \u00dcZLET\u00c1G VEZET\u0150<\/div><div class=\"dash\"><h3><span class=\"headline\">Dr. Monika KORDAS<\/span><\/h3><\/div><\/header><div class=\"btClear btSeparator topExtraSmallSpaced noBorder\" ><hr><\/div><div class=\"btIconImageRow btIconsNormalPosition\" ><span class=\"btIco btIcoDefaultType btIcoSmallSize btIcoDefaultColor\" ><a href=\"tel:+080023367820\"  target = \"no_target\" data-ico-fa=\"&#xf095;\" class=\"btIcoHolder\"><em><\/em><span class=\"btIcoText\">+36-20-427-5375<\/span><\/a><\/span><\/div><div class=\"btClear btSeparator topExtraSmallSpaced noBorder\" ><hr><\/div><div class=\"btIconImageRow btIconsNormalPosition\" ><span class=\"btIco btIcoDefaultType btIcoSmallSize btIcoDefaultColor\" ><a href=\"mailto:sussie.wolff@medicare.com\"  target = \"no_target\" data-ico-fa=\"&#xf003;\" class=\"btIcoHolder\"><em><\/em><span class=\"btIcoText\">monika.kordas@pharmaroad.hu<\/span><\/a><\/span><\/div><div class=\"btClear btSeparator topSemiSpaced bottomSmallSpaced border\" ><hr><\/div><div class=\"bt_bb_masonry_image_grid bt_bb_grid_container bt_bb_columns_1 bt_bb_gap_normal\" data-columns=\"1\"><div class=\"bt_bb_masonry_post_image_content\" data-columns=\"1\"><div class=\"bt_bb_grid_sizer\"><\/div><div class=\"bt_bb_grid_item bt_bb_tile_format11\" data-hw=\"1.2042553191489\" data-src=\"https:\/\/i0.wp.com\/pharmaroad.hu\/wp-content\/uploads\/2020\/03\/kep1.png?fit=705%2C849&#038;ssl=1\" data-src-full=\"https:\/\/i0.wp.com\/pharmaroad.hu\/wp-content\/uploads\/2020\/03\/kep1.png?fit=705%2C849&#038;ssl=1\" data-title=\"kep1\"><div class=\"bt_bb_grid_item_inner\" data-hw=\"1.2042553191489\" ><div class=\"bt_bb_grid_item_inner_image\"><\/div><div class=\"bt_bb_grid_item_inner_content\"><\/div><\/div><\/div><div class=\"bt_bb_grid_item bt_bb_tile_format11\" data-hw=\"1.2008486562942\" data-src=\"https:\/\/i0.wp.com\/pharmaroad.hu\/wp-content\/uploads\/2020\/03\/kep2.png?fit=707%2C849&#038;ssl=1\" data-src-full=\"https:\/\/i0.wp.com\/pharmaroad.hu\/wp-content\/uploads\/2020\/03\/kep2.png?fit=707%2C849&#038;ssl=1\" data-title=\"kep2\"><div class=\"bt_bb_grid_item_inner\" data-hw=\"1.2008486562942\" ><div class=\"bt_bb_grid_item_inner_image\"><\/div><div class=\"bt_bb_grid_item_inner_content\"><\/div><\/div><\/div><div class=\"bt_bb_grid_item bt_bb_tile_format11\" data-hw=\"1.2082152974504\" data-src=\"https:\/\/i0.wp.com\/pharmaroad.hu\/wp-content\/uploads\/2020\/03\/kep3.png?fit=706%2C853&#038;ssl=1\" data-src-full=\"https:\/\/i0.wp.com\/pharmaroad.hu\/wp-content\/uploads\/2020\/03\/kep3.png?fit=706%2C853&#038;ssl=1\" data-title=\"kep3\"><div class=\"bt_bb_grid_item_inner\" data-hw=\"1.2082152974504\" ><div class=\"bt_bb_grid_item_inner_image\"><\/div><div class=\"bt_bb_grid_item_inner_content\"><\/div><\/div><\/div><\/div><\/div><div class=\"btClear btSeparator topSmallSpaced noBorder\" ><hr><\/div><\/div><\/div><div class=\"rowItem col-md-8 col-ms-12 btTextLeft animate animate-fadein inherit btDoublePadding\"  ><div class=\"rowItemContent\" ><div class=\"btClear btSeparator bottomSmallSpaced border\" ><hr><\/div><div class=\"btText\" ><\/p>\n<blockquote>\n<p style=\"text-align: justify;\"><em>...while the pharmaceutical armamentarium in Hungary is considerable, it regularly occurs that medicinal products that are essential for the treatment of patients are not available domestically.  Our company is committed to supplying the Hungarian market with the widest possible range of products. To this end, we partner with the National Center for Public Health and Pharmacy and key healthcare institutions to provide a quick and effective solution to periodically occurring shortages...<\/em><\/p>\n<\/blockquote>\n<p>\n<\/div><div class=\"btClear btSeparator bottomSmallSpaced border\" ><hr><\/div><div data-bb-version=\"4.6.1\" class=\"bt_bb_masonry_image_grid bt_bb_grid_container bt_bb_columns_2 bt_bb_gap_normal\" data-columns=\"2\"><div class=\"bt_bb_masonry_post_image_content\" data-columns=\"2\"><div class=\"bt_bb_grid_sizer\"><\/div><div class=\"bt_bb_grid_item bt_bb_tile_format11\" data-hw=\"1.25\" data-src=\"https:\/\/i0.wp.com\/pharmaroad.hu\/wp-content\/uploads\/2024\/01\/Korhaz-2.jpg?fit=1200%2C1500&#038;ssl=1\" data-src-full=\"https:\/\/i0.wp.com\/pharmaroad.hu\/wp-content\/uploads\/2024\/01\/Korhaz-2.jpg?fit=1536%2C1920&#038;ssl=1\" data-title=\"K\u00f3rh\u00e1z - 2\"><div class=\"bt_bb_grid_item_inner\" data-hw=\"1.25\" ><div class=\"bt_bb_grid_item_inner_image\"><\/div><div class=\"bt_bb_grid_item_inner_content\"><\/div><\/div><\/div><div class=\"bt_bb_grid_item bt_bb_tile_format11\" data-hw=\"1.25\" data-src=\"https:\/\/i0.wp.com\/pharmaroad.hu\/wp-content\/uploads\/2024\/01\/Korhaz-1.jpg?fit=1200%2C1500&#038;ssl=1\" data-src-full=\"https:\/\/i0.wp.com\/pharmaroad.hu\/wp-content\/uploads\/2024\/01\/Korhaz-1.jpg?fit=1536%2C1920&#038;ssl=1\" data-title=\"K\u00f3rh\u00e1z - 1\"><div class=\"bt_bb_grid_item_inner\" data-hw=\"1.25\" ><div class=\"bt_bb_grid_item_inner_image\"><\/div><div class=\"bt_bb_grid_item_inner_content\"><\/div><\/div><\/div><\/div><\/div><div class=\"btClear btSeparator bottomSmallSpaced border\" ><hr><\/div><div class=\"btText\" ><\/p>\n<p style=\"text-align: justify;\">While the European healthcare system is highly developed, the supply of the most modern, innovative medicinal products in Hungary is far from complete.  While the pharmaceutical armamentarium in Hungary is considerable, it regularly occurs that medicinal products that are essential for the treatment of patients are not available domestically.  Unfortunately, this tendency has been on the rise in recent years.<\/p>\n<p style=\"text-align: justify;\">One reason for such situations is when the necessary medicinal product does not have a marketing authorisation in Hungary. The marketing authorisation of new medicinal products is a lengthy and expensive process and marketing authorisation holders may experience logistics or quality assurance issues. In other cases, manufacturers, for commercial reasons, launch their products in countries with larger patient populations and with larger healthcare budgets, and concentrate their sales later.<\/p>\n<p style=\"text-align: justify;\">Shortages also regularly happen in the case of medicinal products that have marketing authorisation.  These are mostly due to production and logistical problems on the marketing authorisation holder\u2019s side. This problem is often exacerbated by the geographically concentrated production of active substances, the complexity of the supply chain of the global pharmaceutical industry and the insufficient estimations by manufacturers regarding the quotas to be allocated to national markets. Large-scale recalls of production batches, unexpected increase in demand (epidemics, etc.) and other changes in the market (the launch of generic alternatives, natural disasters at production sites, etc.) may also have a negative effect.<\/p>\n<p style=\"text-align: justify;\">Sometimes the existing marketing authorisation of a medicinal product expires and it is not renewed by the marketing authorisation holder. Sometimes the marketing authorisation holder requests the withdrawal of the medicinal product\u2019s marketing authorisation before its expiry.<\/p>\n<p style=\"text-align: justify;\">Regulations in Hungary permit the importation of products subject to a shortage situation upon approval of the regulatory agency through various administrative mechanisms.  Such mechanisms allow wholesalers to import products that are not registered in Hungary or products that are registered but temporarily not available based on a strict licensing procedure initiated by medical professionals at healthcare institutions and administered by the regulatory agency.<\/p>\n<p style=\"text-align: justify;\">In general, the regulatory agency approves all import applications that meet the following criteria:<\/p>\n<ul style=\"text-align: justify;\">\n<li>a keresett k\u00e9sz\u00edtm\u00e9ny a Magyarorsz\u00e1gon t\u00f6rzsk\u00f6nyvezett gy\u00f3gyszerekhez k\u00e9pest valamilyen okn\u00e1l fogva hozz\u00e1adott \u00e9rt\u00e9kkel b\u00edr (hat\u00e9konyabb, elt\u00e9r\u0151 \u00f6sszet\u00e9tel\u0171, stb.) egy adott beteg ter\u00e1pi\u00e1j\u00e1hoz;<\/li>\n<li>the product to be imported is lifesaving by nature;<\/li>\n<li>the registration procedure of the product to be imported has been already initiated and is pending approval by the national or European authorities;<\/li>\n<li>the product to be imported is indispensable for the patient\u2019s therapeutic treatment as officially attested by the requesting healthcare institution;<\/li>\n<\/ul>\n<p style=\"text-align: justify;\">A PHARMAROAD elk\u00f6telezett a magyarorsz\u00e1gi piac legsz\u00e9lesebb k\u00f6r\u0171 ell\u00e1t\u00e1s\u00e1nak biztos\u00edt\u00e1sa mellett ez\u00e9rt akt\u00edv partnere az Nemzeti N\u00e9peg\u00e9szs\u00e9g\u00fcgyi \u00e9s Gy\u00f3gyszer\u00e9szeti K\u00f6zpontnak (NNGYK) \u00e9s az orsz\u00e1g meghat\u00e1roz\u00f3 eg\u00e9szs\u00e9g\u00fcgyi int\u00e9zm\u00e9nyeinek a periodikusan kialakul\u00f3 hi\u00e1nyhelyzetek gyors \u00e9s hat\u00e9kony kezel\u00e9s\u00e9ben.<\/p>\n<p style=\"text-align: justify;\">Regarding the different importing mechanisms (named patient imports, emergency imports, etc.) our Hospital Supply Division offers the following services:<\/p>\n<ul style=\"text-align: justify;\">\n<li>Quick elaboration of a comprehensive price offers for products to be imported as requested by healthcare institutions or pharmacies;<\/li>\n<li>Assistance to healthcare institutions or pharmacies in preparing import applications to be submitted to the national regulatory agency;<\/li>\n<li>Procurement of products as approved by the national regulatory agency from international suppliers verified according to the strictest quality assurance standards;<\/li>\n<li>Procurement of products as approved by the national regulatory agency from international suppliers that uphold the highest standards of supply chain integrity and are licensed distributors of manufacturers or market authorization holders not present in Hungary;<\/li>\n<li>Procurement of products fully meeting the requirements (serialized packs with anti-tampering devices) as prescribed in the legislation pertaining to the Falsified Medicines Directive and Delegated Regulation;<\/li>\n<li>Confirmation of authenticity of the imported products via verification in the corresponding national databases of the European Medicines Verification System;<\/li>\n<li>Release of products to saleable stock subject to the availability of all the relevant quality assurance documentation (COC, COA, Release Certificate, Temperature Logs, etc.);<\/li>\n<li>Kontingens enged\u00e9lyek alapj\u00e1n k\u00e9szletezett term\u00e9kek eset\u00e9ben 48 \u00f3r\u00e1n bel\u00fcli rendel\u00e9sfelv\u00e9tel \u00e9s kisz\u00e1ll\u00edt\u00e1s.<\/li>\n<\/ul>\n<p style=\"text-align: justify;\">A PHARMAROAD 2023-ban b\u0151v\u00edtette tev\u00e9kenys\u00e9gi k\u00f6r\u00e9t a k\u00f3rh\u00e1zi ell\u00e1t\u00e1sban. Az orsz\u00e1gos gy\u00f3gyszertenderekben sikeresen r\u00e9szt vesz\u00fcnk, munk\u00e1nkat a szakmai szempontok maxim\u00e1lis betart\u00e1s\u00e1val v\u00e9gezz\u00fck, mint, megb\u00edzhat\u00f3, felel\u0151s gy\u00f3gyszer-nagykereskedelmi v\u00e1llalat.<\/p>\n<p style=\"text-align: justify;\">Mivel a betegek kezel\u00e9s\u00e9re szolg\u00e1l\u00f3 \u2013 Magyarorsz\u00e1gon nem beszerezhet\u0151 &#8211; k\u00fclf\u00f6ldi speci\u00e1lis k\u00e9sz\u00edtm\u00e9nyeket sz\u00e1ll\u00edtunk k\u00f6zvetlen\u00fcl a gy\u00f3gy\u00edt\u00f3 int\u00e9zm\u00e9nyek int\u00e9zeti gy\u00f3gyszert\u00e1raiba, ez\u00e9rt a k\u00f3rh\u00e1zakkal val\u00f3 intenz\u00edv \u00e9s sokr\u00e9t\u0171 kapcsolattart\u00e1st rendk\u00edv\u00fcl fontosnak tartjuk \u00e9s k\u00fcl\u00f6n\u00f6sen nagy figyelmet ford\u00edtunk.<\/p>\n<p style=\"text-align: justify;\">A PHARMAROAD k\u00f3rh\u00e1zi \u00fczlet\u00e1g\u00e1nak munkat\u00e1rsai folyamatos napi kapcsolatot tartanak az int\u00e9zeti f\u0151gy\u00f3gyszer\u00e9szekkel. Az int\u00e9zm\u00e9nyekben zajl\u00f3 orvosi kezel\u00e9sek \u00e9s beavatkoz\u00e1sok gy\u00f3gyszerig\u00e9nyei megold\u00e1s\u00e1ban t\u00f6bbszint\u0171 t\u00e1mogat\u00e1st biztos\u00edtunk.<\/p>\n<p style=\"text-align: justify;\">A k\u00f6zponti irod\u00e1nkban dolgoz\u00f3 koll\u00e9g\u00e1ink a vil\u00e1g k\u00fcl\u00f6nb\u00f6z\u0151 pontjain \u2013 USA-t\u00f3l Eur\u00f3p\u00e1n \u00e1t eg\u00e9szen Jap\u00e1nig \u2013 tal\u00e1lhat\u00f3 partnereinkkel dolgoznak egy\u00fctt. \u00a0K\u00f6z\u00f6sen bonyol\u00edtj\u00e1k a gy\u00f3gyszerek szakmai min\u0151s\u00e9g\u0171 beszerz\u00e9s\u00e9t, sz\u00e1ll\u00edt\u00e1s\u00e1t, logisztik\u00e1j\u00e1t a magas szint\u0171 min\u0151s\u00e9gbiztos\u00edt\u00e1si k\u00f6vetelm\u00e9nyek maxim\u00e1lis betart\u00e1s\u00e1val.<\/p>\n<p style=\"text-align: justify;\">K\u00fcl\u00f6n koll\u00e9g\u00e1k k\u00eds\u00e9rik figyelemmel a leadott \u00e9s a folyamatban l\u00e9v\u0151 rendel\u00e9seket, az egyedi importos, a kontingens enged\u00e9lyes, \u00e9s a k\u00f6zbeszerz\u00e9ses ig\u00e9nyeket.<\/p>\n<p style=\"text-align: justify;\">A PHARMAROAD t\u00f6bb, mint sz\u00e1z term\u00e9kkel van jelen a k\u00f6zponti k\u00f6zbeszerz\u00e9ses rendszerben, ezen term\u00e9kek v\u00e1s\u00e1rl\u00e1sa a KEF fel\u00fcleten lehets\u00e9ges. \u00dcgyfeleink ilyen jelleg\u0171 tev\u00e9kenys\u00e9gei sor\u00e1n is jelen vagyunk, int\u00e9zz\u00fck, seg\u00edtj\u00fck a rendel\u00e9seiket, valamint k\u00f6zrem\u0171k\u00f6d\u00fcnk, hogy az egy\u00fcttm\u0171k\u00f6d\u00e9s ezen a ter\u00fcleten is rugalmas, pontos \u00e9s a lehet\u0151 legmegb\u00edzhat\u00f3bb legyen.<\/p>\n<p>\n<\/div><div class=\"btClear btSeparator topSmallSpaced bottomSmallSpaced border\" ><hr><\/div><\/div><\/div><\/div><\/div><\/div><\/div><\/div><\/section><section id=\"bt_section69df4a9409063\"  class=\"boldSection topSemiSpaced bottomSemiSpaced btDarkSkin gutter inherit btAleternateColorBackground\" ><div class=\"port\"><div class=\"boldCell\"><div class=\"boldCellInner\"><div class=\"boldRow\" ><div class=\"boldRowInner\"><div class=\"rowItem col-md-8 col-ms-12 btTextLeft animate animate-fadein animate-moveup btMiddleVertical\"  ><div class=\"rowItemContent\" ><header class=\"header btClear medium  btNormalDash\" ><div class=\"btSuperTitle\">We are constantly looking for talented individuals interested in joining our company<\/div><div class=\"dash\"><h3><span class=\"headline\">Join us<\/span><\/h3><\/div><\/header><\/div><\/div><div class=\"rowItem col-md-4 col-ms-12 btTextRight animate animate-fadein animate-moveup btMiddleVertical\"  ><div class=\"rowItemContent\" ><a href=\"https:\/\/pharmaroad.hu\/en\/karrier\/\" class=\"btBtn btBtn btnOutlineStyle btnLightColor btnSmall btnNormalWidth btnRightPosition btnNoIcon\" ><span class=\"btnInnerText\">Career<\/span><\/a><\/div><\/div><\/div><\/div><\/div><\/div><\/div><\/section><\/p>","protected":false},"excerpt":{"rendered":"","protected":false},"author":1,"featured_media":0,"parent":0,"menu_order":0,"comment_status":"closed","ping_status":"closed","template":"","meta":{"footnotes":""},"class_list":["post-1430","page","type-page","status-publish","hentry"],"yoast_head":"<!-- This site is optimized with the Yoast SEO plugin v26.0 - https:\/\/yoast.com\/wordpress\/plugins\/seo\/ -->\n<title>K\u00f3rh\u00e1zi \u00fczlet\u00e1g - Pharmaroad<\/title>\n<meta name=\"description\" content=\"A PHARMAROAD KFT. elk\u00f6telezett a Magyarorsz\u00e1g legsz\u00e9lesebb k\u00f6r\u0171 ell\u00e1t\u00e1s\u00e1nak biztos\u00edt\u00e1sa mellett \u00e9s kialakul\u00f3 hi\u00e1nyhelyzetek gyors \u00e9s hat\u00e9kony kezel\u00e9s\u00e9ben.\" \/>\n<meta name=\"robots\" content=\"index, follow, max-snippet:-1, max-image-preview:large, max-video-preview:-1\" \/>\n<link rel=\"canonical\" href=\"https:\/\/pharmaroad.hu\/en\/korhaziuzletag\/\" \/>\n<meta property=\"og:locale\" content=\"en_GB\" \/>\n<meta property=\"og:type\" content=\"article\" \/>\n<meta property=\"og:title\" content=\"K\u00f3rh\u00e1zi \u00fczlet\u00e1g - Pharmaroad\" \/>\n<meta property=\"og:description\" content=\"A PHARMAROAD KFT. elk\u00f6telezett a Magyarorsz\u00e1g legsz\u00e9lesebb k\u00f6r\u0171 ell\u00e1t\u00e1s\u00e1nak biztos\u00edt\u00e1sa mellett \u00e9s kialakul\u00f3 hi\u00e1nyhelyzetek gyors \u00e9s hat\u00e9kony kezel\u00e9s\u00e9ben.\" \/>\n<meta property=\"og:url\" content=\"https:\/\/pharmaroad.hu\/en\/korhaziuzletag\/\" \/>\n<meta property=\"og:site_name\" content=\"Pharmaroad\" \/>\n<meta property=\"article:modified_time\" content=\"2024-10-31T15:15:47+00:00\" \/>\n<meta name=\"twitter:card\" content=\"summary_large_image\" \/>\n<meta name=\"twitter:label1\" content=\"Estimated reading time\" \/>\n\t<meta name=\"twitter:data1\" content=\"5 minutes\" \/>\n<script type=\"application\/ld+json\" class=\"yoast-schema-graph\">{\"@context\":\"https:\/\/schema.org\",\"@graph\":[{\"@type\":\"WebPage\",\"@id\":\"https:\/\/pharmaroad.hu\/korhaziuzletag\/\",\"url\":\"https:\/\/pharmaroad.hu\/korhaziuzletag\/\",\"name\":\"K\u00f3rh\u00e1zi \u00fczlet\u00e1g - Pharmaroad\",\"isPartOf\":{\"@id\":\"https:\/\/pharmaroad.hu\/#website\"},\"datePublished\":\"2020-02-03T09:15:07+00:00\",\"dateModified\":\"2024-10-31T15:15:47+00:00\",\"description\":\"A PHARMAROAD KFT. elk\u00f6telezett a Magyarorsz\u00e1g legsz\u00e9lesebb k\u00f6r\u0171 ell\u00e1t\u00e1s\u00e1nak biztos\u00edt\u00e1sa mellett \u00e9s kialakul\u00f3 hi\u00e1nyhelyzetek gyors \u00e9s hat\u00e9kony kezel\u00e9s\u00e9ben.\",\"breadcrumb\":{\"@id\":\"https:\/\/pharmaroad.hu\/korhaziuzletag\/#breadcrumb\"},\"inLanguage\":\"en-GB\",\"potentialAction\":[{\"@type\":\"ReadAction\",\"target\":[\"https:\/\/pharmaroad.hu\/korhaziuzletag\/\"]}]},{\"@type\":\"BreadcrumbList\",\"@id\":\"https:\/\/pharmaroad.hu\/korhaziuzletag\/#breadcrumb\",\"itemListElement\":[{\"@type\":\"ListItem\",\"position\":1,\"name\":\"Home\",\"item\":\"https:\/\/pharmaroad.hu\/\"},{\"@type\":\"ListItem\",\"position\":2,\"name\":\"K\u00f3rh\u00e1zi \u00fczlet\u00e1g\"}]},{\"@type\":\"WebSite\",\"@id\":\"https:\/\/pharmaroad.hu\/#website\",\"url\":\"https:\/\/pharmaroad.hu\/\",\"name\":\"Pharmaroad\",\"description\":\"\u00dat a gy\u00f3gy\u00edt\u00e1shoz\",\"publisher\":{\"@id\":\"https:\/\/pharmaroad.hu\/#organization\"},\"potentialAction\":[{\"@type\":\"SearchAction\",\"target\":{\"@type\":\"EntryPoint\",\"urlTemplate\":\"https:\/\/pharmaroad.hu\/?s={search_term_string}\"},\"query-input\":{\"@type\":\"PropertyValueSpecification\",\"valueRequired\":true,\"valueName\":\"search_term_string\"}}],\"inLanguage\":\"en-GB\"},{\"@type\":\"Organization\",\"@id\":\"https:\/\/pharmaroad.hu\/#organization\",\"name\":\"Pharmaroad\",\"url\":\"https:\/\/pharmaroad.hu\/\",\"logo\":{\"@type\":\"ImageObject\",\"inLanguage\":\"en-GB\",\"@id\":\"https:\/\/pharmaroad.hu\/#\/schema\/logo\/image\/\",\"url\":\"https:\/\/i0.wp.com\/pharmaroad.hu\/wp-content\/uploads\/2020\/03\/pharmaroadlogo.png?fit=978%2C678&ssl=1\",\"contentUrl\":\"https:\/\/i0.wp.com\/pharmaroad.hu\/wp-content\/uploads\/2020\/03\/pharmaroadlogo.png?fit=978%2C678&ssl=1\",\"width\":978,\"height\":678,\"caption\":\"Pharmaroad\"},\"image\":{\"@id\":\"https:\/\/pharmaroad.hu\/#\/schema\/logo\/image\/\"}}]}<\/script>\n<!-- \/ Yoast SEO plugin. -->","yoast_head_json":{"title":"K\u00f3rh\u00e1zi \u00fczlet\u00e1g - Pharmaroad","description":"A PHARMAROAD KFT. elk\u00f6telezett a Magyarorsz\u00e1g legsz\u00e9lesebb k\u00f6r\u0171 ell\u00e1t\u00e1s\u00e1nak biztos\u00edt\u00e1sa mellett \u00e9s kialakul\u00f3 hi\u00e1nyhelyzetek gyors \u00e9s hat\u00e9kony kezel\u00e9s\u00e9ben.","robots":{"index":"index","follow":"follow","max-snippet":"max-snippet:-1","max-image-preview":"max-image-preview:large","max-video-preview":"max-video-preview:-1"},"canonical":"https:\/\/pharmaroad.hu\/en\/korhaziuzletag\/","og_locale":"en_GB","og_type":"article","og_title":"K\u00f3rh\u00e1zi \u00fczlet\u00e1g - Pharmaroad","og_description":"A PHARMAROAD KFT. elk\u00f6telezett a Magyarorsz\u00e1g legsz\u00e9lesebb k\u00f6r\u0171 ell\u00e1t\u00e1s\u00e1nak biztos\u00edt\u00e1sa mellett \u00e9s kialakul\u00f3 hi\u00e1nyhelyzetek gyors \u00e9s hat\u00e9kony kezel\u00e9s\u00e9ben.","og_url":"https:\/\/pharmaroad.hu\/en\/korhaziuzletag\/","og_site_name":"Pharmaroad","article_modified_time":"2024-10-31T15:15:47+00:00","twitter_card":"summary_large_image","twitter_misc":{"Estimated reading time":"5 minutes"},"schema":{"@context":"https:\/\/schema.org","@graph":[{"@type":"WebPage","@id":"https:\/\/pharmaroad.hu\/korhaziuzletag\/","url":"https:\/\/pharmaroad.hu\/korhaziuzletag\/","name":"K\u00f3rh\u00e1zi \u00fczlet\u00e1g - Pharmaroad","isPartOf":{"@id":"https:\/\/pharmaroad.hu\/#website"},"datePublished":"2020-02-03T09:15:07+00:00","dateModified":"2024-10-31T15:15:47+00:00","description":"A PHARMAROAD KFT. elk\u00f6telezett a Magyarorsz\u00e1g legsz\u00e9lesebb k\u00f6r\u0171 ell\u00e1t\u00e1s\u00e1nak biztos\u00edt\u00e1sa mellett \u00e9s kialakul\u00f3 hi\u00e1nyhelyzetek gyors \u00e9s hat\u00e9kony kezel\u00e9s\u00e9ben.","breadcrumb":{"@id":"https:\/\/pharmaroad.hu\/korhaziuzletag\/#breadcrumb"},"inLanguage":"en-GB","potentialAction":[{"@type":"ReadAction","target":["https:\/\/pharmaroad.hu\/korhaziuzletag\/"]}]},{"@type":"BreadcrumbList","@id":"https:\/\/pharmaroad.hu\/korhaziuzletag\/#breadcrumb","itemListElement":[{"@type":"ListItem","position":1,"name":"Home","item":"https:\/\/pharmaroad.hu\/"},{"@type":"ListItem","position":2,"name":"K\u00f3rh\u00e1zi \u00fczlet\u00e1g"}]},{"@type":"WebSite","@id":"https:\/\/pharmaroad.hu\/#website","url":"https:\/\/pharmaroad.hu\/","name":"Pharmaroad","description":"\u00dat a gy\u00f3gy\u00edt\u00e1shoz","publisher":{"@id":"https:\/\/pharmaroad.hu\/#organization"},"potentialAction":[{"@type":"SearchAction","target":{"@type":"EntryPoint","urlTemplate":"https:\/\/pharmaroad.hu\/?s={search_term_string}"},"query-input":{"@type":"PropertyValueSpecification","valueRequired":true,"valueName":"search_term_string"}}],"inLanguage":"en-GB"},{"@type":"Organization","@id":"https:\/\/pharmaroad.hu\/#organization","name":"Pharmaroad","url":"https:\/\/pharmaroad.hu\/","logo":{"@type":"ImageObject","inLanguage":"en-GB","@id":"https:\/\/pharmaroad.hu\/#\/schema\/logo\/image\/","url":"https:\/\/i0.wp.com\/pharmaroad.hu\/wp-content\/uploads\/2020\/03\/pharmaroadlogo.png?fit=978%2C678&ssl=1","contentUrl":"https:\/\/i0.wp.com\/pharmaroad.hu\/wp-content\/uploads\/2020\/03\/pharmaroadlogo.png?fit=978%2C678&ssl=1","width":978,"height":678,"caption":"Pharmaroad"},"image":{"@id":"https:\/\/pharmaroad.hu\/#\/schema\/logo\/image\/"}}]}},"jetpack_sharing_enabled":true,"_links":{"self":[{"href":"https:\/\/pharmaroad.hu\/en\/wp-json\/wp\/v2\/pages\/1430","targetHints":{"allow":["GET"]}}],"collection":[{"href":"https:\/\/pharmaroad.hu\/en\/wp-json\/wp\/v2\/pages"}],"about":[{"href":"https:\/\/pharmaroad.hu\/en\/wp-json\/wp\/v2\/types\/page"}],"author":[{"embeddable":true,"href":"https:\/\/pharmaroad.hu\/en\/wp-json\/wp\/v2\/users\/1"}],"replies":[{"embeddable":true,"href":"https:\/\/pharmaroad.hu\/en\/wp-json\/wp\/v2\/comments?post=1430"}],"version-history":[{"count":58,"href":"https:\/\/pharmaroad.hu\/en\/wp-json\/wp\/v2\/pages\/1430\/revisions"}],"predecessor-version":[{"id":13316,"href":"https:\/\/pharmaroad.hu\/en\/wp-json\/wp\/v2\/pages\/1430\/revisions\/13316"}],"wp:attachment":[{"href":"https:\/\/pharmaroad.hu\/en\/wp-json\/wp\/v2\/media?parent=1430"}],"curies":[{"name":"wp","href":"https:\/\/api.w.org\/{rel}","templated":true}]}}