{"id":1423,"date":"2020-02-03T08:58:14","date_gmt":"2020-02-03T08:58:14","guid":{"rendered":"https:\/\/phrstaging.pharmaroad.hu\/?page_id=1423"},"modified":"2025-03-05T12:01:53","modified_gmt":"2025-03-05T11:01:53","slug":"gyogyszertariuzletag","status":"publish","type":"page","link":"https:\/\/pharmaroad.hu\/en\/gyogyszertariuzletag\/","title":{"rendered":"Pharmacy Supply Division"},"content":{"rendered":"<p><section id=\"bt_section69df4d31813a5\"  class=\"boldSection btDivider topSemiSpaced bottomSemiSpaced btDarkSkin gutter inherit wBackground cover\" style=\"background-color:#0c7296;background-image:url('https:\/\/i0.wp.com\/pharmaroad.hu\/wp-content\/uploads\/2015\/12\/bgn-grad-1.png?fit=2000%2C1333&ssl=1');\"><div class=\"port\"><div class=\"boldCell\"><div class=\"boldCellInner\"><div class=\"boldRow\" ><div class=\"boldRowInner\"><div class=\"rowItem col-md-4 col-ms-12 btTextRight inherit btNoPadding\"  ><div class=\"rowItemContent\" ><\/div><\/div><div class=\"rowItem col-md-8 col-ms-12 btTextLeft animate animate-fadein animate-moveleft inherit btDoublePadding\"  ><div class=\"rowItemContent\" ><div class=\"btClear btSeparator topExtraSmallSpaced noBorder\" ><hr><\/div><div class=\"btClear btSeparator topExtraSmallSpaced noBorder\" ><hr><\/div><header class=\"header btClear large  btNormalDash\" ><div class=\"btSuperTitle\">Pharmaroad Zrt.<\/div><div class=\"dash\"><h2><span class=\"headline\">Pharmacy Supply Division<\/span><\/h2><\/div><\/header><\/div><\/div><\/div><\/div><\/div><\/div><\/div><\/section><section id=\"bt_section69df4d318161a\"  class=\"boldSection topSemiSpaced bottomSpaced gutter inherit\" style=\"background-color:#f1f1f1;\"><div class=\"port\"><div class=\"boldCell\"><div class=\"boldCellInner\"><div class=\"boldRow\" ><div class=\"boldRowInner\"><div class=\"rowItem col-md-4 col-ms-12 btTextLeft animate animate-fadein animate-moveup btTextIndent inherit\" style=\"margin-top: -180px;\" ><div class=\"rowItemContent\" style = \"background-color:#ffffff;\"><div class=\"bpgPhoto btTextCenter\" ><div class=\"btImage\"><img data-recalc-dims=\"1\" decoding=\"async\" src=\"https:\/\/i0.wp.com\/pharmaroad.hu\/wp-content\/uploads\/2024\/01\/IMG_0015_3000px-scaled.jpg?w=1200&#038;ssl=1\" alt=\"\" title=\"\"><\/div><\/div><div class=\"btIconImageRow btIconsHalfHoverPosition\" ><span class=\"btIco btIcoFilledType btIcoMediumSize btIcoAccentColor  btIcoOutline\" ><a href=\"#\"  target = \"no_target\" data-ico-hs=\"&#xe91d;\" class=\"btIcoHolder\"><em><\/em><\/a><\/span><\/div><div class=\"btClear btSeparator topExtraSmallSpaced noBorder\" ><hr><\/div><header class=\"header btClear medium  btNormalDash\" ><div class=\"btSuperTitle\">GY\u00d3GYSZERT\u00c1RI \u00dcZLET\u00c1G VEZET\u0150<\/div><div class=\"dash\"><h3><span class=\"headline\">Dr. Livia SIMON<\/span><\/h3><\/div><\/header><div class=\"btClear btSeparator topExtraSmallSpaced noBorder\" ><hr><\/div><div class=\"btIconImageRow btIconsNormalPosition\" ><span class=\"btIco btIcoDefaultType btIcoSmallSize btIcoDefaultColor\" ><a href=\"tel:+080023367820\"  target = \"no_target\" data-ico-fa=\"&#xf095;\" class=\"btIcoHolder\"><em><\/em><span class=\"btIcoText\">+36-80-205-383<\/span><\/a><\/span><\/div><div class=\"btClear btSeparator topExtraSmallSpaced noBorder\" ><hr><\/div><div class=\"btIconImageRow btIconsNormalPosition\" ><span class=\"btIco btIcoDefaultType btIcoSmallSize btIcoDefaultColor\" ><a href=\"mailto:sussie.wolff@medicare.com\"  target = \"no_target\" data-ico-fa=\"&#xf003;\" class=\"btIcoHolder\"><em><\/em><span class=\"btIcoText\">rendeles@pharmaroad.hu<\/span><\/a><\/span><\/div><div class=\"btClear btSeparator topSemiSpaced bottomSmallSpaced border\" ><hr><\/div><div class=\"bt_bb_masonry_image_grid bt_bb_grid_container bt_bb_columns_1 bt_bb_gap_normal\" data-columns=\"1\"><div class=\"bt_bb_masonry_post_image_content\" data-columns=\"1\"><div class=\"bt_bb_grid_sizer\"><\/div><div class=\"bt_bb_grid_item bt_bb_tile_format11\" data-hw=\"0.6675\" data-src=\"https:\/\/i0.wp.com\/pharmaroad.hu\/wp-content\/uploads\/2020\/03\/PHR2.jpg?fit=1200%2C801&#038;ssl=1\" data-src-full=\"https:\/\/i0.wp.com\/pharmaroad.hu\/wp-content\/uploads\/2020\/03\/PHR2.jpg?fit=1920%2C1282&#038;ssl=1\" data-title=\"PHR2\"><div class=\"bt_bb_grid_item_inner\" data-hw=\"0.6675\" ><div class=\"bt_bb_grid_item_inner_image\"><\/div><div class=\"bt_bb_grid_item_inner_content\"><\/div><\/div><\/div><div class=\"bt_bb_grid_item bt_bb_tile_format11\" data-hw=\"0.6675\" data-src=\"https:\/\/i0.wp.com\/pharmaroad.hu\/wp-content\/uploads\/2020\/03\/PHR3.jpg?fit=1200%2C801&#038;ssl=1\" data-src-full=\"https:\/\/i0.wp.com\/pharmaroad.hu\/wp-content\/uploads\/2020\/03\/PHR3.jpg?fit=1920%2C1282&#038;ssl=1\" data-title=\"PHR3\"><div class=\"bt_bb_grid_item_inner\" data-hw=\"0.6675\" ><div class=\"bt_bb_grid_item_inner_image\"><\/div><div class=\"bt_bb_grid_item_inner_content\"><\/div><\/div><\/div><div class=\"bt_bb_grid_item bt_bb_tile_format11\" data-hw=\"0.6675\" data-src=\"https:\/\/i0.wp.com\/pharmaroad.hu\/wp-content\/uploads\/2020\/03\/PHR5.jpg?fit=1200%2C801&#038;ssl=1\" data-src-full=\"https:\/\/i0.wp.com\/pharmaroad.hu\/wp-content\/uploads\/2020\/03\/PHR5.jpg?fit=1920%2C1282&#038;ssl=1\" data-title=\"PHR5\"><div class=\"bt_bb_grid_item_inner\" data-hw=\"0.6675\" ><div class=\"bt_bb_grid_item_inner_image\"><\/div><div class=\"bt_bb_grid_item_inner_content\"><\/div><\/div><\/div><div class=\"bt_bb_grid_item bt_bb_tile_format11\" data-hw=\"0.6675\" data-src=\"https:\/\/i0.wp.com\/pharmaroad.hu\/wp-content\/uploads\/2020\/03\/PHR6.jpg?fit=1200%2C801&#038;ssl=1\" data-src-full=\"https:\/\/i0.wp.com\/pharmaroad.hu\/wp-content\/uploads\/2020\/03\/PHR6.jpg?fit=1920%2C1282&#038;ssl=1\" data-title=\"PHR6\"><div class=\"bt_bb_grid_item_inner\" data-hw=\"0.6675\" ><div class=\"bt_bb_grid_item_inner_image\"><\/div><div class=\"bt_bb_grid_item_inner_content\"><\/div><\/div><\/div><\/div><\/div><div class=\"btClear btSeparator topSmallSpaced noBorder\" ><hr><\/div><\/div><\/div><div class=\"rowItem col-md-8 col-ms-12 btTextLeft animate animate-fadein inherit btDoublePadding\"  ><div class=\"rowItemContent\" ><div class=\"btClear btSeparator bottomSmallSpaced border\" ><hr><\/div><div class=\"btText\" ><\/p>\n<blockquote>\n<p style=\"text-align: justify;\"><em>\u2026besides the giant pharmaceutical wholesaling operators in Hungary, there is a substantial need in the local market for smaller-scale service providers offering more customer-centred services while preserving operational efficiency and cost-effectiveness. Our company strives to establish long-lasting and trust-based relationships that revolve around tailor made services, favourable price settings and mutually beneficial commercial structures \u2026<\/em><\/p>\n<\/blockquote>\n<p>\n<\/div><div class=\"btClear btSeparator bottomSmallSpaced border\" ><hr><\/div><div class=\"bt_bb_masonry_image_grid bt_bb_grid_container bt_bb_columns_2 bt_bb_gap_normal\" data-columns=\"2\"><div class=\"bt_bb_masonry_post_image_content\" data-columns=\"2\"><div class=\"bt_bb_grid_sizer\"><\/div><div class=\"bt_bb_grid_item bt_bb_tile_format11\" data-hw=\"0.6675\" data-src=\"https:\/\/i0.wp.com\/pharmaroad.hu\/wp-content\/uploads\/2020\/03\/PHR1.jpg?fit=1200%2C801&#038;ssl=1\" data-src-full=\"https:\/\/i0.wp.com\/pharmaroad.hu\/wp-content\/uploads\/2020\/03\/PHR1.jpg?fit=1920%2C1282&#038;ssl=1\" data-title=\"PHR1\"><div class=\"bt_bb_grid_item_inner\" data-hw=\"0.6675\" ><div class=\"bt_bb_grid_item_inner_image\"><\/div><div class=\"bt_bb_grid_item_inner_content\"><\/div><\/div><\/div><div class=\"bt_bb_grid_item bt_bb_tile_format11\" data-hw=\"0.6675\" data-src=\"https:\/\/i0.wp.com\/pharmaroad.hu\/wp-content\/uploads\/2020\/03\/PHR10.jpg?fit=1200%2C801&#038;ssl=1\" data-src-full=\"https:\/\/i0.wp.com\/pharmaroad.hu\/wp-content\/uploads\/2020\/03\/PHR10.jpg?fit=1920%2C1282&#038;ssl=1\" data-title=\"PHR10\"><div class=\"bt_bb_grid_item_inner\" data-hw=\"0.6675\" ><div class=\"bt_bb_grid_item_inner_image\"><\/div><div class=\"bt_bb_grid_item_inner_content\"><\/div><\/div><\/div><\/div><\/div><div class=\"btClear btSeparator bottomSmallSpaced border\" ><hr><\/div><div class=\"btText\" ><\/p>\n<p style=\"text-align: justify;\">A lakoss\u00e1gi gy\u00f3gyszer ell\u00e1t\u00e1si l\u00e1nc utols\u00f3 b\u00e1sty\u00e1i a gy\u00f3gyszert\u00e1rak. A gy\u00f3gyszert\u00e1ri m\u0171k\u00f6d\u00e9s megfelel\u0151 szakmai, kereskedelmi \u00e9s logisztikai t\u00e1mogat\u00e1sa \u00e9rdek\u00e9ben a gy\u00f3gyszer-nagykeresked\u0151kre \u00f6sszetett feladatok h\u00e1rulnak, amennyiben t\u00f6bb beszerz\u00e9si, sz\u00e1ll\u00edtm\u00e1nyoz\u00e1si \u00e9s min\u0151s\u00e9gbiztos\u00edt\u00e1si t\u00e9nyez\u0151nek kell egy id\u0151ben megfelelni\u00fck.\u00a0 Mindezt egy olyan \u00fczleti k\u00f6rnyezetben teszik, ahol az \u00e9rt\u00e9kes\u00edtett term\u00e9kek nagy r\u00e9sze hat\u00f3s\u00e1gi \u00e1rmeghat\u00e1roz\u00e1s al\u00e1 esik \u00e9s ebb\u0151l ad\u00f3d\u00f3an a hat\u00e9konys\u00e1g \u00e9s a m\u00e9retgazdas\u00e1goss\u00e1g a siker legmeghat\u00e1roz\u00f3bb t\u00e9nyez\u0151i.\u00a0 Mindemellett, a magyarorsz\u00e1gi piac nagyv\u00e1llalatok \u00e1ltal uralt saj\u00e1tos szerkezet\u00e9b\u0151l ad\u00f3d\u00f3an a versenyk\u00e9pess\u00e9g megszerz\u00e9se \u00e9s megtart\u00e1sa egy f\u00fcggetlen, kis- vagy k\u00f6z\u00e9pm\u00e9ret\u0171 v\u00e1llalat sz\u00e1m\u00e1ra m\u00e9g komolyabb kih\u00edv\u00e1s. A PHARMAROAD gy\u00f3gyszert\u00e1ri \u00fczlet\u00e1g\u00e1nak mott\u00f3ja, hogy a hazai gy\u00f3gyszer-nagykereskedelemben a nagyv\u00e1llalatok monoton m\u0171k\u00f6d\u00e9se mellett sz\u00fcks\u00e9g van emberarc\u00fa, a szem\u00e9lyes kapcsolatokra figyel\u0151, de hat\u00e9konyan \u00e9s pontosan m\u0171k\u00f6d\u0151, min\u0151s\u00e9gi kis- \u00e9s k\u00f6z\u00e9pv\u00e1llalatokra is. Hissz\u00fck, hogy nagyv\u00e1llalati partner\u00e9nek kieg\u00e9sz\u00edt\u00e9s\u00e9re v\u00e1llalatunk az el\u0151ny\u00f6s v\u00e1laszt\u00e1s minden Magyarorsz\u00e1gon m\u0171k\u00f6d\u0151 gy\u00f3gyszert\u00e1r sz\u00e1m\u00e1ra.<\/p>\n<p style=\"text-align: justify;\">Our company\u2019s ultimate strategy is to share the benefits of being a smaller and more flexible business operator with our pharmacy partners by offering individualized commercial constructions along with flexible, punctual and reliable services. Such personalized approach to pharmacy clients includes custom-made pricing schemes and delivery schedules as well as individually differentiated terms and conditions. We are committed to continuously expand our portfolio of services as a company in general and as a trusted supplier of over 250 pharmacies in particular.<\/p>\n<p style=\"text-align: justify;\">Our commitments to our current and future business partners inlcude:<\/p>\n<ul style=\"text-align: justify;\">\n<li>\u00a0 \u00a0 Tailor-made general commercial terms and conditions (payment terms, frequency of deliveries, etc.);<\/li>\n<li>\u00a0\u00a0\u00a0 Individualized incentive systems based on multiple factors (volume, product-mix, etc.);<\/li>\n<li>\u00a0\u00a0\u00a0 Quick, flexible and reliable handling of customer requests,<\/li>\n<li>\u00a0\u00a0\u00a0 BISNODE AAA, ISO 14001, ISO 50001 and ISO 50001 certified operations;<\/li>\n<\/ul>\n<p style=\"text-align: justify;\">Historically, our pharmacy supply division started its operations in 2012 servicing a handful of selected pharmacies in Budapest and Pest county only.  As a result of our attractive and individualized offers to potential clients; the number of our supplied pharmacies reached 250 by early 2019 and is constantly increasing.  Between 2018 and 2019, our geographical coverage within Hungary has substantially expanded as well. Currently, our trucks make daily deliveries to pharmacies in the city of Gy\u0151r and Budapest as well as the counties of Pest, Heves, N\u00f3gr\u00e1d, Borsod-Aba\u00faj-Zempl\u00e9n, Kom\u00e1rom-Esztergom, Tolna, Somogy, Baranya, Fej\u00e9r and B\u00e1cs-Kiskun. To the city of Szeged and the county of Hajdu- Bihar deliveries are made twice a week.<\/p>\n<p style=\"text-align: justify;\">As a prerequisite for a successfully operating pharmacy supply division, our company is in direct business relations with the most important manufacturers, marketing authorization holders and wholesalers in the Hungarian market. Our portfolio offered to pharmacies includes a variety of prescription and over-the-counter products, medical devices, nutritional supplements and a broad spectrum of controlled drugs (psychotropics and narcotics).  With this range of products, we can confidently cater for around 70% of all the required product needs for any pharmacy in Hungary.   At the same time, by contracting with newer and newer suppliers we continuously strive to further expand our portfolio.<\/p>\n<p style=\"text-align: justify;\">Azon gy\u00f3gyszert\u00e1ri parterek sz\u00e1m\u00e1ra, akik nyitottak arra, hogy egy kisebb \u00e9s rugalmasabb gy\u00f3gyszer-nagykeresked\u00e9st v\u00e1lasszanak els\u0151dleges besz\u00e1ll\u00edt\u00f3juknak, a PHARMAROAD kidolgozta a Partner Patika Programot.\u00a0 Ezen program, lehet\u0151s\u00e9get ny\u00fajt a r\u00e9sztvev\u0151 gy\u00f3gyszert\u00e1rak sz\u00e1m\u00e1ra, hogy kiakn\u00e1zz\u00e1k egy beszerz\u00e9si k\u00f6z\u00f6ss\u00e9g \u00e1ltal ny\u00fajtott gazdas\u00e1gi el\u0151ny\u00f6ket, an\u00e9lk\u00fcl, hogy m\u00e1s ter\u00fcleteken k\u00f6telezetts\u00e9geket kellene v\u00e1llalniuk \u00e9s elvesz\u00edten\u00e9k f\u00fcggetlens\u00e9g\u00fcket.\u00a0\u00a0 A r\u00e9sztvev\u0151 gy\u00f3gyszert\u00e1rak a programot t\u00e1mogat\u00f3 gy\u00e1rt\u00f3k \u00e9s forgalomba hozatali enged\u00e9ly jogosultak term\u00e9kei kapcs\u00e1n tudnak kiemelked\u0151en kedvez\u0151 beszerz\u00e9si felt\u00e9telekhez jutni.<\/p>\n<p style=\"text-align: justify;\"><strong>PATIKAI PARTNER PROGRAM<\/strong><\/p>\n<p style=\"text-align: justify;\">Az elm\u00falt \u00e9vek gy\u00f3gyszerpiaci trendjeinek v\u00e1ltoz\u00e1sa, a franchise programok terjeszked\u00e9se az \u00f6n\u00e1ll\u00f3, f\u00fcggetlen gy\u00f3gyszert\u00e1rakat h\u00e1tr\u00e1nyos helyzetbe hozta a gy\u00f3gyszerpiaci versenyben. A mellett, hogy a PHARMAROAD kedvez\u0151 \u00e1raival, egyedi konstrukci\u00f3j\u00fa kedvezm\u00e9nyek biztos\u00edt\u00e1s\u00e1val, mint megb\u00edzhat\u00f3, rugalmas, gy\u00f3gyszer-nagykereskedelmi sz\u00e1ll\u00edt\u00f3 egyre nagyobb teret kapott a f\u00fcggetlen gy\u00f3gyszert\u00e1rak \u00e9let\u00e9ben, c\u00e9lk\u00e9nt t\u0171zte ki, hogy seg\u00edti partnereit \u00f6n\u00e1ll\u00f3s\u00e1guk megtart\u00e1s\u00e1ban ez\u00e9rt h\u00edvta \u00e9letre Patikai Partner Programj\u00e1t.<\/p>\n<p style=\"text-align: justify;\">A program 10 prominens gy\u00e1rt\u00f3 r\u00e9szv\u00e9tel\u00e9vel, k\u00f6zel 500 term\u00e9k kedvez\u0151 beszerz\u00e9si lehet\u0151s\u00e9g\u00e9t biztos\u00edtja kombin\u00e1lt konstrukci\u00f3j\u00fa gy\u00e1rt\u00f3i egy\u00fcttm\u0171k\u00f6d\u00e9sek keret\u00e9ben a programban r\u00e9sztvev\u0151 gy\u00f3gyszert\u00e1rak r\u00e9sz\u00e9re. Partnereink informatikai \u00e9s marketing t\u00e1mogat\u00e1sban r\u00e9szes\u00fclnek, illetve a program folyamatainak nyomon k\u00f6vet\u00e9s\u00e9re komplex riporting rendszer \u00e1ll rendelkez\u00e9s\u00fckre.<\/p>\n<p style=\"text-align: justify;\"><strong><em>A program a kedvez\u0151 beszerz\u00e9si lehet\u0151s\u00e9gek ny\u00fajt\u00e1sa mellett a partnerek \u00f6n\u00e1ll\u00f3s\u00e1g\u00e1nak tiszteletben tart\u00e1s\u00e1t tartja legfontosabb c\u00e9lkit\u0171z\u00e9s\u00e9nek. <\/em><\/strong><\/p>\n<p style=\"text-align: justify;\">Az elm\u00falt \u00e9vekben, a programban aj\u00e1nlott kedvezm\u00e9nyszintek emelked\u00e9s\u00e9nek \u00e9s az informatikai fejleszt\u00e9seknek k\u00f6sz\u00f6nhet\u0151en a r\u00e9sztvev\u0151 gy\u00f3gyszert\u00e1ri \u00e9s gy\u00e1rt\u00f3i partnerek sz\u00e1ma fokozatosan n\u00f6vekedett.\u00a0 Napjainkban is folyamatos a fejl\u0151d\u00e9s, hiszen az \u00faj piaci kih\u00edv\u00e1sok \u00faj gondolatokat \u00e9bresztenek \u00e9s megoldand\u00f3 feladatokat jelentenek, melyeket a PHARMAROAD tud\u00e1s\u00e1val \u00e9s tapasztalat\u00e1val kezel \u00e9s gy\u00f3gyszert\u00e1ri partnerei szolg\u00e1lat\u00e1ba \u00e1ll\u00edt.<\/p>\n<h3><\/h3>\n<h3><\/h3>\n<h3><strong>Havi kereskedelmi akci\u00f3k<\/strong><\/h3>\n<p>A havonta szervezett kereskedelmi akci\u00f3ban az <a href=\"https:\/\/pharmaroad.hu\/wp-content\/uploads\/2025\/03\/Havi_plakatos_patikalista-2025.03.01-tol.pdf\">ebben a list\u00e1ban tal\u00e1lhat\u00f3 patik\u00e1k<\/a><strong>\u00a0<\/strong>vesznek r\u00e9szt.<\/p>\n<p>\n<\/div><div class=\"btClear btSeparator topSmallSpaced bottomSmallSpaced border\" ><hr><\/div><\/div><\/div><\/div><\/div><\/div><\/div><\/div><\/section><section id=\"bt_section69df4d31843b2\"  class=\"boldSection topSemiSpaced bottomSemiSpaced btDarkSkin gutter inherit btAleternateColorBackground\" ><div class=\"port\"><div class=\"boldCell\"><div class=\"boldCellInner\"><div class=\"boldRow\" ><div class=\"boldRowInner\"><div class=\"rowItem col-md-8 col-ms-12 btTextLeft animate animate-fadein animate-moveup btMiddleVertical\"  ><div class=\"rowItemContent\" ><header class=\"header btClear medium  btNormalDash\" ><div class=\"btSuperTitle\">We are constantly looking for talented individuals interested in joining our company<\/div><div class=\"dash\"><h3><span class=\"headline\">Join us<\/span><\/h3><\/div><\/header><\/div><\/div><div class=\"rowItem col-md-4 col-ms-12 btTextRight animate animate-fadein animate-moveup btMiddleVertical\"  ><div class=\"rowItemContent\" ><a href=\"https:\/\/pharmaroad.hu\/en\/karrier\/\" class=\"btBtn btBtn btnOutlineStyle btnLightColor btnSmall btnNormalWidth btnRightPosition btnNoIcon\" ><span class=\"btnInnerText\">Career<\/span><\/a><\/div><\/div><\/div><\/div><\/div><\/div><\/div><\/section><\/p>","protected":false},"excerpt":{"rendered":"","protected":false},"author":1,"featured_media":0,"parent":0,"menu_order":0,"comment_status":"closed","ping_status":"closed","template":"","meta":{"footnotes":""},"class_list":["post-1423","page","type-page","status-publish","hentry"],"yoast_head":"<!-- This site is optimized with the Yoast SEO plugin v26.0 - https:\/\/yoast.com\/wordpress\/plugins\/seo\/ -->\n<title>Gy\u00f3gyszert\u00e1ri \u00fczlet\u00e1g - Pharmaroad<\/title>\n<meta name=\"description\" content=\"V\u00e1llalatunk c\u00e9lja, patikai partnereinek rugalmas, pontos \u00e9s k\u00f6r\u00fcltekint\u0151 kiszolg\u00e1l\u00e1sa. Kedvez\u0151 \u00e1r k\u00e9pz\u00e9s, szem\u00e9lyre szabott szolg\u00e1ltat\u00e1sok.\" \/>\n<meta name=\"robots\" content=\"index, follow, max-snippet:-1, max-image-preview:large, max-video-preview:-1\" \/>\n<link rel=\"canonical\" href=\"https:\/\/pharmaroad.hu\/en\/gyogyszertariuzletag\/\" \/>\n<meta property=\"og:locale\" content=\"en_GB\" \/>\n<meta property=\"og:type\" content=\"article\" \/>\n<meta property=\"og:title\" content=\"Gy\u00f3gyszert\u00e1ri \u00fczlet\u00e1g - Pharmaroad\" \/>\n<meta property=\"og:description\" content=\"V\u00e1llalatunk c\u00e9lja, patikai partnereinek rugalmas, pontos \u00e9s k\u00f6r\u00fcltekint\u0151 kiszolg\u00e1l\u00e1sa. Kedvez\u0151 \u00e1r k\u00e9pz\u00e9s, szem\u00e9lyre szabott szolg\u00e1ltat\u00e1sok.\" \/>\n<meta property=\"og:url\" content=\"https:\/\/pharmaroad.hu\/en\/gyogyszertariuzletag\/\" \/>\n<meta property=\"og:site_name\" content=\"Pharmaroad\" \/>\n<meta property=\"article:modified_time\" content=\"2025-03-05T11:01:53+00:00\" \/>\n<meta name=\"twitter:card\" content=\"summary_large_image\" \/>\n<meta name=\"twitter:label1\" content=\"Estimated reading time\" \/>\n\t<meta name=\"twitter:data1\" content=\"4 minutes\" \/>\n<script type=\"application\/ld+json\" class=\"yoast-schema-graph\">{\"@context\":\"https:\/\/schema.org\",\"@graph\":[{\"@type\":\"WebPage\",\"@id\":\"https:\/\/pharmaroad.hu\/gyogyszertariuzletag\/\",\"url\":\"https:\/\/pharmaroad.hu\/gyogyszertariuzletag\/\",\"name\":\"Gy\u00f3gyszert\u00e1ri \u00fczlet\u00e1g - Pharmaroad\",\"isPartOf\":{\"@id\":\"https:\/\/pharmaroad.hu\/#website\"},\"datePublished\":\"2020-02-03T08:58:14+00:00\",\"dateModified\":\"2025-03-05T11:01:53+00:00\",\"description\":\"V\u00e1llalatunk c\u00e9lja, patikai partnereinek rugalmas, pontos \u00e9s k\u00f6r\u00fcltekint\u0151 kiszolg\u00e1l\u00e1sa. Kedvez\u0151 \u00e1r k\u00e9pz\u00e9s, szem\u00e9lyre szabott szolg\u00e1ltat\u00e1sok.\",\"breadcrumb\":{\"@id\":\"https:\/\/pharmaroad.hu\/gyogyszertariuzletag\/#breadcrumb\"},\"inLanguage\":\"en-GB\",\"potentialAction\":[{\"@type\":\"ReadAction\",\"target\":[\"https:\/\/pharmaroad.hu\/gyogyszertariuzletag\/\"]}]},{\"@type\":\"BreadcrumbList\",\"@id\":\"https:\/\/pharmaroad.hu\/gyogyszertariuzletag\/#breadcrumb\",\"itemListElement\":[{\"@type\":\"ListItem\",\"position\":1,\"name\":\"Home\",\"item\":\"https:\/\/pharmaroad.hu\/\"},{\"@type\":\"ListItem\",\"position\":2,\"name\":\"Gy\u00f3gyszert\u00e1ri \u00fczlet\u00e1g\"}]},{\"@type\":\"WebSite\",\"@id\":\"https:\/\/pharmaroad.hu\/#website\",\"url\":\"https:\/\/pharmaroad.hu\/\",\"name\":\"Pharmaroad\",\"description\":\"\u00dat a gy\u00f3gy\u00edt\u00e1shoz\",\"publisher\":{\"@id\":\"https:\/\/pharmaroad.hu\/#organization\"},\"potentialAction\":[{\"@type\":\"SearchAction\",\"target\":{\"@type\":\"EntryPoint\",\"urlTemplate\":\"https:\/\/pharmaroad.hu\/?s={search_term_string}\"},\"query-input\":{\"@type\":\"PropertyValueSpecification\",\"valueRequired\":true,\"valueName\":\"search_term_string\"}}],\"inLanguage\":\"en-GB\"},{\"@type\":\"Organization\",\"@id\":\"https:\/\/pharmaroad.hu\/#organization\",\"name\":\"Pharmaroad\",\"url\":\"https:\/\/pharmaroad.hu\/\",\"logo\":{\"@type\":\"ImageObject\",\"inLanguage\":\"en-GB\",\"@id\":\"https:\/\/pharmaroad.hu\/#\/schema\/logo\/image\/\",\"url\":\"https:\/\/i0.wp.com\/pharmaroad.hu\/wp-content\/uploads\/2020\/03\/pharmaroadlogo.png?fit=978%2C678&ssl=1\",\"contentUrl\":\"https:\/\/i0.wp.com\/pharmaroad.hu\/wp-content\/uploads\/2020\/03\/pharmaroadlogo.png?fit=978%2C678&ssl=1\",\"width\":978,\"height\":678,\"caption\":\"Pharmaroad\"},\"image\":{\"@id\":\"https:\/\/pharmaroad.hu\/#\/schema\/logo\/image\/\"}}]}<\/script>\n<!-- \/ Yoast SEO plugin. -->","yoast_head_json":{"title":"Gy\u00f3gyszert\u00e1ri \u00fczlet\u00e1g - Pharmaroad","description":"V\u00e1llalatunk c\u00e9lja, patikai partnereinek rugalmas, pontos \u00e9s k\u00f6r\u00fcltekint\u0151 kiszolg\u00e1l\u00e1sa. Kedvez\u0151 \u00e1r k\u00e9pz\u00e9s, szem\u00e9lyre szabott szolg\u00e1ltat\u00e1sok.","robots":{"index":"index","follow":"follow","max-snippet":"max-snippet:-1","max-image-preview":"max-image-preview:large","max-video-preview":"max-video-preview:-1"},"canonical":"https:\/\/pharmaroad.hu\/en\/gyogyszertariuzletag\/","og_locale":"en_GB","og_type":"article","og_title":"Gy\u00f3gyszert\u00e1ri \u00fczlet\u00e1g - Pharmaroad","og_description":"V\u00e1llalatunk c\u00e9lja, patikai partnereinek rugalmas, pontos \u00e9s k\u00f6r\u00fcltekint\u0151 kiszolg\u00e1l\u00e1sa. Kedvez\u0151 \u00e1r k\u00e9pz\u00e9s, szem\u00e9lyre szabott szolg\u00e1ltat\u00e1sok.","og_url":"https:\/\/pharmaroad.hu\/en\/gyogyszertariuzletag\/","og_site_name":"Pharmaroad","article_modified_time":"2025-03-05T11:01:53+00:00","twitter_card":"summary_large_image","twitter_misc":{"Estimated reading time":"4 minutes"},"schema":{"@context":"https:\/\/schema.org","@graph":[{"@type":"WebPage","@id":"https:\/\/pharmaroad.hu\/gyogyszertariuzletag\/","url":"https:\/\/pharmaroad.hu\/gyogyszertariuzletag\/","name":"Gy\u00f3gyszert\u00e1ri \u00fczlet\u00e1g - Pharmaroad","isPartOf":{"@id":"https:\/\/pharmaroad.hu\/#website"},"datePublished":"2020-02-03T08:58:14+00:00","dateModified":"2025-03-05T11:01:53+00:00","description":"V\u00e1llalatunk c\u00e9lja, patikai partnereinek rugalmas, pontos \u00e9s k\u00f6r\u00fcltekint\u0151 kiszolg\u00e1l\u00e1sa. Kedvez\u0151 \u00e1r k\u00e9pz\u00e9s, szem\u00e9lyre szabott szolg\u00e1ltat\u00e1sok.","breadcrumb":{"@id":"https:\/\/pharmaroad.hu\/gyogyszertariuzletag\/#breadcrumb"},"inLanguage":"en-GB","potentialAction":[{"@type":"ReadAction","target":["https:\/\/pharmaroad.hu\/gyogyszertariuzletag\/"]}]},{"@type":"BreadcrumbList","@id":"https:\/\/pharmaroad.hu\/gyogyszertariuzletag\/#breadcrumb","itemListElement":[{"@type":"ListItem","position":1,"name":"Home","item":"https:\/\/pharmaroad.hu\/"},{"@type":"ListItem","position":2,"name":"Gy\u00f3gyszert\u00e1ri \u00fczlet\u00e1g"}]},{"@type":"WebSite","@id":"https:\/\/pharmaroad.hu\/#website","url":"https:\/\/pharmaroad.hu\/","name":"Pharmaroad","description":"\u00dat a gy\u00f3gy\u00edt\u00e1shoz","publisher":{"@id":"https:\/\/pharmaroad.hu\/#organization"},"potentialAction":[{"@type":"SearchAction","target":{"@type":"EntryPoint","urlTemplate":"https:\/\/pharmaroad.hu\/?s={search_term_string}"},"query-input":{"@type":"PropertyValueSpecification","valueRequired":true,"valueName":"search_term_string"}}],"inLanguage":"en-GB"},{"@type":"Organization","@id":"https:\/\/pharmaroad.hu\/#organization","name":"Pharmaroad","url":"https:\/\/pharmaroad.hu\/","logo":{"@type":"ImageObject","inLanguage":"en-GB","@id":"https:\/\/pharmaroad.hu\/#\/schema\/logo\/image\/","url":"https:\/\/i0.wp.com\/pharmaroad.hu\/wp-content\/uploads\/2020\/03\/pharmaroadlogo.png?fit=978%2C678&ssl=1","contentUrl":"https:\/\/i0.wp.com\/pharmaroad.hu\/wp-content\/uploads\/2020\/03\/pharmaroadlogo.png?fit=978%2C678&ssl=1","width":978,"height":678,"caption":"Pharmaroad"},"image":{"@id":"https:\/\/pharmaroad.hu\/#\/schema\/logo\/image\/"}}]}},"jetpack_sharing_enabled":true,"_links":{"self":[{"href":"https:\/\/pharmaroad.hu\/en\/wp-json\/wp\/v2\/pages\/1423","targetHints":{"allow":["GET"]}}],"collection":[{"href":"https:\/\/pharmaroad.hu\/en\/wp-json\/wp\/v2\/pages"}],"about":[{"href":"https:\/\/pharmaroad.hu\/en\/wp-json\/wp\/v2\/types\/page"}],"author":[{"embeddable":true,"href":"https:\/\/pharmaroad.hu\/en\/wp-json\/wp\/v2\/users\/1"}],"replies":[{"embeddable":true,"href":"https:\/\/pharmaroad.hu\/en\/wp-json\/wp\/v2\/comments?post=1423"}],"version-history":[{"count":120,"href":"https:\/\/pharmaroad.hu\/en\/wp-json\/wp\/v2\/pages\/1423\/revisions"}],"predecessor-version":[{"id":13619,"href":"https:\/\/pharmaroad.hu\/en\/wp-json\/wp\/v2\/pages\/1423\/revisions\/13619"}],"wp:attachment":[{"href":"https:\/\/pharmaroad.hu\/en\/wp-json\/wp\/v2\/media?parent=1423"}],"curies":[{"name":"wp","href":"https:\/\/api.w.org\/{rel}","templated":true}]}}